{"id":2298,"date":"2021-03-10T16:14:23","date_gmt":"2021-03-10T08:14:23","guid":{"rendered":"https:\/\/avecobaggie.com\/?post_type=product&#038;p=2298"},"modified":"2021-03-24T11:13:48","modified_gmt":"2021-03-24T03:13:48","slug":"large-canvas-net-shopping-bag","status":"publish","type":"product","link":"https:\/\/avecobaggie.com\/pt\/produto\/large-canvas-net-shopping-bag\/","title":{"rendered":"Saco de compras grande em rede de lona"},"content":{"rendered":"<p>Aveco mainly wholesale and manufacturer all kinds of\u00a0 eco friendly material based bags\u00a0 with one stop shop solution service. Our\u00a0 bags are durable, high quality and affordable to meet different purposes. All the materials we use are eco-friendly including cotton, canvas, linen, jute, felt etc. we can make totes ,drawstring bag, backpack, duffel bag, hand bag, zipper bag, shoulder bag and all the other bags that you want to make.and If you are looking to make bags with your private label brand or promotional events, then we can serve your bulk needs with quite a low MOQ and fast delivery.<\/p>\n<p>CARACTER\u00cdSTICAS DO PRODUTO<\/p>\n<p>This shopping bag is splicing with canvas and mesh ,the canvas bottom make it more durable, which can load heavier weight.the sewing of splicing part is double stitched, you don&#8217;t have to worry since they are strong enough.The mesh cover the most part, with big holes mesh ,So you can see through easily for what is inside, it&#8217;s fashionable to have a shopping bag like that everyday.<\/p>\n<p>Regarding to OEM, we offer you different solutions, you can change the colors ,or a specific color with pantone code, you can change the material but with just same bag style, you can also add some extra accessories to make your bags\u00a0 multi function.<\/p>\n<p>Regarding to the packing, you can design your own or we also have several packing solutions.with individual compostable bags or recycled craft paper box.<\/p>\n<ul>\n<li><strong>Estilo do saco<\/strong>: Mesh Totes<\/li>\n<li><strong>Tipo de material<\/strong>: Tela<\/li>\n<li><strong>Material Peso<\/strong>: 8oz \/ podemos tamb\u00e9m fazer outras espessuras de acordo com o seu pedido, <a href=\"https:\/\/avecobaggie.com\/pt\/custom-solutions\/\">Clique para ver a tabela de peso do tecido<\/a><\/li>\n<li><strong>Cor do material<\/strong>: Beige | white | black<\/li>\n<li><strong>Tamanho do saco<\/strong>: 33X38x14CM ( list with standard size, we accept customized size bag \uff09<\/li>\n<li><strong>\u00c1rea de impress\u00e3o<\/strong>: 1 cor | 2 cores | mais cores| Impress\u00e3o completa, impress\u00e3o de um lado ou dois lados<\/li>\n<li><strong>Encerramento<\/strong>: Aberto<\/li>\n<li><strong>Instru\u00e7\u00f5es de manuten\u00e7\u00e3o<\/strong>: Recomenda-se a lavagem \u00e0 m\u00e3o, a lavagem \u00e0 m\u00e1quina tamb\u00e9m \u00e9 aceit\u00e1vel, pendurar a secar.<\/li>\n<\/ul>\n<p><strong>Notas:Para o tecido de algod\u00e3o, haver\u00e1 um ligeiro encolhimento ap\u00f3s a lavagem<\/strong><\/p>","protected":false},"excerpt":{"rendered":"<p>Splicing with canvas and mesh ,the bag is more fashionable and durable, and can load more weight.The see through mesh make the bag stand out among competitors.<\/p>","protected":false},"featured_media":2299,"comment_status":"open","ping_status":"closed","template":"","meta":{"_seopress_robots_primary_cat":"none","_seopress_titles_title":"","_seopress_titles_desc":"","_seopress_robots_index":""},"product_brand":[],"product_cat":[96,102,109],"product_tag":[],"class_list":{"0":"post-2298","1":"product","2":"type-product","3":"status-publish","4":"has-post-thumbnail","6":"product_cat-mesh-bag","7":"product_cat-cotton-canvas-bag","8":"product_cat-everyday","10":"first","11":"instock","12":"taxable","13":"shipping-taxable","14":"product-type-simple"},"_links":{"self":[{"href":"https:\/\/avecobaggie.com\/pt\/wp-json\/wp\/v2\/product\/2298","targetHints":{"allow":["GET"]}}],"collection":[{"href":"https:\/\/avecobaggie.com\/pt\/wp-json\/wp\/v2\/product"}],"about":[{"href":"https:\/\/avecobaggie.com\/pt\/wp-json\/wp\/v2\/types\/product"}],"replies":[{"embeddable":true,"href":"https:\/\/avecobaggie.com\/pt\/wp-json\/wp\/v2\/comments?post=2298"}],"wp:featuredmedia":[{"embeddable":true,"href":"https:\/\/avecobaggie.com\/pt\/wp-json\/wp\/v2\/media\/2299"}],"wp:attachment":[{"href":"https:\/\/avecobaggie.com\/pt\/wp-json\/wp\/v2\/media?parent=2298"}],"wp:term":[{"taxonomy":"product_brand","embeddable":true,"href":"https:\/\/avecobaggie.com\/pt\/wp-json\/wp\/v2\/product_brand?post=2298"},{"taxonomy":"product_cat","embeddable":true,"href":"https:\/\/avecobaggie.com\/pt\/wp-json\/wp\/v2\/product_cat?post=2298"},{"taxonomy":"product_tag","embeddable":true,"href":"https:\/\/avecobaggie.com\/pt\/wp-json\/wp\/v2\/product_tag?post=2298"}],"curies":[{"name":"wp","href":"https:\/\/api.w.org\/{rel}","templated":true}]}}