{"id":2304,"date":"2021-03-10T16:28:48","date_gmt":"2021-03-10T08:28:48","guid":{"rendered":"https:\/\/avecobaggie.com\/?post_type=product&#038;p=2304"},"modified":"2021-03-24T13:59:50","modified_gmt":"2021-03-24T05:59:50","slug":"creative-coffee-cup-canvas-sleeve","status":"publish","type":"product","link":"https:\/\/avecobaggie.com\/pt\/produto\/creative-coffee-cup-canvas-sleeve\/","title":{"rendered":"Capa de lona para ch\u00e1vena de caf\u00e9 criativa"},"content":{"rendered":"<p>A Aveco Company n\u00e3o s\u00f3 fabrica diferentes tipos de sacos ecol\u00f3gicos, como tamb\u00e9m pode fabricar produtos relacionados com sacos, tais como mangas, avental. Agora, a ch\u00e1vena de caf\u00e9 e o ch\u00e1 com leite s\u00e3o bastante populares, as pessoas gostam de os levar em viagem, mas encontrar a melhor forma de os transportar \u00e9 muito importante, temos de nos certificar de que n\u00e3o se derramam e que tamb\u00e9m s\u00e3o f\u00e1ceis de transportar.<\/p>\n<p>A manga de lona resolve este problema, a manga n\u00e3o s\u00f3 pode funcionar como uma banda resistente ao calor, como a al\u00e7a longa tamb\u00e9m \u00e9 f\u00e1cil de transportar. Al\u00e9m disso, no meio pode imprimir o log\u00f3tipo da sua marca para expandir a sua notoriedade.<\/p>\n<p>CARACTER\u00cdSTICAS DO PRODUTO<\/p>\n<ul>\n<li><strong>Estilo do saco<\/strong>: manga da ch\u00e1vena.<\/li>\n<li><strong>Tipo de material<\/strong>: Tela<\/li>\n<li><strong>Material Peso<\/strong>: 8oz \/ podemos tamb\u00e9m fazer outras espessuras de acordo com o seu pedido, <a href=\"https:\/\/avecobaggie.com\/pt\/custom-solutions\/\">Clique para ver a tabela de peso do tecido<\/a><\/li>\n<li><strong>Cor do material<\/strong>: Bege natural<\/li>\n<li><strong>Tamanho do saco<\/strong>: 10X17CM (lista com tamanho padr\u00e3o, aceitamos saco de tamanho personalizado \uff09<\/li>\n<li><strong>\u00c1rea de impress\u00e3o<\/strong>: 1 cor | 2 cores | mais cores| Impress\u00e3o completa, impress\u00e3o de um lado ou dois lados<\/li>\n<li><strong>Encerramento<\/strong>: Aberto<\/li>\n<li><strong>Instru\u00e7\u00f5es de manuten\u00e7\u00e3o<\/strong>: Recomenda-se a lavagem \u00e0 m\u00e3o, a lavagem \u00e0 m\u00e1quina tamb\u00e9m \u00e9 aceit\u00e1vel, pendurar a secar.<\/li>\n<\/ul>\n<p><strong>Notas:Para o tecido de algod\u00e3o, haver\u00e1 um ligeiro encolhimento ap\u00f3s a lavagem<\/strong><\/p>","protected":false},"excerpt":{"rendered":"<p>Manga criativa para resist\u00eancia ao calor, al\u00e7as longas f\u00e1ceis de transportar.<\/p>","protected":false},"featured_media":2305,"comment_status":"open","ping_status":"closed","template":"","meta":{"_seopress_robots_primary_cat":"none","_seopress_titles_title":"","_seopress_titles_desc":"","_seopress_robots_index":""},"product_brand":[],"product_cat":[100,109],"product_tag":[],"class_list":{"0":"post-2304","1":"product","2":"type-product","3":"status-publish","4":"has-post-thumbnail","6":"product_cat-other-creative-bag","7":"product_cat-everyday","9":"first","10":"instock","11":"taxable","12":"shipping-taxable","13":"product-type-simple"},"_links":{"self":[{"href":"https:\/\/avecobaggie.com\/pt\/wp-json\/wp\/v2\/product\/2304","targetHints":{"allow":["GET"]}}],"collection":[{"href":"https:\/\/avecobaggie.com\/pt\/wp-json\/wp\/v2\/product"}],"about":[{"href":"https:\/\/avecobaggie.com\/pt\/wp-json\/wp\/v2\/types\/product"}],"replies":[{"embeddable":true,"href":"https:\/\/avecobaggie.com\/pt\/wp-json\/wp\/v2\/comments?post=2304"}],"wp:featuredmedia":[{"embeddable":true,"href":"https:\/\/avecobaggie.com\/pt\/wp-json\/wp\/v2\/media\/2305"}],"wp:attachment":[{"href":"https:\/\/avecobaggie.com\/pt\/wp-json\/wp\/v2\/media?parent=2304"}],"wp:term":[{"taxonomy":"product_brand","embeddable":true,"href":"https:\/\/avecobaggie.com\/pt\/wp-json\/wp\/v2\/product_brand?post=2304"},{"taxonomy":"product_cat","embeddable":true,"href":"https:\/\/avecobaggie.com\/pt\/wp-json\/wp\/v2\/product_cat?post=2304"},{"taxonomy":"product_tag","embeddable":true,"href":"https:\/\/avecobaggie.com\/pt\/wp-json\/wp\/v2\/product_tag?post=2304"}],"curies":[{"name":"wp","href":"https:\/\/api.w.org\/{rel}","templated":true}]}}