{"id":2351,"date":"2021-03-12T15:16:40","date_gmt":"2021-03-12T07:16:40","guid":{"rendered":"https:\/\/avecobaggie.com\/?post_type=product&#038;p=2351"},"modified":"2021-03-30T10:36:30","modified_gmt":"2021-03-30T02:36:30","slug":"portable-best-insulated-cooler-bag","status":"publish","type":"product","link":"https:\/\/avecobaggie.com\/pt\/produto\/portable-best-insulated-cooler-bag\/","title":{"rendered":"Saco isot\u00e9rmico port\u00e1til Best Insulated Cooler Bag"},"content":{"rendered":"<p>A empresa Aveco fabrica principalmente e OEM para diferentes tipos de sacos ecol\u00f3gicos com um servi\u00e7o de solu\u00e7\u00e3o de balc\u00e3o \u00fanico. Os nossos sacos s\u00e3o dur\u00e1veis, de alta qualidade e acess\u00edveis para satisfazer diferentes objectivos.<\/p>\n<p>Todos os materiais que utilizamos s\u00e3o amigos do ambiente, incluindo algod\u00e3o, lona, linho, juta, feltro, etc. Se pretende fabricar sacos com a sua marca privada ou para eventos promocionais, podemos satisfazer as suas necessidades a granel com um MOQ bastante baixo e uma entrega r\u00e1pida.<\/p>\n<p>Para este saco t\u00e9rmico port\u00e1til \u00e9 concebido com um tamanho maior, o exterior \u00e9 o material n\u00e3o tecido, o interior \u00e9 a folha de alum\u00ednio, para o material exterior, tamb\u00e9m pode ter um pedido personalizado noutros materiais como RPET, oxford, poli\u00e9ster ou lona. as correias tamb\u00e9m podem ser OEM com uma vers\u00e3o mais longa, ou mudando para uma correia com cor lisa, ou mesmo com letra impressa ou tecida.<\/p>\n<p>O MOQ para estes sacos \u00e9 de 500 unidades.<\/p>\n<h5><span style=\"color: #333333;\">CARACTER\u00cdSTICAS DO PRODUTO\u00a0<\/span><\/h5>\n<ul>\n<li><strong>Estilo do saco<\/strong>: Saco de refrigera\u00e7\u00e3o<\/li>\n<li><strong>Tipo de material<\/strong>: N\u00e3o tecido com folha de alum\u00ednio<\/li>\n<li><strong>Material Peso<\/strong>: 70g \/ podemos tamb\u00e9m fazer outras espessuras de acordo com o seu pedido,<\/li>\n<li><strong>Cor do material<\/strong>: Amarelo<\/li>\n<li><strong>Tamanho do saco<\/strong>: 32X18X16CM (lista com tamanho padr\u00e3o, aceitamos saco de tamanho personalizado \uff09<\/li>\n<li><strong>\u00c1rea de impress\u00e3o<\/strong>: 1 cor | 2 cores | mais cores| Impress\u00e3o completa, impress\u00e3o de um lado ou dois lados<\/li>\n<li><strong>Encerramento<\/strong>: Com fecho de correr<\/li>\n<li><strong>Instru\u00e7\u00f5es de manuten\u00e7\u00e3o<\/strong>: Recomenda-se a lavagem \u00e0 m\u00e3o, a lavagem \u00e0 m\u00e1quina tamb\u00e9m \u00e9 aceit\u00e1vel, pendurar a secar.<\/li>\n<\/ul>\n<p>Antes de decidir fazer o saco t\u00e9rmico, h\u00e1 algo que deve saber<\/p>\n<p>&nbsp;<\/p>\n<p>&nbsp;<\/p>","protected":false},"excerpt":{"rendered":"<p>Este saco t\u00e9rmico isolado \u00e9 suficientemente grande para viajar, os materiais n\u00e3o tecidos no exterior podem personalizar a cor pura ou o padr\u00e3o, no interior a folha de alum\u00ednio mant\u00e9m-se quente.<\/p>","protected":false},"featured_media":2352,"comment_status":"open","ping_status":"closed","template":"","meta":{"_seopress_robots_primary_cat":"none","_seopress_titles_title":"%%post_title%% %%sep%% OEM %%sep%% %%sitetitle%%","_seopress_titles_desc":"","_seopress_robots_index":""},"product_brand":[],"product_cat":[30,105,110],"product_tag":[],"class_list":{"0":"post-2351","1":"product","2":"type-product","3":"status-publish","4":"has-post-thumbnail","6":"product_cat-cooler-bag","7":"product_cat-non-woven-bag","8":"product_cat-travel","10":"first","11":"instock","12":"taxable","13":"shipping-taxable","14":"product-type-simple"},"_links":{"self":[{"href":"https:\/\/avecobaggie.com\/pt\/wp-json\/wp\/v2\/product\/2351","targetHints":{"allow":["GET"]}}],"collection":[{"href":"https:\/\/avecobaggie.com\/pt\/wp-json\/wp\/v2\/product"}],"about":[{"href":"https:\/\/avecobaggie.com\/pt\/wp-json\/wp\/v2\/types\/product"}],"replies":[{"embeddable":true,"href":"https:\/\/avecobaggie.com\/pt\/wp-json\/wp\/v2\/comments?post=2351"}],"wp:featuredmedia":[{"embeddable":true,"href":"https:\/\/avecobaggie.com\/pt\/wp-json\/wp\/v2\/media\/2352"}],"wp:attachment":[{"href":"https:\/\/avecobaggie.com\/pt\/wp-json\/wp\/v2\/media?parent=2351"}],"wp:term":[{"taxonomy":"product_brand","embeddable":true,"href":"https:\/\/avecobaggie.com\/pt\/wp-json\/wp\/v2\/product_brand?post=2351"},{"taxonomy":"product_cat","embeddable":true,"href":"https:\/\/avecobaggie.com\/pt\/wp-json\/wp\/v2\/product_cat?post=2351"},{"taxonomy":"product_tag","embeddable":true,"href":"https:\/\/avecobaggie.com\/pt\/wp-json\/wp\/v2\/product_tag?post=2351"}],"curies":[{"name":"wp","href":"https:\/\/api.w.org\/{rel}","templated":true}]}}