{"id":2539,"date":"2021-03-16T09:43:43","date_gmt":"2021-03-16T01:43:43","guid":{"rendered":"https:\/\/avecobaggie.com\/?post_type=product&#038;p=2539"},"modified":"2021-03-30T10:18:54","modified_gmt":"2021-03-30T02:18:54","slug":"thermal-women-lunch-bag-small","status":"publish","type":"product","link":"https:\/\/avecobaggie.com\/pt\/produto\/thermal-women-lunch-bag-small\/","title":{"rendered":"Saco de almo\u00e7o t\u00e9rmico para mulher Pequeno"},"content":{"rendered":"<p>Aveco mainly provide customized eco bags with one stop shop solution service. Our\u00a0 bags are durable, high quality and affordable to meet different purposes. All the materials we use are eco-friendly including cotton, canvas, linen, jute, felt ,oxford ,etc. and If you are looking to make bags with your private label brand or promotional events, then we can serve your bulk needs with quite a low MOQ and fast delivery.<\/p>\n<p>If you want to start with bland bags and do the DIY business, you can also click <a href=\"https:\/\/avecobaggie.com\/pt\/categoria-produto\/bags-in-stock\/\">bags in stock<\/a> to check and also request for a catalogue which has more designs covered there.<\/p>\n<p>The cooler bag we made can meet different requirements, Both the liner and the outside material can change, the thickness or the Materials,The outside materials can be non-woven, rpet, polyester and other requested materials.<\/p>\n<p>CARACTER\u00cdSTICAS DO PRODUTO<\/p>\n<ul>\n<li><strong>Estilo do saco<\/strong>: thermal lunch bag<\/li>\n<li><strong>Tipo de material<\/strong>: Oxford cloth<\/li>\n<li><strong>Material Peso<\/strong>:\u00a0 600D<\/li>\n<li><strong>Cor do material<\/strong>: Cor<\/li>\n<li><strong>Tamanho do saco<\/strong>: 24X13X19CM ( list with standard size, we accept customized size bag \uff09<\/li>\n<li><strong>\u00c1rea de impress\u00e3o<\/strong>: 1 cor | 2 cores | mais cores| Impress\u00e3o completa, impress\u00e3o de um lado ou dois lados<\/li>\n<li><strong>Encerramento<\/strong>: Com fecho de correr<\/li>\n<li><strong>Instru\u00e7\u00f5es de manuten\u00e7\u00e3o<\/strong>: Recomenda-se a lavagem \u00e0 m\u00e3o, a lavagem \u00e0 m\u00e1quina tamb\u00e9m \u00e9 aceit\u00e1vel, pendurar a secar.<\/li>\n<\/ul>\n<p>&nbsp;<\/p>","protected":false},"excerpt":{"rendered":"<p>Small ,Compact, lightweight, with nice pattern.This bag is aiming at women market.<\/p>","protected":false},"featured_media":2543,"comment_status":"open","ping_status":"closed","template":"","meta":{"_seopress_robots_primary_cat":"none","_seopress_titles_title":"","_seopress_titles_desc":"","_seopress_robots_index":""},"product_brand":[],"product_cat":[106,108,109],"product_tag":[130],"class_list":{"0":"post-2539","1":"product","2":"type-product","3":"status-publish","4":"has-post-thumbnail","6":"product_cat-oxford-bag","7":"product_cat-work-school","8":"product_cat-everyday","9":"product_tag-lunch-bag","11":"first","12":"instock","13":"taxable","14":"shipping-taxable","15":"product-type-simple"},"_links":{"self":[{"href":"https:\/\/avecobaggie.com\/pt\/wp-json\/wp\/v2\/product\/2539","targetHints":{"allow":["GET"]}}],"collection":[{"href":"https:\/\/avecobaggie.com\/pt\/wp-json\/wp\/v2\/product"}],"about":[{"href":"https:\/\/avecobaggie.com\/pt\/wp-json\/wp\/v2\/types\/product"}],"replies":[{"embeddable":true,"href":"https:\/\/avecobaggie.com\/pt\/wp-json\/wp\/v2\/comments?post=2539"}],"wp:featuredmedia":[{"embeddable":true,"href":"https:\/\/avecobaggie.com\/pt\/wp-json\/wp\/v2\/media\/2543"}],"wp:attachment":[{"href":"https:\/\/avecobaggie.com\/pt\/wp-json\/wp\/v2\/media?parent=2539"}],"wp:term":[{"taxonomy":"product_brand","embeddable":true,"href":"https:\/\/avecobaggie.com\/pt\/wp-json\/wp\/v2\/product_brand?post=2539"},{"taxonomy":"product_cat","embeddable":true,"href":"https:\/\/avecobaggie.com\/pt\/wp-json\/wp\/v2\/product_cat?post=2539"},{"taxonomy":"product_tag","embeddable":true,"href":"https:\/\/avecobaggie.com\/pt\/wp-json\/wp\/v2\/product_tag?post=2539"}],"curies":[{"name":"wp","href":"https:\/\/api.w.org\/{rel}","templated":true}]}}