{"id":2550,"date":"2021-03-16T10:36:36","date_gmt":"2021-03-16T02:36:36","guid":{"rendered":"https:\/\/avecobaggie.com\/?post_type=product&#038;p=2550"},"modified":"2021-03-30T10:32:45","modified_gmt":"2021-03-30T02:32:45","slug":"white-canvas-insulated-lunch-bag","status":"publish","type":"product","link":"https:\/\/avecobaggie.com\/pt\/produto\/white-canvas-insulated-lunch-bag\/","title":{"rendered":"Saco de lanche isolado em lona branca"},"content":{"rendered":"<p>Aveco company mainly provide customized eco tote bags with one stop shop solution service. Our\u00a0 bags are durable, high quality and affordable to meet different purposes. All the materials we use are eco-friendly including cotton, canvas, linen, jute, felt etc. and If you are looking to make bags with your private label brand or promotional events, then we can serve your bulk needs with quite a low MOQ and fast delivery.<\/p>\n<h4 class=\"p1\"><span style=\"color: #333333;\">Carater\u00edsticas do produto<\/span><\/h4>\n<ul>\n<li><strong>Estilo do saco<\/strong>: lunch bag<\/li>\n<li><strong>Tipo de material<\/strong>: algod\u00e3o<\/li>\n<li><strong>Material Peso<\/strong>:  12oz \/ tamb\u00e9m podemos fazer outras espessuras de acordo com o seu pedido, <a href=\"https:\/\/avecobaggie.com\/pt\/custom-solutions\/\">Clique para ver a tabela de peso do tecido<\/a><\/li>\n<li><strong>Cor do material<\/strong>: Bege natural<\/li>\n<li><strong>Tamanho do saco<\/strong>: 22X24.5X16CM ( list with standard size, we accept customized size bag \uff09<\/li>\n<li><strong>\u00c1rea de impress\u00e3o<\/strong>: 1 cor | 2 cores | mais cores| Impress\u00e3o completa, impress\u00e3o de um lado ou dois lados<\/li>\n<li><strong>Encerramento<\/strong>: With magnet<\/li>\n<li><strong>Instru\u00e7\u00f5es de manuten\u00e7\u00e3o<\/strong>: Recomenda-se a lavagem \u00e0 m\u00e3o, a lavagem \u00e0 m\u00e1quina tamb\u00e9m \u00e9 aceit\u00e1vel, pendurar a secar.<\/li>\n<\/ul>\n<p><strong>Notas:Para o tecido de algod\u00e3o, haver\u00e1 um ligeiro encolhimento ap\u00f3s a lavagem<\/strong><\/p>","protected":false},"excerpt":{"rendered":"<p>This bag is made of canvas, no liners, so it is not thermal<\/p>","protected":false},"featured_media":2551,"comment_status":"open","ping_status":"closed","template":"","meta":{"_seopress_robots_primary_cat":"none","_seopress_titles_title":"%%post_title%% - OEM &amp; ODM - Avecobaggie","_seopress_titles_desc":"","_seopress_robots_index":""},"product_brand":[],"product_cat":[102,108,109],"product_tag":[130],"class_list":{"0":"post-2550","1":"product","2":"type-product","3":"status-publish","4":"has-post-thumbnail","6":"product_cat-cotton-canvas-bag","7":"product_cat-work-school","8":"product_cat-everyday","9":"product_tag-lunch-bag","11":"first","12":"instock","13":"taxable","14":"shipping-taxable","15":"product-type-simple"},"_links":{"self":[{"href":"https:\/\/avecobaggie.com\/pt\/wp-json\/wp\/v2\/product\/2550","targetHints":{"allow":["GET"]}}],"collection":[{"href":"https:\/\/avecobaggie.com\/pt\/wp-json\/wp\/v2\/product"}],"about":[{"href":"https:\/\/avecobaggie.com\/pt\/wp-json\/wp\/v2\/types\/product"}],"replies":[{"embeddable":true,"href":"https:\/\/avecobaggie.com\/pt\/wp-json\/wp\/v2\/comments?post=2550"}],"wp:featuredmedia":[{"embeddable":true,"href":"https:\/\/avecobaggie.com\/pt\/wp-json\/wp\/v2\/media\/2551"}],"wp:attachment":[{"href":"https:\/\/avecobaggie.com\/pt\/wp-json\/wp\/v2\/media?parent=2550"}],"wp:term":[{"taxonomy":"product_brand","embeddable":true,"href":"https:\/\/avecobaggie.com\/pt\/wp-json\/wp\/v2\/product_brand?post=2550"},{"taxonomy":"product_cat","embeddable":true,"href":"https:\/\/avecobaggie.com\/pt\/wp-json\/wp\/v2\/product_cat?post=2550"},{"taxonomy":"product_tag","embeddable":true,"href":"https:\/\/avecobaggie.com\/pt\/wp-json\/wp\/v2\/product_tag?post=2550"}],"curies":[{"name":"wp","href":"https:\/\/api.w.org\/{rel}","templated":true}]}}