{"id":3860,"date":"2021-06-29T15:35:13","date_gmt":"2021-06-29T07:35:13","guid":{"rendered":"https:\/\/avecobaggie.com\/?post_type=product&#038;p=3860"},"modified":"2021-06-29T17:27:34","modified_gmt":"2021-06-29T09:27:34","slug":"large-best-yoga-bag-with-straps","status":"publish","type":"product","link":"https:\/\/avecobaggie.com\/pt\/produto\/large-best-yoga-bag-with-straps\/","title":{"rendered":"Saco de ioga grande com al\u00e7as"},"content":{"rendered":"<p>This Large Yoga Bag is Perfect\u00a0 to keep your mat stored beautifully when not in use. The materials are from eco friendly canvas ,it&#8217;s durable and reusable,when you are using it,you will feel you are touching the nature,and this is how you feel when you are doing yoga. All the colors can be customized.And you can also design your personal style with painting or using some accessories for DIY your personal Yoga bag.<\/p>\n<p>Your mat will breathe easy with metal eyelets at each end, and stay snug with a zip closure. Other features include a 28\u201d adjustable strap, one interior zip pocket and two interior open pockets, with a breathable cotton blend fabric lining.And the drawstring at the end keep the bag easy to close.<\/p>\n<h4 class=\"p1\">\u00a0 \u00a0 Carater\u00edsticas do produto<\/h4>\n<ul>\n<li><strong>Estilo do saco<\/strong>: yoga bag<\/li>\n<li><strong>Tipo de material<\/strong>: Tela<\/li>\n<li><strong>Material Peso<\/strong>: 12 on\u00e7as<\/li>\n<li><strong>Cor do material<\/strong>: Cor personalizada<\/li>\n<li><strong>Tamanho do saco<\/strong>: 68X13CM<\/li>\n<li><strong>\u00c1rea de impress\u00e3o<\/strong>: sem impress\u00e3o<\/li>\n<li><strong>Encerramento<\/strong>Fecho de cord\u00e3o: \u00e9 f\u00e1cil colocar o seu tapete no saco e mant\u00ea-lo limpo e organizado.<\/li>\n<li><strong>Instru\u00e7\u00f5es de manuten\u00e7\u00e3o<\/strong>: Recomenda-se a lavagem \u00e0 m\u00e3o, a lavagem \u00e0 m\u00e1quina tamb\u00e9m \u00e9 aceit\u00e1vel, pendurar a secar.<\/li>\n<\/ul>\n<p><strong>\u00a0 \u00a0 Notas:Para o tecido de algod\u00e3o ou lona, haver\u00e1 um ligeiro encolhimento ap\u00f3s a lavagem<\/strong><\/p>","protected":false},"excerpt":{"rendered":"<p>All customizable canvas yoga mat bag,easy to wash,eco friendly and renewable.<\/p>","protected":false},"featured_media":3855,"comment_status":"open","ping_status":"closed","template":"","meta":{"_seopress_robots_primary_cat":"none","_seopress_titles_title":"","_seopress_titles_desc":"","_seopress_robots_index":""},"product_brand":[],"product_cat":[100,102,112],"product_tag":[],"class_list":{"0":"post-3860","1":"product","2":"type-product","3":"status-publish","4":"has-post-thumbnail","6":"product_cat-other-creative-bag","7":"product_cat-cotton-canvas-bag","8":"product_cat-sports","10":"first","11":"instock","12":"taxable","13":"shipping-taxable","14":"product-type-simple"},"_links":{"self":[{"href":"https:\/\/avecobaggie.com\/pt\/wp-json\/wp\/v2\/product\/3860","targetHints":{"allow":["GET"]}}],"collection":[{"href":"https:\/\/avecobaggie.com\/pt\/wp-json\/wp\/v2\/product"}],"about":[{"href":"https:\/\/avecobaggie.com\/pt\/wp-json\/wp\/v2\/types\/product"}],"replies":[{"embeddable":true,"href":"https:\/\/avecobaggie.com\/pt\/wp-json\/wp\/v2\/comments?post=3860"}],"wp:featuredmedia":[{"embeddable":true,"href":"https:\/\/avecobaggie.com\/pt\/wp-json\/wp\/v2\/media\/3855"}],"wp:attachment":[{"href":"https:\/\/avecobaggie.com\/pt\/wp-json\/wp\/v2\/media?parent=3860"}],"wp:term":[{"taxonomy":"product_brand","embeddable":true,"href":"https:\/\/avecobaggie.com\/pt\/wp-json\/wp\/v2\/product_brand?post=3860"},{"taxonomy":"product_cat","embeddable":true,"href":"https:\/\/avecobaggie.com\/pt\/wp-json\/wp\/v2\/product_cat?post=3860"},{"taxonomy":"product_tag","embeddable":true,"href":"https:\/\/avecobaggie.com\/pt\/wp-json\/wp\/v2\/product_tag?post=3860"}],"curies":[{"name":"wp","href":"https:\/\/api.w.org\/{rel}","templated":true}]}}