{"id":3884,"date":"2021-06-29T16:40:29","date_gmt":"2021-06-29T08:40:29","guid":{"rendered":"https:\/\/avecobaggie.com\/?post_type=product&#038;p=3884"},"modified":"2021-07-01T11:56:20","modified_gmt":"2021-07-01T03:56:20","slug":"tyvek-bag-dupont-paper-drawstring-bag","status":"publish","type":"product","link":"https:\/\/avecobaggie.com\/pt\/produto\/tyvek-bag-dupont-paper-drawstring-bag\/","title":{"rendered":"Saco Tyvek Saco com cord\u00e3o de papel Dupont"},"content":{"rendered":"<p>A Aveco fornece principalmente sacos ecol\u00f3gicos personalizados com um servi\u00e7o de solu\u00e7\u00e3o de balc\u00e3o \u00fanico. Tamb\u00e9m temos algumas formas b\u00e1sicas de sacos para um in\u00edcio f\u00e1cil, conforme listado no s\u00edtio Web de\u00a0\u00a0<a href=\"https:\/\/avecobaggie.com\/pt\/categoria-produto\/bags-in-stock\/\"> Sacos em stock <\/a>. a maioria dos sacos armazenados est\u00e3o em branco sem qualquer impress\u00e3o, por isso \u00e9 mais f\u00e1cil para si fazer um log\u00f3tipo privado ou etiqueta para os seus clientes sem um m\u00ednimo...<\/p>\n<p>As sacolas de lona de fundo redondo listadas est\u00e3o dispon\u00edveis em menos de 6 tamanhos e podem ser enviadas rapidamente em 3 dias. Todos os sacos de lona que fornecemos aqui s\u00e3o fabricados com materiais ecol\u00f3gicos n\u00e3o t\u00f3xicos e temos o prazer de apoiar as pequenas empresas<span class=\"Apple-converted-space\">\u00a0 <\/span>bem como as grandes marcas.<\/p>\n<p class=\"p1\"><span class=\"Apple-converted-space\">\u00a0 \u00a0 Se quiser personalizar estes sacos ecol\u00f3gicos, tamb\u00e9m \u00e9 f\u00e1cil, alguns dos sacos s\u00e3o mesmo com pre\u00e7os extremamente baixos. <\/span>MOQ para superf\u00edcies personalizadas. Especialmente o saco de algod\u00e3o ou lona \u00e9 extremamente baixo, com 100 pe\u00e7as ou at\u00e9 menos para apoiar os iniciantes, v\u00e1 para <a href=\"https:\/\/avecobaggie.com\/pt\/custom-solutions\/\"><strong>SOLU\u00c7\u00d5ES PERSONALIZADAS<\/strong><\/a> para saber mais sobre as etapas dos sacos personalizados.<\/p>\n<h3 class=\"p1\"><span style=\"color: #333333;\">\u00a0 \u00a0 \u00a0Carater\u00edsticas do produto<\/span><\/h3>\n<ul>\n<li><strong>Estilo do saco : <\/strong><span class=\"a-list-item\">drawstring bag<\/span><\/li>\n<li><strong>Tipo de material<\/strong>: Dupont<\/li>\n<li><strong>Cor do material<\/strong>: Natural brown<\/li>\n<li><strong>Tamanho do saco<\/strong>: 24X29CM\uff08 list with popular size, we accept customized size bag \uff09<\/li>\n<li><strong>\u00c1rea de impress\u00e3o<\/strong>: Cor simples em stock, para personaliza\u00e7\u00e3o, pode ser 1 cor | 2 cores | mais cores| Impress\u00e3o completa, impress\u00e3o de um lado ou dois lados<\/li>\n<li><strong>Encerramento<\/strong>:\u00a0<span class=\"a-list-item\">O design com cord\u00e3o torna estes sacos de lona mais f\u00e1ceis de apertar, evitando assim a perda de objectos. Tamanho do saco de pequeno a grande para satisfazer todas as suas necessidades.<\/span><\/li>\n<\/ul>\n<p>&nbsp;<\/p>","protected":false},"excerpt":{"rendered":"<p>Aveco mainly provide customized eco bags with one stop shop solution service. We also have some basic shape of bags for an easy start as listed on the website of\u00a0\u00a0 Bags in Stock . most stocked bags are blank without any printing, so it&#8217;s easier for you to do a private logo or label for [&hellip;]<\/p>","protected":false},"featured_media":3886,"comment_status":"open","ping_status":"closed","template":"","meta":{"_seopress_robots_primary_cat":"none","_seopress_titles_title":"","_seopress_titles_desc":"","_seopress_robots_index":""},"product_brand":[],"product_cat":[92,103,112],"product_tag":[136],"class_list":{"0":"post-3884","1":"product","2":"type-product","3":"status-publish","4":"has-post-thumbnail","6":"product_cat-drawstring-bag","7":"product_cat-other-fabric-bag","8":"product_cat-sports","9":"product_tag-dupont-bag","11":"first","12":"instock","13":"taxable","14":"shipping-taxable","15":"product-type-simple"},"_links":{"self":[{"href":"https:\/\/avecobaggie.com\/pt\/wp-json\/wp\/v2\/product\/3884","targetHints":{"allow":["GET"]}}],"collection":[{"href":"https:\/\/avecobaggie.com\/pt\/wp-json\/wp\/v2\/product"}],"about":[{"href":"https:\/\/avecobaggie.com\/pt\/wp-json\/wp\/v2\/types\/product"}],"replies":[{"embeddable":true,"href":"https:\/\/avecobaggie.com\/pt\/wp-json\/wp\/v2\/comments?post=3884"}],"wp:featuredmedia":[{"embeddable":true,"href":"https:\/\/avecobaggie.com\/pt\/wp-json\/wp\/v2\/media\/3886"}],"wp:attachment":[{"href":"https:\/\/avecobaggie.com\/pt\/wp-json\/wp\/v2\/media?parent=3884"}],"wp:term":[{"taxonomy":"product_brand","embeddable":true,"href":"https:\/\/avecobaggie.com\/pt\/wp-json\/wp\/v2\/product_brand?post=3884"},{"taxonomy":"product_cat","embeddable":true,"href":"https:\/\/avecobaggie.com\/pt\/wp-json\/wp\/v2\/product_cat?post=3884"},{"taxonomy":"product_tag","embeddable":true,"href":"https:\/\/avecobaggie.com\/pt\/wp-json\/wp\/v2\/product_tag?post=3884"}],"curies":[{"name":"wp","href":"https:\/\/api.w.org\/{rel}","templated":true}]}}