{"id":3954,"date":"2021-06-30T16:17:56","date_gmt":"2021-06-30T08:17:56","guid":{"rendered":"https:\/\/avecobaggie.com\/?post_type=product&#038;p=3954"},"modified":"2021-06-30T17:26:18","modified_gmt":"2021-06-30T09:26:18","slug":"dupont-tyvek-thermal-bag-for-hot-food","status":"publish","type":"product","link":"https:\/\/avecobaggie.com\/pt\/produto\/dupont-tyvek-thermal-bag-for-hot-food\/","title":{"rendered":"Saco t\u00e9rmico Dupont Tyvek para alimentos quentes"},"content":{"rendered":"<p>A Aveco Company especializou-se em sacos \u00e0 base de materiais ecol\u00f3gicos, tais como sacos de lona de algod\u00e3o, sacos de musselina, sacos de serapilheira de juta, sacos n\u00e3o tecidos, etc. Oferecemos um servi\u00e7o de solu\u00e7\u00e3o de balc\u00e3o \u00fanico, desde o fornecimento de material at\u00e9 ao envio. Os nossos sacos s\u00e3o dur\u00e1veis, de alta qualidade e acess\u00edveis para atender a diferentes fins, podemos atender \u00e0s suas necessidades a granel com um MOQ bastante baixo e entrega r\u00e1pida.<\/p>\n<p>CARACTER\u00cdSTICAS DO PRODUTO<\/p>\n<ul>\n<li><strong>Estilo do saco<\/strong>: Saco t\u00e9rmico de refrigera\u00e7\u00e3o<\/li>\n<li><strong>Tipo de material<\/strong>: Dupont<\/li>\n<li><strong>Cor do material<\/strong>: Azul ou outra cor personalizada<\/li>\n<li><strong>Tamanho do saco<\/strong>: 22X16X17CM (lista com tamanho padr\u00e3o, aceitamos saco de tamanho personalizado \uff09<\/li>\n<li><strong>\u00c1rea de impress\u00e3o<\/strong>: 1 cor | 2 cores | mais cores| Impress\u00e3o completa, impress\u00e3o de um lado ou dois lados<\/li>\n<li><strong>Encerramento<\/strong>: Com fecho de correr<\/li>\n<li><strong>Instru\u00e7\u00f5es de manuten\u00e7\u00e3o<\/strong>: Recomenda-se a lavagem \u00e0 m\u00e3o, a lavagem \u00e0 m\u00e1quina tamb\u00e9m \u00e9 aceit\u00e1vel, pendurar a secar.<\/li>\n<\/ul>","protected":false},"excerpt":{"rendered":"<p>Saco t\u00e9rmico elegante, perfeito para manter os alimentos quentes e f\u00e1cil de transportar.<\/p>","protected":false},"featured_media":3955,"comment_status":"open","ping_status":"closed","template":"","meta":{"_seopress_robots_primary_cat":"none","_seopress_titles_title":"%%post_title%% %%sep%% %%sitetitle%%","_seopress_titles_desc":"","_seopress_robots_index":""},"product_brand":[],"product_cat":[30,103,109],"product_tag":[136,130],"class_list":{"0":"post-3954","1":"product","2":"type-product","3":"status-publish","4":"has-post-thumbnail","6":"product_cat-cooler-bag","7":"product_cat-other-fabric-bag","8":"product_cat-everyday","9":"product_tag-dupont-bag","10":"product_tag-lunch-bag","12":"first","13":"instock","14":"taxable","15":"shipping-taxable","16":"product-type-simple"},"_links":{"self":[{"href":"https:\/\/avecobaggie.com\/pt\/wp-json\/wp\/v2\/product\/3954","targetHints":{"allow":["GET"]}}],"collection":[{"href":"https:\/\/avecobaggie.com\/pt\/wp-json\/wp\/v2\/product"}],"about":[{"href":"https:\/\/avecobaggie.com\/pt\/wp-json\/wp\/v2\/types\/product"}],"replies":[{"embeddable":true,"href":"https:\/\/avecobaggie.com\/pt\/wp-json\/wp\/v2\/comments?post=3954"}],"wp:featuredmedia":[{"embeddable":true,"href":"https:\/\/avecobaggie.com\/pt\/wp-json\/wp\/v2\/media\/3955"}],"wp:attachment":[{"href":"https:\/\/avecobaggie.com\/pt\/wp-json\/wp\/v2\/media?parent=3954"}],"wp:term":[{"taxonomy":"product_brand","embeddable":true,"href":"https:\/\/avecobaggie.com\/pt\/wp-json\/wp\/v2\/product_brand?post=3954"},{"taxonomy":"product_cat","embeddable":true,"href":"https:\/\/avecobaggie.com\/pt\/wp-json\/wp\/v2\/product_cat?post=3954"},{"taxonomy":"product_tag","embeddable":true,"href":"https:\/\/avecobaggie.com\/pt\/wp-json\/wp\/v2\/product_tag?post=3954"}],"curies":[{"name":"wp","href":"https:\/\/api.w.org\/{rel}","templated":true}]}}