{"id":397,"date":"2021-02-01T16:10:34","date_gmt":"2021-02-01T08:10:34","guid":{"rendered":"https:\/\/avecobaggie.com\/?post_type=product&#038;p=397"},"modified":"2025-04-25T15:16:32","modified_gmt":"2025-04-25T07:16:32","slug":"cotton-mesh-produce-bag","status":"publish","type":"product","link":"https:\/\/avecobaggie.com\/pt\/produto\/cotton-mesh-produce-bag\/","title":{"rendered":"Saco de produtos hort\u00edcolas em malha de algod\u00e3o reutiliz\u00e1vel"},"content":{"rendered":"<p>A Aveco fornece principalmente sacos ecol\u00f3gicos personalizados com um servi\u00e7o de solu\u00e7\u00e3o de balc\u00e3o \u00fanico. Os nossos sacos s\u00e3o dur\u00e1veis, de alta qualidade e acess\u00edveis para satisfazer diferentes objectivos.<\/p>\n<p>Os sacos de produtos de malha reutiliz\u00e1vel da lista s\u00e3o feitos de algod\u00e3o 100%, que \u00e9 livre de polui\u00e7\u00e3o, compost\u00e1vel e muito amig\u00e1vel ao meio ambiente. Cada saco \u00e9 bem costurado com costura dupla, que pode suportar pesos pesados.<\/p>\n<p>Os sacos s\u00e3o vendidos normalmente em um pacote, com 3pcs, 6 pcs ou 9pcs em um conjunto, tamanho de S, M, L (8X10 \u2033, 10X12 \u2033, 12X14 \u2033), cada saco com uma etiqueta de peso de tara e seu logotipo, se necess\u00e1rio. outros tamanhos tamb\u00e9m podem ser personalizados, se necess\u00e1rio.<\/p>\n<p>Os sacos s\u00e3o extremamente el\u00e1sticos, resistentes e robustos, e podem transportar mais do que o seu tamanho. S\u00e3o f\u00e1ceis de limpar, absolutamente seguros na m\u00e1quina de lavar loi\u00e7a e reutiliz\u00e1veis.<\/p>\n<p>Estes sacos foram concebidos para serem multifuncionais, podendo ser utilizados para guardar legumes e frutas no frigor\u00edfico. Tamb\u00e9m funcionam muito bem para roupa delicada, pequeno equipamento desportivo, viagens \u00e0 praia, roupa de gin\u00e1sio, almo\u00e7os escolares, brinquedos, material de escrit\u00f3rio, viagens de campismo, viagens de carro e praticamente qualquer forma de organiza\u00e7\u00e3o dom\u00e9stica que possa imaginar.<\/p>\n<p>CARACTER\u00cdSTICAS DO PRODUTO<\/p>\n<ul>\n<li><strong>Estilo do saco<\/strong>: Saco para produtos agr\u00edcolas em malha de algod\u00e3o<\/li>\n<li><strong>Tipo de material<\/strong>: Tecido de algod\u00e3o 100%<\/li>\n<li><strong>Cor do material<\/strong>: Natural<\/li>\n<li><strong>Tamanho do saco<\/strong>: S, M, L (8X10 \u2033, 10X12 \u2033, 12X14 \u2033) (lista com tamanho padr\u00e3o, aceitamos saco de tamanho personalizado\uff09<\/li>\n<li><strong>\u00c1rea de impress\u00e3o<\/strong>: Normalmente, o saco de rede tem uma etiqueta com a tara na parte lateral e tamb\u00e9m pode ser cosido no meio com um log\u00f3tipo de maiores dimens\u00f5es.<\/li>\n<li><strong>Encerramento<\/strong>: Cord\u00e3o com fecho de pl\u00e1stico, metal ou outro fecho<\/li>\n<li><strong>Instru\u00e7\u00f5es de manuten\u00e7\u00e3o<\/strong>: Recomenda-se a lavagem \u00e0 m\u00e3o, a lavagem \u00e0 m\u00e1quina tamb\u00e9m \u00e9 aceit\u00e1vel, pendurar a secar.<\/li>\n<\/ul>\n<p><strong>Notas:Para o tecido de algod\u00e3o, haver\u00e1 um ligeiro encolhimento ap\u00f3s a lavagem<\/strong><\/p>\n<p>&nbsp;<\/p>\n<p>&nbsp;<\/p>","protected":false},"excerpt":{"rendered":"<p>Fabricados em algod\u00e3o org\u00e2nico 100%, os nossos sacos de malha reutiliz\u00e1veis s\u00e3o isentos de res\u00edduos, de chumbo, de BPA e de merc\u00fario e totalmente biodegrad\u00e1veis.<\/p>","protected":false},"featured_media":398,"comment_status":"closed","ping_status":"closed","template":"","meta":{"_seopress_robots_primary_cat":"none","_seopress_titles_title":"","_seopress_titles_desc":"","_seopress_robots_index":""},"product_brand":[185],"product_cat":[188,96,109],"product_tag":[],"class_list":{"0":"post-397","1":"product","2":"type-product","3":"status-publish","4":"has-post-thumbnail","6":"product_brand-avecobaggie","7":"product_cat-custom-canvas-bag","8":"product_cat-mesh-bag","9":"product_cat-everyday","11":"first","12":"instock","13":"taxable","14":"shipping-taxable","15":"product-type-simple"},"_links":{"self":[{"href":"https:\/\/avecobaggie.com\/pt\/wp-json\/wp\/v2\/product\/397","targetHints":{"allow":["GET"]}}],"collection":[{"href":"https:\/\/avecobaggie.com\/pt\/wp-json\/wp\/v2\/product"}],"about":[{"href":"https:\/\/avecobaggie.com\/pt\/wp-json\/wp\/v2\/types\/product"}],"replies":[{"embeddable":true,"href":"https:\/\/avecobaggie.com\/pt\/wp-json\/wp\/v2\/comments?post=397"}],"wp:featuredmedia":[{"embeddable":true,"href":"https:\/\/avecobaggie.com\/pt\/wp-json\/wp\/v2\/media\/398"}],"wp:attachment":[{"href":"https:\/\/avecobaggie.com\/pt\/wp-json\/wp\/v2\/media?parent=397"}],"wp:term":[{"taxonomy":"product_brand","embeddable":true,"href":"https:\/\/avecobaggie.com\/pt\/wp-json\/wp\/v2\/product_brand?post=397"},{"taxonomy":"product_cat","embeddable":true,"href":"https:\/\/avecobaggie.com\/pt\/wp-json\/wp\/v2\/product_cat?post=397"},{"taxonomy":"product_tag","embeddable":true,"href":"https:\/\/avecobaggie.com\/pt\/wp-json\/wp\/v2\/product_tag?post=397"}],"curies":[{"name":"wp","href":"https:\/\/api.w.org\/{rel}","templated":true}]}}