{"id":3976,"date":"2021-06-30T17:22:51","date_gmt":"2021-06-30T09:22:51","guid":{"rendered":"https:\/\/avecobaggie.com\/?post_type=product&#038;p=3976"},"modified":"2021-06-30T18:14:04","modified_gmt":"2021-06-30T10:14:04","slug":"cute-dupont-lunch-bags-for-women","status":"publish","type":"product","link":"https:\/\/avecobaggie.com\/pt\/produto\/cute-dupont-lunch-bags-for-women\/","title":{"rendered":"Sacos de almo\u00e7o Dupont giros para mulher"},"content":{"rendered":"<p>A Aveco Company especializou-se em sacos de materiais ecol\u00f3gicos, tais como sacos de lona de algod\u00e3o, sacos de musselina, sacos de serapilheira de juta, sacos n\u00e3o tecidos, etc. Oferecemos um servi\u00e7o de solu\u00e7\u00e3o de balc\u00e3o \u00fanico, desde o fornecimento de material at\u00e9 ao envio. Os nossos sacos s\u00e3o dur\u00e1veis, de alta qualidade e acess\u00edveis para atender a diferentes fins, podemos atender \u00e0s suas necessidades a granel com um MOQ bastante baixo e entrega r\u00e1pida.<\/p>\n<p>CARACTER\u00cdSTICAS DO PRODUTO<\/p>\n<ul>\n<li><strong>Estilo do saco<\/strong>:Lunch Cooler<\/li>\n<li><strong>Tipo de material<\/strong>: Dupont + Folha de alum\u00ednio<\/li>\n<li><strong>Material Peso<\/strong>: 70g<\/li>\n<li><strong>Cor do material<\/strong>: Azul ou outra cor personalizada<\/li>\n<li><strong>Tamanho do saco<\/strong>: 20X18X12CM ( list with standard size, we accept customized size bag \uff09<\/li>\n<li><strong>\u00c1rea de impress\u00e3o<\/strong>: 1 cor | 2 cores | mais cores| Impress\u00e3o completa, impress\u00e3o de um lado ou dois lados<\/li>\n<li><strong>Encerramento<\/strong>: Com fecho de correr<\/li>\n<li><strong>Instru\u00e7\u00f5es de manuten\u00e7\u00e3o<\/strong>: Recomenda-se a lavagem \u00e0 m\u00e3o, a lavagem \u00e0 m\u00e1quina tamb\u00e9m \u00e9 aceit\u00e1vel, pendurar a secar.<\/li>\n<\/ul>","protected":false},"excerpt":{"rendered":"<p>Aveco\u00a0 Company specialized in eco-friendly material based bags such as cotton canvas bag, muslin bag, jute burlap bag,Non-woven bag ,etc. All the bags can be customized or personalized with your own requests.we offer\u00a0 one stop shop solution service from material sourcing till shipment.. ur\u00a0 bags are durable, high quality and affordable to meet different purposes, [&hellip;]<\/p>","protected":false},"featured_media":3977,"comment_status":"open","ping_status":"closed","template":"","meta":{"_seopress_robots_primary_cat":"none","_seopress_titles_title":"%%post_title%% %%sep%% %%sitetitle%%","_seopress_titles_desc":"","_seopress_robots_index":""},"product_brand":[],"product_cat":[30,108,109],"product_tag":[136],"class_list":{"0":"post-3976","1":"product","2":"type-product","3":"status-publish","4":"has-post-thumbnail","6":"product_cat-cooler-bag","7":"product_cat-work-school","8":"product_cat-everyday","9":"product_tag-dupont-bag","11":"first","12":"instock","13":"taxable","14":"shipping-taxable","15":"product-type-simple"},"_links":{"self":[{"href":"https:\/\/avecobaggie.com\/pt\/wp-json\/wp\/v2\/product\/3976","targetHints":{"allow":["GET"]}}],"collection":[{"href":"https:\/\/avecobaggie.com\/pt\/wp-json\/wp\/v2\/product"}],"about":[{"href":"https:\/\/avecobaggie.com\/pt\/wp-json\/wp\/v2\/types\/product"}],"replies":[{"embeddable":true,"href":"https:\/\/avecobaggie.com\/pt\/wp-json\/wp\/v2\/comments?post=3976"}],"wp:featuredmedia":[{"embeddable":true,"href":"https:\/\/avecobaggie.com\/pt\/wp-json\/wp\/v2\/media\/3977"}],"wp:attachment":[{"href":"https:\/\/avecobaggie.com\/pt\/wp-json\/wp\/v2\/media?parent=3976"}],"wp:term":[{"taxonomy":"product_brand","embeddable":true,"href":"https:\/\/avecobaggie.com\/pt\/wp-json\/wp\/v2\/product_brand?post=3976"},{"taxonomy":"product_cat","embeddable":true,"href":"https:\/\/avecobaggie.com\/pt\/wp-json\/wp\/v2\/product_cat?post=3976"},{"taxonomy":"product_tag","embeddable":true,"href":"https:\/\/avecobaggie.com\/pt\/wp-json\/wp\/v2\/product_tag?post=3976"}],"curies":[{"name":"wp","href":"https:\/\/api.w.org\/{rel}","templated":true}]}}