{"id":4006,"date":"2021-07-01T11:42:10","date_gmt":"2021-07-01T03:42:10","guid":{"rendered":"https:\/\/avecobaggie.com\/?post_type=product&#038;p=4006"},"modified":"2021-07-01T11:55:25","modified_gmt":"2021-07-01T03:55:25","slug":"tyvek-dupont-wallet-for-men","status":"publish","type":"product","link":"https:\/\/avecobaggie.com\/pt\/produto\/tyvek-dupont-wallet-for-men\/","title":{"rendered":"Tyvek Dupont Wallet for Men"},"content":{"rendered":"<h4 class=\"p1\">Carater\u00edsticas do produto<\/h4>\n<ul>\n<li><strong>Estilo do saco<\/strong>: Men Wallet<\/li>\n<li><strong>Tipo de material<\/strong>: Dupont Paper<\/li>\n<li><strong>Cor do material<\/strong>: Cor castanha ou cor personalizada<\/li>\n<li><strong>Tamanho do saco<\/strong>: 20X10.5CM<\/li>\n<li><strong>Encerramento<\/strong>: with zipper\uff0c It&#8217;s easy to put your mat in the bag and keep it clean and organized.<\/li>\n<li><strong>Instru\u00e7\u00f5es de manuten\u00e7\u00e3o<\/strong>: Recomenda-se a lavagem \u00e0 m\u00e3o, a lavagem \u00e0 m\u00e1quina tamb\u00e9m \u00e9 aceit\u00e1vel, pendurar a secar.<\/li>\n<\/ul>\n<p>&nbsp;<\/p>","protected":false},"excerpt":{"rendered":"<p>All customizable Dupont Wallet ,easy to wash,eco friendly and renewable.<\/p>","protected":false},"featured_media":4013,"comment_status":"open","ping_status":"closed","template":"","meta":{"_seopress_robots_primary_cat":"none","_seopress_titles_title":"","_seopress_titles_desc":"","_seopress_robots_index":""},"product_brand":[],"product_cat":[100,103,109],"product_tag":[136],"class_list":{"0":"post-4006","1":"product","2":"type-product","3":"status-publish","4":"has-post-thumbnail","6":"product_cat-other-creative-bag","7":"product_cat-other-fabric-bag","8":"product_cat-everyday","9":"product_tag-dupont-bag","11":"first","12":"instock","13":"taxable","14":"shipping-taxable","15":"product-type-simple"},"_links":{"self":[{"href":"https:\/\/avecobaggie.com\/pt\/wp-json\/wp\/v2\/product\/4006","targetHints":{"allow":["GET"]}}],"collection":[{"href":"https:\/\/avecobaggie.com\/pt\/wp-json\/wp\/v2\/product"}],"about":[{"href":"https:\/\/avecobaggie.com\/pt\/wp-json\/wp\/v2\/types\/product"}],"replies":[{"embeddable":true,"href":"https:\/\/avecobaggie.com\/pt\/wp-json\/wp\/v2\/comments?post=4006"}],"wp:featuredmedia":[{"embeddable":true,"href":"https:\/\/avecobaggie.com\/pt\/wp-json\/wp\/v2\/media\/4013"}],"wp:attachment":[{"href":"https:\/\/avecobaggie.com\/pt\/wp-json\/wp\/v2\/media?parent=4006"}],"wp:term":[{"taxonomy":"product_brand","embeddable":true,"href":"https:\/\/avecobaggie.com\/pt\/wp-json\/wp\/v2\/product_brand?post=4006"},{"taxonomy":"product_cat","embeddable":true,"href":"https:\/\/avecobaggie.com\/pt\/wp-json\/wp\/v2\/product_cat?post=4006"},{"taxonomy":"product_tag","embeddable":true,"href":"https:\/\/avecobaggie.com\/pt\/wp-json\/wp\/v2\/product_tag?post=4006"}],"curies":[{"name":"wp","href":"https:\/\/api.w.org\/{rel}","templated":true}]}}