{"id":4042,"date":"2021-07-01T15:44:05","date_gmt":"2021-07-01T07:44:05","guid":{"rendered":"https:\/\/avecobaggie.com\/?post_type=product&#038;p=4042"},"modified":"2021-07-02T17:34:42","modified_gmt":"2021-07-02T09:34:42","slug":"washable-paper-women-tote-bag","status":"publish","type":"product","link":"https:\/\/avecobaggie.com\/pt\/produto\/washable-paper-women-tote-bag\/","title":{"rendered":"Saco de papel lav\u00e1vel para senhora"},"content":{"rendered":"<p>A empresa Aveco pode personalizar e vender por grosso sacos de lona com um servi\u00e7o de solu\u00e7\u00e3o de balc\u00e3o \u00fanico. Tamb\u00e9m temos algumas formas b\u00e1sicas de sacos para um in\u00edcio f\u00e1cil, conforme listado no s\u00edtio Web de\u00a0\u00a0<a href=\"https:\/\/avecobaggie.com\/pt\/categoria-produto\/bags-in-stock\/\"> Sacos em stock <\/a>. a maior parte dos sacos armazenados est\u00e3o em branco, sem qualquer impress\u00e3o, pelo que \u00e9 mais f\u00e1cil para si criar um log\u00f3tipo ou etiqueta privada para os seus clientes, sem qualquer m\u00ednimo.<\/p>\n<p><span class=\"Apple-converted-space\">\u00a0 \u00a0 Se quiser personalizar estes sacos ecol\u00f3gicos, tamb\u00e9m \u00e9 f\u00e1cil, alguns dos sacos s\u00e3o mesmo com pre\u00e7os extremamente baixos. <\/span>MOQ para superf\u00edcies personalizadas. Especialmente o saco de algod\u00e3o ou lona \u00e9 extremamente baixo, com 100 pe\u00e7as ou at\u00e9 menos para apoiar os iniciantes, v\u00e1 para <a href=\"https:\/\/avecobaggie.com\/pt\/custom-solutions\/\"><strong>SOLU\u00c7\u00d5ES PERSONALIZADAS<\/strong><\/a> para saber mais sobre as etapas dos sacos personalizados.<\/p>\n<h4 class=\"p1\"><span style=\"color: #333333;\">Carater\u00edsticas do produto<\/span><\/h4>\n<ul>\n<li><strong>Estilo do saco<\/strong>: Saco de compras<\/li>\n<li><strong>Tipo de material<\/strong>: Papel lav\u00e1vel<\/li>\n<li><strong>Cor do material<\/strong>: Bege natural<\/li>\n<li><strong>Tamanho do saco<\/strong>:30X41X13CM (lista com tamanho padr\u00e3o, aceitamos saco de tamanho personalizado \uff09<\/li>\n<li><strong>\u00c1rea de impress\u00e3o<\/strong>: 1 cor | 2 cores | mais cores| Impress\u00e3o completa, impress\u00e3o de um lado ou dois lados<\/li>\n<li><strong>Encerramento<\/strong>: aberto<\/li>\n<li><strong>Carater\u00edstica:<\/strong><\/li>\n<li>reutiliz\u00e1vel, recicl\u00e1vel, sustent\u00e1vel e de longa dura\u00e7\u00e3o, com grande espa\u00e7o para o seu ipad, livros, telem\u00f3vel e objectos essenciais<\/li>\n<li><span class=\"a-list-item\">***MATERIAL NATURAL: O papel Tyvek Dupont \u00e9 feito de fibra de papel natural, degrad\u00e1vel e amigo do ambiente, imperme\u00e1vel e resistente a manchas e rasgos e dur\u00e1vel, um interior adopta lona de algod\u00e3o 100%, sensa\u00e7\u00e3o de m\u00e3o macia e respir\u00e1vel, sem cheiro e muito confort\u00e1vel.<\/span><\/li>\n<li><span class=\"a-list-item\">***LEVE E CONFORT\u00c1VEL: Ultra-leve e incrivelmente dur\u00e1vel. S\u00e3o flex\u00edveis ao toque, n\u00e3o s\u00e3o t\u00e3o \u00e1speras e r\u00edgidas como o papel kraft, na verdade, s\u00e3o sacos de couro macio no sentido visual, mas s\u00e3o, de facto, produtos de \"papel\" amigos do ambiente.<\/span><\/li>\n<li><span class=\"a-list-item\">***MATERIAIS DE EXCEL\u00caNCIA, TRABALHO FINO: Papel Tyvek DuPont vintage e lona de algod\u00e3o. Impress\u00e3o de moda, port\u00e1til refor\u00e7ada tipo X de alta qualidade e bonita; fivela magn\u00e9tica de cobre de boa qualidade e comuta\u00e7\u00e3o correta.<\/span><\/li>\n<li><span class=\"a-list-item\">***PEQUENO TAMANHO, GRANDE CAPACIDADE: inclui o saco principal, o saco de identifica\u00e7\u00e3o, o saco para telem\u00f3vel e o bolso interno com fecho de correr. Pode acomodar as suas revistas, estojos, telem\u00f3veis, carteiras, chaves - o suficiente para satisfazer as suas necessidades de viagem.<\/span><\/li>\n<li><span class=\"a-list-item\">***PRESENTES PERFEITOS: para a pessoa amada, amigos, pais, filha, namorada, como Natal, anivers\u00e1rio, dia da m\u00e3e, ano novo, A\u00e7\u00e3o de Gra\u00e7as, etc.<\/span><\/li>\n<\/ul>","protected":false},"excerpt":{"rendered":"<p>Reutiliz\u00e1vel, recicl\u00e1vel, sustent\u00e1vel e de longa dura\u00e7\u00e3o, com um grande espa\u00e7o para o seu iPad, livros, telem\u00f3vel e objectos essenciais<\/p>","protected":false},"featured_media":4043,"comment_status":"open","ping_status":"closed","template":"","meta":{"_seopress_robots_primary_cat":"none","_seopress_titles_title":"","_seopress_titles_desc":"","_seopress_robots_index":""},"product_brand":[],"product_cat":[29,103,109],"product_tag":[136],"class_list":{"0":"post-4042","1":"product","2":"type-product","3":"status-publish","4":"has-post-thumbnail","6":"product_cat-tote-bag","7":"product_cat-other-fabric-bag","8":"product_cat-everyday","9":"product_tag-dupont-bag","11":"first","12":"instock","13":"taxable","14":"shipping-taxable","15":"product-type-simple"},"_links":{"self":[{"href":"https:\/\/avecobaggie.com\/pt\/wp-json\/wp\/v2\/product\/4042","targetHints":{"allow":["GET"]}}],"collection":[{"href":"https:\/\/avecobaggie.com\/pt\/wp-json\/wp\/v2\/product"}],"about":[{"href":"https:\/\/avecobaggie.com\/pt\/wp-json\/wp\/v2\/types\/product"}],"replies":[{"embeddable":true,"href":"https:\/\/avecobaggie.com\/pt\/wp-json\/wp\/v2\/comments?post=4042"}],"wp:featuredmedia":[{"embeddable":true,"href":"https:\/\/avecobaggie.com\/pt\/wp-json\/wp\/v2\/media\/4043"}],"wp:attachment":[{"href":"https:\/\/avecobaggie.com\/pt\/wp-json\/wp\/v2\/media?parent=4042"}],"wp:term":[{"taxonomy":"product_brand","embeddable":true,"href":"https:\/\/avecobaggie.com\/pt\/wp-json\/wp\/v2\/product_brand?post=4042"},{"taxonomy":"product_cat","embeddable":true,"href":"https:\/\/avecobaggie.com\/pt\/wp-json\/wp\/v2\/product_cat?post=4042"},{"taxonomy":"product_tag","embeddable":true,"href":"https:\/\/avecobaggie.com\/pt\/wp-json\/wp\/v2\/product_tag?post=4042"}],"curies":[{"name":"wp","href":"https:\/\/api.w.org\/{rel}","templated":true}]}}