{"id":4061,"date":"2021-07-01T16:42:09","date_gmt":"2021-07-01T08:42:09","guid":{"rendered":"https:\/\/avecobaggie.com\/?post_type=product&#038;p=4061"},"modified":"2021-07-01T22:14:09","modified_gmt":"2021-07-01T14:14:09","slug":"washable-paper-mini-purse-for-women-with-magnet","status":"publish","type":"product","link":"https:\/\/avecobaggie.com\/pt\/produto\/washable-paper-mini-purse-for-women-with-magnet\/","title":{"rendered":"Mini bolsa de papel lav\u00e1vel para senhora com \u00edman"},"content":{"rendered":"<h4 class=\"p1\">Carater\u00edsticas do produto<\/h4>\n<ul>\n<li><strong>Estilo do saco<\/strong>: Purse<\/li>\n<li><strong>Tipo de material<\/strong>: Dupont Paper<\/li>\n<li><strong>Cor do material<\/strong>: Cor castanha ou cor personalizada<\/li>\n<li><strong>Tamanho do saco<\/strong>: 20X15CM<\/li>\n<li><strong>Encerramento<\/strong>: with a zipper\uff0c<\/li>\n<li><strong>Instru\u00e7\u00f5es de manuten\u00e7\u00e3o<\/strong>: Hand washes recommended, Machine wash is also ok, hang dry.<\/li>\n<\/ul>\n<p>&nbsp;<\/p>","protected":false},"excerpt":{"rendered":"<p>All customizable Women Purse,easy to wash,eco friendly and renewable.<\/p>","protected":false},"featured_media":4062,"comment_status":"open","ping_status":"closed","template":"","meta":{"_seopress_robots_primary_cat":"none","_seopress_titles_title":"","_seopress_titles_desc":"","_seopress_robots_index":""},"product_brand":[],"product_cat":[100,103,109],"product_tag":[136],"class_list":{"0":"post-4061","1":"product","2":"type-product","3":"status-publish","4":"has-post-thumbnail","6":"product_cat-other-creative-bag","7":"product_cat-other-fabric-bag","8":"product_cat-everyday","9":"product_tag-dupont-bag","11":"first","12":"instock","13":"taxable","14":"shipping-taxable","15":"product-type-simple"},"_links":{"self":[{"href":"https:\/\/avecobaggie.com\/pt\/wp-json\/wp\/v2\/product\/4061","targetHints":{"allow":["GET"]}}],"collection":[{"href":"https:\/\/avecobaggie.com\/pt\/wp-json\/wp\/v2\/product"}],"about":[{"href":"https:\/\/avecobaggie.com\/pt\/wp-json\/wp\/v2\/types\/product"}],"replies":[{"embeddable":true,"href":"https:\/\/avecobaggie.com\/pt\/wp-json\/wp\/v2\/comments?post=4061"}],"wp:featuredmedia":[{"embeddable":true,"href":"https:\/\/avecobaggie.com\/pt\/wp-json\/wp\/v2\/media\/4062"}],"wp:attachment":[{"href":"https:\/\/avecobaggie.com\/pt\/wp-json\/wp\/v2\/media?parent=4061"}],"wp:term":[{"taxonomy":"product_brand","embeddable":true,"href":"https:\/\/avecobaggie.com\/pt\/wp-json\/wp\/v2\/product_brand?post=4061"},{"taxonomy":"product_cat","embeddable":true,"href":"https:\/\/avecobaggie.com\/pt\/wp-json\/wp\/v2\/product_cat?post=4061"},{"taxonomy":"product_tag","embeddable":true,"href":"https:\/\/avecobaggie.com\/pt\/wp-json\/wp\/v2\/product_tag?post=4061"}],"curies":[{"name":"wp","href":"https:\/\/api.w.org\/{rel}","templated":true}]}}