{"id":411,"date":"2021-02-01T17:29:16","date_gmt":"2021-02-01T09:29:16","guid":{"rendered":"https:\/\/avecobaggie.com\/?post_type=product&#038;p=411"},"modified":"2025-04-25T15:16:55","modified_gmt":"2025-04-25T07:16:55","slug":"heavy-duty-canvas-yoga-mat-bag","status":"publish","type":"product","link":"https:\/\/avecobaggie.com\/pt\/produto\/heavy-duty-canvas-yoga-mat-bag\/","title":{"rendered":"Saco de lona resistente para tapetes de ioga"},"content":{"rendered":"<p>A Aveco fornece principalmente sacos ecol\u00f3gicos personalizados com um servi\u00e7o de solu\u00e7\u00e3o de balc\u00e3o \u00fanico, mas tamb\u00e9m temos alguns designs b\u00e1sicos de sacos em stock para que possa come\u00e7ar facilmente. Os sacos em stock s\u00e3o na sua maioria em branco sem quaisquer impress\u00f5es: <strong><em><a href=\"https:\/\/avecobaggie.com\/pt\/produto\/\">sacos personalizados categoria.<\/a><\/em><\/strong><\/p>\n<p>O saco para tapetes de ioga \u00e9 fabricado com material de lona resistente, amigo do ambiente e sustent\u00e1vel.<\/p>\n<h4 class=\"p1\">\u00a0 \u00a0 Carater\u00edsticas do produto<\/h4>\n<ul>\n<li><strong>Estilo do saco<\/strong>saco para tapetes de ioga<\/li>\n<li><strong>Tipo de material<\/strong>: Tela<\/li>\n<li><strong>Material Peso<\/strong>: 12 on\u00e7as<\/li>\n<li><strong>Cor do material<\/strong>: Bege natural<\/li>\n<li><strong>Tamanho do saco<\/strong>: 69X16CM<\/li>\n<li><strong>\u00c1rea de impress\u00e3o<\/strong>: sem impress\u00e3o<\/li>\n<li><strong>Encerramento<\/strong>Fecho de cord\u00e3o: \u00e9 f\u00e1cil colocar o seu tapete no saco e mant\u00ea-lo limpo e organizado.<\/li>\n<li><strong>Instru\u00e7\u00f5es de manuten\u00e7\u00e3o<\/strong>: Recomenda-se a lavagem \u00e0 m\u00e3o, a lavagem \u00e0 m\u00e1quina tamb\u00e9m \u00e9 aceit\u00e1vel, pendurar a secar.<\/li>\n<\/ul>\n<p><strong>\u00a0 \u00a0 Notas:Para o tecido de algod\u00e3o ou lona, haver\u00e1 um ligeiro encolhimento ap\u00f3s a lavagem<\/strong><\/p>","protected":false},"excerpt":{"rendered":"<p>O saco para tapetes de ioga \u00e9 fabricado com material de lona resistente, amigo do ambiente, sustent\u00e1vel e f\u00e1cil de transportar<\/p>","protected":false},"featured_media":414,"comment_status":"closed","ping_status":"closed","template":"","meta":{"_seopress_robots_primary_cat":"none","_seopress_titles_title":"","_seopress_titles_desc":"","_seopress_robots_index":""},"product_brand":[185],"product_cat":[188,100,102,112],"product_tag":[],"class_list":{"0":"post-411","1":"product","2":"type-product","3":"status-publish","4":"has-post-thumbnail","6":"product_brand-avecobaggie","7":"product_cat-custom-canvas-bag","8":"product_cat-other-creative-bag","9":"product_cat-cotton-canvas-bag","10":"product_cat-sports","12":"first","13":"instock","14":"taxable","15":"shipping-taxable","16":"product-type-simple"},"_links":{"self":[{"href":"https:\/\/avecobaggie.com\/pt\/wp-json\/wp\/v2\/product\/411","targetHints":{"allow":["GET"]}}],"collection":[{"href":"https:\/\/avecobaggie.com\/pt\/wp-json\/wp\/v2\/product"}],"about":[{"href":"https:\/\/avecobaggie.com\/pt\/wp-json\/wp\/v2\/types\/product"}],"replies":[{"embeddable":true,"href":"https:\/\/avecobaggie.com\/pt\/wp-json\/wp\/v2\/comments?post=411"}],"wp:featuredmedia":[{"embeddable":true,"href":"https:\/\/avecobaggie.com\/pt\/wp-json\/wp\/v2\/media\/414"}],"wp:attachment":[{"href":"https:\/\/avecobaggie.com\/pt\/wp-json\/wp\/v2\/media?parent=411"}],"wp:term":[{"taxonomy":"product_brand","embeddable":true,"href":"https:\/\/avecobaggie.com\/pt\/wp-json\/wp\/v2\/product_brand?post=411"},{"taxonomy":"product_cat","embeddable":true,"href":"https:\/\/avecobaggie.com\/pt\/wp-json\/wp\/v2\/product_cat?post=411"},{"taxonomy":"product_tag","embeddable":true,"href":"https:\/\/avecobaggie.com\/pt\/wp-json\/wp\/v2\/product_tag?post=411"}],"curies":[{"name":"wp","href":"https:\/\/api.w.org\/{rel}","templated":true}]}}