{"id":4132,"date":"2021-07-02T14:22:56","date_gmt":"2021-07-02T06:22:56","guid":{"rendered":"https:\/\/avecobaggie.com\/?post_type=product&#038;p=4132"},"modified":"2021-10-08T16:33:46","modified_gmt":"2021-10-08T08:33:46","slug":"craft-paper-crossbody-bag-with-adjustable-black-strap","status":"publish","type":"product","link":"https:\/\/avecobaggie.com\/pt\/produto\/craft-paper-crossbody-bag-with-adjustable-black-strap\/","title":{"rendered":"Bolsa a tiracolo de papel artesanal com al\u00e7a preta"},"content":{"rendered":"<h4 class=\"p1\">\u00a0Carater\u00edsticas do produto<\/h4>\n<ul>\n<li><strong>Estilo do saco<\/strong>: Corpo cruzado<\/li>\n<li><strong>Tipo de material<\/strong>: Dupont Tyrek<\/li>\n<li><strong>Cor do material<\/strong>: Cor castanha ou cor personalizada<\/li>\n<li><strong>Tamanho do saco<\/strong>: 26X33CM<\/li>\n<li><strong>\u00c1rea de impress\u00e3o<\/strong>: sem impress\u00e3o ou com impress\u00e3o personalizada<\/li>\n<li><strong>Instru\u00e7\u00f5es de manuten\u00e7\u00e3o<\/strong>: Recomenda-se a lavagem \u00e0 m\u00e3o, a lavagem \u00e0 m\u00e1quina tamb\u00e9m \u00e9 aceit\u00e1vel, pendurar a secar.<\/li>\n<\/ul>","protected":false},"excerpt":{"rendered":"<p>Material dupont tyrek super ecol\u00f3gico, al\u00e7as ajust\u00e1veis<\/p>","protected":false},"featured_media":4133,"comment_status":"open","ping_status":"closed","template":"","meta":{"_seopress_robots_primary_cat":"none","_seopress_titles_title":"","_seopress_titles_desc":"","_seopress_robots_index":""},"product_brand":[],"product_cat":[100,103,108,109],"product_tag":[136],"class_list":{"0":"post-4132","1":"product","2":"type-product","3":"status-publish","4":"has-post-thumbnail","6":"product_cat-other-creative-bag","7":"product_cat-other-fabric-bag","8":"product_cat-work-school","9":"product_cat-everyday","10":"product_tag-dupont-bag","12":"first","13":"instock","14":"taxable","15":"shipping-taxable","16":"product-type-simple"},"_links":{"self":[{"href":"https:\/\/avecobaggie.com\/pt\/wp-json\/wp\/v2\/product\/4132","targetHints":{"allow":["GET"]}}],"collection":[{"href":"https:\/\/avecobaggie.com\/pt\/wp-json\/wp\/v2\/product"}],"about":[{"href":"https:\/\/avecobaggie.com\/pt\/wp-json\/wp\/v2\/types\/product"}],"replies":[{"embeddable":true,"href":"https:\/\/avecobaggie.com\/pt\/wp-json\/wp\/v2\/comments?post=4132"}],"wp:featuredmedia":[{"embeddable":true,"href":"https:\/\/avecobaggie.com\/pt\/wp-json\/wp\/v2\/media\/4133"}],"wp:attachment":[{"href":"https:\/\/avecobaggie.com\/pt\/wp-json\/wp\/v2\/media?parent=4132"}],"wp:term":[{"taxonomy":"product_brand","embeddable":true,"href":"https:\/\/avecobaggie.com\/pt\/wp-json\/wp\/v2\/product_brand?post=4132"},{"taxonomy":"product_cat","embeddable":true,"href":"https:\/\/avecobaggie.com\/pt\/wp-json\/wp\/v2\/product_cat?post=4132"},{"taxonomy":"product_tag","embeddable":true,"href":"https:\/\/avecobaggie.com\/pt\/wp-json\/wp\/v2\/product_tag?post=4132"}],"curies":[{"name":"wp","href":"https:\/\/api.w.org\/{rel}","templated":true}]}}