{"id":4679,"date":"2021-10-09T16:52:47","date_gmt":"2021-10-09T08:52:47","guid":{"rendered":"https:\/\/avecobaggie.com\/?post_type=product&#038;p=4679"},"modified":"2021-10-13T15:37:12","modified_gmt":"2021-10-13T07:37:12","slug":"wholesale-d-cut-shape-shopping-non-woven-bag","status":"publish","type":"product","link":"https:\/\/avecobaggie.com\/pt\/produto\/wholesale-d-cut-shape-shopping-non-woven-bag\/","title":{"rendered":"Saco n\u00e3o tecido para compras em forma de D por atacado"},"content":{"rendered":"<p>A Aveco Company especializou-se em sacos reutiliz\u00e1veis de alta qualidade, a personaliza\u00e7\u00e3o diferente satisfaz o seu pedido personalizado: 1. tecido de cor Pantone 2. log\u00f3tipo da marca impresso no saco 3. Adicionar bolso no interior ou no exterior 4. cord\u00e3o de diferentes formas,<\/p>\n<p>Para al\u00e9m disso, a Aveco fornece mais de 10 materiais \u00e0 sua escolha. Tais como saco de algod\u00e3o 100%, saco de lona pesada, saco de linho natural, saco de juta ecol\u00f3gica, saco n\u00e3o tecido barato ...<\/p>\n<p>CARACTER\u00cdSTICAS DO PRODUTO<\/p>\n<ul>\n<li><strong>Estilo do saco<\/strong>: Saco de compras em tecido n\u00e3o tecido<\/li>\n<li><strong>Tipo de material<\/strong>: 65gsm n\u00e3o tecido<\/li>\n<li><strong>Cor do material<\/strong>: Amarelo, verde, laranja, azul ou outras cores personalizadas<\/li>\n<li><strong>Tamanho do saco<\/strong>: 30X23CM (lista com tamanho padr\u00e3o, aceitamos saco de tamanho personalizado \uff09<\/li>\n<li><strong>\u00c1rea de impress\u00e3o<\/strong>: 1 cor | 2 cores | mais cores| Impress\u00e3o completa, impress\u00e3o de um lado ou dois lados<\/li>\n<li><strong>Instru\u00e7\u00f5es de manuten\u00e7\u00e3o<\/strong>: Lavagem apenas \u00e0 m\u00e3o.<\/li>\n<\/ul>","protected":false},"excerpt":{"rendered":"<p>O saco de compras em tecido n\u00e3o tecido com corte em D \u00e9 adequado para projectos promocionais, personaliza\u00e7\u00e3o de tecido de cor Pantone ou padr\u00e3o impresso, ambos dispon\u00edveis,<br \/>\nbaratos e leves, se estiver a procurar ofertas gratuitas para novos neg\u00f3cios ou celebra\u00e7\u00f5es, os sacos de compras em n\u00e3o-tecido ser\u00e3o a sua melhor escolha.<\/p>\n<p>&nbsp;<\/p>","protected":false},"featured_media":4680,"comment_status":"open","ping_status":"closed","template":"","meta":{"_seopress_robots_primary_cat":"none","_seopress_titles_title":"Wholesale D-cut shape shopping non-woven bag","_seopress_titles_desc":"","_seopress_robots_index":""},"product_brand":[],"product_cat":[29,105,111],"product_tag":[139],"class_list":{"0":"post-4679","1":"product","2":"type-product","3":"status-publish","4":"has-post-thumbnail","6":"product_cat-tote-bag","7":"product_cat-non-woven-bag","8":"product_cat-promotional-events","9":"product_tag-non-woven-bag","11":"first","12":"instock","13":"taxable","14":"shipping-taxable","15":"product-type-simple"},"_links":{"self":[{"href":"https:\/\/avecobaggie.com\/pt\/wp-json\/wp\/v2\/product\/4679","targetHints":{"allow":["GET"]}}],"collection":[{"href":"https:\/\/avecobaggie.com\/pt\/wp-json\/wp\/v2\/product"}],"about":[{"href":"https:\/\/avecobaggie.com\/pt\/wp-json\/wp\/v2\/types\/product"}],"replies":[{"embeddable":true,"href":"https:\/\/avecobaggie.com\/pt\/wp-json\/wp\/v2\/comments?post=4679"}],"wp:featuredmedia":[{"embeddable":true,"href":"https:\/\/avecobaggie.com\/pt\/wp-json\/wp\/v2\/media\/4680"}],"wp:attachment":[{"href":"https:\/\/avecobaggie.com\/pt\/wp-json\/wp\/v2\/media?parent=4679"}],"wp:term":[{"taxonomy":"product_brand","embeddable":true,"href":"https:\/\/avecobaggie.com\/pt\/wp-json\/wp\/v2\/product_brand?post=4679"},{"taxonomy":"product_cat","embeddable":true,"href":"https:\/\/avecobaggie.com\/pt\/wp-json\/wp\/v2\/product_cat?post=4679"},{"taxonomy":"product_tag","embeddable":true,"href":"https:\/\/avecobaggie.com\/pt\/wp-json\/wp\/v2\/product_tag?post=4679"}],"curies":[{"name":"wp","href":"https:\/\/api.w.org\/{rel}","templated":true}]}}