{"id":4695,"date":"2021-10-12T14:43:16","date_gmt":"2021-10-12T06:43:16","guid":{"rendered":"https:\/\/avecobaggie.com\/?post_type=product&#038;p=4695"},"modified":"2021-10-13T15:35:32","modified_gmt":"2021-10-13T07:35:32","slug":"halloween-gift-non-woven-tote-bag","status":"publish","type":"product","link":"https:\/\/avecobaggie.com\/pt\/produto\/halloween-gift-non-woven-tote-bag\/","title":{"rendered":"Saco em tecido n\u00e3o tecido para prenda de Halloween"},"content":{"rendered":"<p>Non-woven bag has stitching and heat press 2 different splicing methods, normally heat press is popular.<br \/>\nThe Halloween gift non-woven bag use stitching, it&#8217;s more durable than heat-press.<br \/>\nDifferent from other Halloween gifts, the design for bags is not scary and full of Halloween elements, even kindergarten children can use.<br \/>\nWhatever you are sourcing for Halloween bags or promotional non-woven bags for Halloween, gift non-woven tote bags fit your request.<br \/>\nHalloween is coming! Even you haven&#8217;t start Halloween bag business, place your order right away!<br \/>\nFast production time and quick delivery days won&#8217;t delay your Halloween plans!<\/p>\n<p>CARACTER\u00cdSTICAS DO PRODUTO<\/p>\n<ul>\n<li><strong>Estilo do saco<\/strong>: Halloween gift non-woven bag<\/li>\n<li><strong>Tipo de material<\/strong>: 65gsm n\u00e3o tecido<\/li>\n<li><strong>Cor do material<\/strong>: Amarelo, roxo, laranja, preto ou outras cores personalizadas<\/li>\n<li><strong>Tamanho do saco<\/strong>: 35X30CM (lista com tamanho padr\u00e3o, aceitamos saco de tamanho personalizado \uff09<\/li>\n<li><strong>\u00c1rea de impress\u00e3o<\/strong>: 1 cor | 2 cores | mais cores| Impress\u00e3o completa, impress\u00e3o de um lado ou dois lados<\/li>\n<li><strong>Instru\u00e7\u00f5es de manuten\u00e7\u00e3o<\/strong>: Lavagem apenas \u00e0 m\u00e3o.<\/li>\n<\/ul>","protected":false},"excerpt":{"rendered":"<p>O saco de n\u00e3o-tecido para o Dia das Bruxas com padr\u00e3o e elementos de desenhos animados far\u00e1 com que os sacos de oferta sejam bonitos mas n\u00e3o assustadores.<br \/>\nSe quiser criar o seu pr\u00f3prio saco de Halloween em tecido n\u00e3o tecido, envie o ficheiro do desenho e receber\u00e1 os presentes de Halloween ap\u00f3s 15 dias.<\/p>","protected":false},"featured_media":4696,"comment_status":"open","ping_status":"closed","template":"","meta":{"_seopress_robots_primary_cat":"none","_seopress_titles_title":"Halloween gift non woven tote bag","_seopress_titles_desc":"","_seopress_robots_index":""},"product_brand":[],"product_cat":[29,105,111],"product_tag":[139],"class_list":{"0":"post-4695","1":"product","2":"type-product","3":"status-publish","4":"has-post-thumbnail","6":"product_cat-tote-bag","7":"product_cat-non-woven-bag","8":"product_cat-promotional-events","9":"product_tag-non-woven-bag","11":"first","12":"instock","13":"taxable","14":"shipping-taxable","15":"product-type-simple"},"_links":{"self":[{"href":"https:\/\/avecobaggie.com\/pt\/wp-json\/wp\/v2\/product\/4695","targetHints":{"allow":["GET"]}}],"collection":[{"href":"https:\/\/avecobaggie.com\/pt\/wp-json\/wp\/v2\/product"}],"about":[{"href":"https:\/\/avecobaggie.com\/pt\/wp-json\/wp\/v2\/types\/product"}],"replies":[{"embeddable":true,"href":"https:\/\/avecobaggie.com\/pt\/wp-json\/wp\/v2\/comments?post=4695"}],"wp:featuredmedia":[{"embeddable":true,"href":"https:\/\/avecobaggie.com\/pt\/wp-json\/wp\/v2\/media\/4696"}],"wp:attachment":[{"href":"https:\/\/avecobaggie.com\/pt\/wp-json\/wp\/v2\/media?parent=4695"}],"wp:term":[{"taxonomy":"product_brand","embeddable":true,"href":"https:\/\/avecobaggie.com\/pt\/wp-json\/wp\/v2\/product_brand?post=4695"},{"taxonomy":"product_cat","embeddable":true,"href":"https:\/\/avecobaggie.com\/pt\/wp-json\/wp\/v2\/product_cat?post=4695"},{"taxonomy":"product_tag","embeddable":true,"href":"https:\/\/avecobaggie.com\/pt\/wp-json\/wp\/v2\/product_tag?post=4695"}],"curies":[{"name":"wp","href":"https:\/\/api.w.org\/{rel}","templated":true}]}}