{"id":4700,"date":"2021-10-12T15:54:52","date_gmt":"2021-10-12T07:54:52","guid":{"rendered":"https:\/\/avecobaggie.com\/?post_type=product&#038;p=4700"},"modified":"2021-10-13T15:38:53","modified_gmt":"2021-10-13T07:38:53","slug":"non-woven-drawstring-shoe-bag","status":"publish","type":"product","link":"https:\/\/avecobaggie.com\/pt\/produto\/non-woven-drawstring-shoe-bag\/","title":{"rendered":"Saco para sapatos em tecido n\u00e3o tecido com cord\u00e3o"},"content":{"rendered":"<p>J\u00e1 reparou que h\u00e1 sempre papel ou tecido entre dois sapatos?<br \/>\nSeja qual for o cal\u00e7ado que montamos no centro comercial ou recebemos o pacote da loja de com\u00e9rcio eletr\u00f3nico, uma vez aberta a tampa da caixa, pode ver o cal\u00e7ado bem embalado,<br \/>\nOs sapatos v\u00e3o ro\u00e7ar uns nos outros durante a entrega.<br \/>\nAo contr\u00e1rio do papel sem \u00e1cido, o saco para sapatos em n\u00e3o-tecido \u00e9 mais dur\u00e1vel e amigo do ambiente, o papel parte-se ao entrar em contacto com a \u00e1gua ou ao ser maltratado, o saco para sapatos em n\u00e3o-tecido \u00e9 reutiliz\u00e1vel e leve.<br \/>\nA adi\u00e7\u00e3o de um cordel n\u00e3o s\u00f3 ajuda a fechar o saco dos sapatos, como tamb\u00e9m pode ser utilizado com os sapatos de viagem.<br \/>\nO saco n\u00e3o tecido para prensagem a quente \u00e9 a melhor solu\u00e7\u00e3o para substituir o papel sem \u00e1cido:<br \/>\n1. Se estiver a vender cal\u00e7ado para crian\u00e7as, pode personalizar sacos de cal\u00e7ado com cord\u00e3o de tamanho pequeno e imprimir padr\u00f5es de desenhos animados para atrair clientes.<br \/>\n2. Se o seu grupo de clientes for maioritariamente constitu\u00eddo por homens adultos, um saco simples unicolor ser\u00e1 \u00fatil.<br \/>\n3. Se se centrar nos sapatos de senhora da moda, os sacos de sapatos cheios de design chamar\u00e3o mais a aten\u00e7\u00e3o do que os sapatos<\/p>\n<p>&nbsp;<\/p>\n<p>CARACTER\u00cdSTICAS DO PRODUTO<\/p>\n<ul>\n<li><strong>Estilo do saco<\/strong>: Saco para sapatos em tecido n\u00e3o tecido com cord\u00e3o<\/li>\n<li><strong>Tipo de material<\/strong>: 65gsm n\u00e3o tecido<\/li>\n<li><strong>Cor do material<\/strong>: Branco, podemos personalizar outras cores Pantone<\/li>\n<li><strong>Tamanho do saco<\/strong>: 30X20CM (lista com tamanho padr\u00e3o, aceitamos saco de tamanho personalizado \uff09<\/li>\n<li><strong>\u00c1rea de impress\u00e3o<\/strong>: 1 cor | 2 cores | mais cores| Impress\u00e3o completa, impress\u00e3o de um lado ou dois lados<\/li>\n<li><strong>Instru\u00e7\u00f5es de manuten\u00e7\u00e3o<\/strong>: Lavagem apenas \u00e0 m\u00e3o.<\/li>\n<\/ul>","protected":false},"excerpt":{"rendered":"<p>Saco de sapatos de cord\u00e3o n\u00e3o tecido feito de n\u00e3o tecido de cor bege, o fecho evita que os sapatos saiam ao abanar, adequado como saco de embalagem, promo\u00e7\u00e3o e uso di\u00e1rio.<\/p>","protected":false},"featured_media":4709,"comment_status":"open","ping_status":"closed","template":"","meta":{"_seopress_robots_primary_cat":"none","_seopress_titles_title":"Non-woven drawstring shoe bag","_seopress_titles_desc":"","_seopress_robots_index":""},"product_brand":[],"product_cat":[92,105,112,110],"product_tag":[139],"class_list":{"0":"post-4700","1":"product","2":"type-product","3":"status-publish","4":"has-post-thumbnail","6":"product_cat-drawstring-bag","7":"product_cat-non-woven-bag","8":"product_cat-sports","9":"product_cat-travel","10":"product_tag-non-woven-bag","12":"first","13":"instock","14":"taxable","15":"shipping-taxable","16":"product-type-simple"},"_links":{"self":[{"href":"https:\/\/avecobaggie.com\/pt\/wp-json\/wp\/v2\/product\/4700","targetHints":{"allow":["GET"]}}],"collection":[{"href":"https:\/\/avecobaggie.com\/pt\/wp-json\/wp\/v2\/product"}],"about":[{"href":"https:\/\/avecobaggie.com\/pt\/wp-json\/wp\/v2\/types\/product"}],"replies":[{"embeddable":true,"href":"https:\/\/avecobaggie.com\/pt\/wp-json\/wp\/v2\/comments?post=4700"}],"wp:featuredmedia":[{"embeddable":true,"href":"https:\/\/avecobaggie.com\/pt\/wp-json\/wp\/v2\/media\/4709"}],"wp:attachment":[{"href":"https:\/\/avecobaggie.com\/pt\/wp-json\/wp\/v2\/media?parent=4700"}],"wp:term":[{"taxonomy":"product_brand","embeddable":true,"href":"https:\/\/avecobaggie.com\/pt\/wp-json\/wp\/v2\/product_brand?post=4700"},{"taxonomy":"product_cat","embeddable":true,"href":"https:\/\/avecobaggie.com\/pt\/wp-json\/wp\/v2\/product_cat?post=4700"},{"taxonomy":"product_tag","embeddable":true,"href":"https:\/\/avecobaggie.com\/pt\/wp-json\/wp\/v2\/product_tag?post=4700"}],"curies":[{"name":"wp","href":"https:\/\/api.w.org\/{rel}","templated":true}]}}