{"id":4711,"date":"2021-10-13T14:36:50","date_gmt":"2021-10-13T06:36:50","guid":{"rendered":"https:\/\/avecobaggie.com\/?post_type=product&#038;p=4711"},"modified":"2021-10-15T14:45:32","modified_gmt":"2021-10-15T06:45:32","slug":"unicolor-non-woven-tote-bag","status":"publish","type":"product","link":"https:\/\/avecobaggie.com\/pt\/produto\/unicolor-non-woven-tote-bag\/","title":{"rendered":"Saco de compras em tecido n\u00e3o tecido unicolor"},"content":{"rendered":"<p>O saco tote em tecido n\u00e3o tecido \u00e9 comum na vida quotidiana,<br \/>\npode ver sacos de tecido n\u00e3o tecido na montra com \"BIG SALE\",<br \/>\nAt\u00e9 algumas empresas de restaura\u00e7\u00e3o r\u00e1pida utilizam sacos de tecido n\u00e3o tecido para embalar comida para levar, como o Burger King.<br \/>\nAl\u00e9m disso, as novas lojas de marcas pessoais que abrem utilizam sacos de tote n\u00e3o tecidos como ofertas gratuitas para os novos membros.<br \/>\nPara os sacos de n\u00e3o-tecido, existe a lamina\u00e7\u00e3o e a n\u00e3o-lamina\u00e7\u00e3o,<br \/>\nOs eventos promocionais podem utilizar sacos n\u00e3o tecidos sem lamina\u00e7\u00e3o, o que permitir\u00e1 controlar o or\u00e7amento e proporcionar um bom saco promocional.<\/p>\n<p>&nbsp;<\/p>\n<p>CARACTER\u00cdSTICAS DO PRODUTO<\/p>\n<ul>\n<li><strong>Estilo do saco<\/strong>: Saco de tecido n\u00e3o tecido<\/li>\n<li><strong>Tipo de material<\/strong>: 65gsm n\u00e3o tecido<\/li>\n<li><strong>Cor do material<\/strong>: Branco, podemos personalizar outras cores Pantone<\/li>\n<li><strong>Tamanho do saco<\/strong>: 40X30CM (lista com tamanho padr\u00e3o, aceitamos saco de tamanho personalizado \uff09<\/li>\n<li><strong>\u00c1rea de impress\u00e3o<\/strong>: 1 cor | 2 cores | mais cores| Impress\u00e3o completa, impress\u00e3o de um lado ou dois lados<\/li>\n<li><strong>Instru\u00e7\u00f5es de manuten\u00e7\u00e3o<\/strong>: Lavagem apenas \u00e0 m\u00e3o.<\/li>\n<\/ul>","protected":false},"excerpt":{"rendered":"<p>O saco de compras em tecido n\u00e3o tecido unicolor misto com log\u00f3tipo ajudar\u00e1 o seu saco promocional em tecido n\u00e3o tecido a destacar-se nos eventos.<\/p>","protected":false},"featured_media":4712,"comment_status":"open","ping_status":"closed","template":"","meta":{"_seopress_robots_primary_cat":"none","_seopress_titles_title":"Unicolor non-woven shopping tote bag","_seopress_titles_desc":"","_seopress_robots_index":""},"product_brand":[],"product_cat":[29,105,112,110],"product_tag":[139],"class_list":{"0":"post-4711","1":"product","2":"type-product","3":"status-publish","4":"has-post-thumbnail","6":"product_cat-tote-bag","7":"product_cat-non-woven-bag","8":"product_cat-sports","9":"product_cat-travel","10":"product_tag-non-woven-bag","12":"first","13":"instock","14":"taxable","15":"shipping-taxable","16":"product-type-simple"},"_links":{"self":[{"href":"https:\/\/avecobaggie.com\/pt\/wp-json\/wp\/v2\/product\/4711","targetHints":{"allow":["GET"]}}],"collection":[{"href":"https:\/\/avecobaggie.com\/pt\/wp-json\/wp\/v2\/product"}],"about":[{"href":"https:\/\/avecobaggie.com\/pt\/wp-json\/wp\/v2\/types\/product"}],"replies":[{"embeddable":true,"href":"https:\/\/avecobaggie.com\/pt\/wp-json\/wp\/v2\/comments?post=4711"}],"wp:featuredmedia":[{"embeddable":true,"href":"https:\/\/avecobaggie.com\/pt\/wp-json\/wp\/v2\/media\/4712"}],"wp:attachment":[{"href":"https:\/\/avecobaggie.com\/pt\/wp-json\/wp\/v2\/media?parent=4711"}],"wp:term":[{"taxonomy":"product_brand","embeddable":true,"href":"https:\/\/avecobaggie.com\/pt\/wp-json\/wp\/v2\/product_brand?post=4711"},{"taxonomy":"product_cat","embeddable":true,"href":"https:\/\/avecobaggie.com\/pt\/wp-json\/wp\/v2\/product_cat?post=4711"},{"taxonomy":"product_tag","embeddable":true,"href":"https:\/\/avecobaggie.com\/pt\/wp-json\/wp\/v2\/product_tag?post=4711"}],"curies":[{"name":"wp","href":"https:\/\/api.w.org\/{rel}","templated":true}]}}