{"id":4727,"date":"2021-10-15T14:43:58","date_gmt":"2021-10-15T06:43:58","guid":{"rendered":"https:\/\/avecobaggie.com\/?post_type=product&#038;p=4727"},"modified":"2022-09-05T11:02:32","modified_gmt":"2022-09-05T03:02:32","slug":"black-nylon-non-woven-bag","status":"publish","type":"product","link":"https:\/\/avecobaggie.com\/pt\/produto\/black-nylon-non-woven-bag\/","title":{"rendered":"Saco n\u00e3o tecido de nylon preto"},"content":{"rendered":"<p>J\u00e1 se sentiu incomodado quando saiu para fazer compras de pequenas coisas mas n\u00e3o tinha um saco adequado para as levar?<br \/>\nO saco normal \u00e9 demasiado grande para 2 batatas, mas nenhum saco pode conter batatas \u00e0 m\u00e3o.<br \/>\nPorque n\u00e3o colocar sacos de nylon n\u00e3o tecido no seu saco di\u00e1rio?<br \/>\n\u00c9 dobr\u00e1vel e leve, podendo ser guardado no saco de transporte se n\u00e3o for necess\u00e1rio.<br \/>\nDevido ao material e ao processo de produ\u00e7\u00e3o, o pre\u00e7o dos sacos n\u00e3o tecidos ser\u00e1 inferior ao do algod\u00e3o natural, do linho e do saco de juta.<br \/>\nComo saco de mercearia, pode ser vendido como uma combina\u00e7\u00e3o, por exemplo, 10 unidades ou 20 unidades com informa\u00e7\u00f5es diferentes que ajudar\u00e3o os utilizadores a reconhecer.<\/p>\n<p>&nbsp;<\/p>\n<p>&nbsp;<\/p>\n<p>CARACTER\u00cdSTICAS DO PRODUTO<\/p>\n<ul>\n<li><strong>Estilo do saco<\/strong>: Saco de nylon n\u00e3o tecido<\/li>\n<li><strong>Tipo de material<\/strong>: 65gsm n\u00e3o tecido<\/li>\n<li><strong>Cor do material<\/strong>: Preto, podemos personalizar outras cores Pantone<\/li>\n<li><strong>Tamanho do saco<\/strong>: 30X20CM (lista com tamanho padr\u00e3o, aceitamos saco de tamanho personalizado \uff09<\/li>\n<li><strong>\u00c1rea de impress\u00e3o<\/strong>: 1 cor | 2 cores | mais cores| Impress\u00e3o completa, impress\u00e3o de um lado ou dois lados<\/li>\n<li><strong>Instru\u00e7\u00f5es de manuten\u00e7\u00e3o<\/strong>: Lavagem apenas \u00e0 m\u00e3o.<\/li>\n<\/ul>","protected":false},"excerpt":{"rendered":"<p>O saco de nylon n\u00e3o tecido dobr\u00e1vel tem a mesma forma que o saco de nylon de pl\u00e1stico,<br \/>\nmas \u00e9 reutiliz\u00e1vel, recicl\u00e1vel e degrad\u00e1vel.<\/p>","protected":false},"featured_media":4728,"comment_status":"open","ping_status":"closed","template":"","meta":{"_seopress_robots_primary_cat":"none","_seopress_titles_title":"Black nylon non-woven bag","_seopress_titles_desc":"","_seopress_robots_index":""},"product_brand":[],"product_cat":[29,105,109],"product_tag":[139],"class_list":{"0":"post-4727","1":"product","2":"type-product","3":"status-publish","4":"has-post-thumbnail","6":"product_cat-tote-bag","7":"product_cat-non-woven-bag","8":"product_cat-everyday","9":"product_tag-non-woven-bag","11":"first","12":"instock","13":"taxable","14":"shipping-taxable","15":"product-type-simple"},"_links":{"self":[{"href":"https:\/\/avecobaggie.com\/pt\/wp-json\/wp\/v2\/product\/4727","targetHints":{"allow":["GET"]}}],"collection":[{"href":"https:\/\/avecobaggie.com\/pt\/wp-json\/wp\/v2\/product"}],"about":[{"href":"https:\/\/avecobaggie.com\/pt\/wp-json\/wp\/v2\/types\/product"}],"replies":[{"embeddable":true,"href":"https:\/\/avecobaggie.com\/pt\/wp-json\/wp\/v2\/comments?post=4727"}],"wp:featuredmedia":[{"embeddable":true,"href":"https:\/\/avecobaggie.com\/pt\/wp-json\/wp\/v2\/media\/4728"}],"wp:attachment":[{"href":"https:\/\/avecobaggie.com\/pt\/wp-json\/wp\/v2\/media?parent=4727"}],"wp:term":[{"taxonomy":"product_brand","embeddable":true,"href":"https:\/\/avecobaggie.com\/pt\/wp-json\/wp\/v2\/product_brand?post=4727"},{"taxonomy":"product_cat","embeddable":true,"href":"https:\/\/avecobaggie.com\/pt\/wp-json\/wp\/v2\/product_cat?post=4727"},{"taxonomy":"product_tag","embeddable":true,"href":"https:\/\/avecobaggie.com\/pt\/wp-json\/wp\/v2\/product_tag?post=4727"}],"curies":[{"name":"wp","href":"https:\/\/api.w.org\/{rel}","templated":true}]}}