{"id":7496,"date":"2022-11-07T10:45:05","date_gmt":"2022-11-07T02:45:05","guid":{"rendered":"https:\/\/avecobaggie.com\/?post_type=product&#038;p=7496"},"modified":"2022-11-07T10:59:22","modified_gmt":"2022-11-07T02:59:22","slug":"solid-color-patterned-tote-bag","status":"publish","type":"product","link":"https:\/\/avecobaggie.com\/pt\/produto\/solid-color-patterned-tote-bag\/","title":{"rendered":"Saco de viagem com padr\u00e3o de cor s\u00f3lida"},"content":{"rendered":"<h4 class=\"p1\">\u00a0Carater\u00edsticas do produto<\/h4>\n<ul>\n<li><strong>Estilo do saco<\/strong>: Bolsas<\/li>\n<li><strong>Tipo de material<\/strong>: Tela<\/li>\n<li><strong>Cor do material<\/strong>: Cor personalizada<\/li>\n<li><strong>Tamanho do saco<\/strong>: 40*35cm,45*40cm,37*35*10cm,45*35*10cm,Customize Size<\/li>\n<li><strong>\u00c1rea de impress\u00e3o<\/strong>: sem impress\u00e3o ou com impress\u00e3o personalizada<\/li>\n<li><strong>Instru\u00e7\u00f5es de manuten\u00e7\u00e3o<\/strong>: Recomenda-se a lavagem \u00e0 m\u00e3o, a lavagem \u00e0 m\u00e1quina tamb\u00e9m \u00e9 aceit\u00e1vel, pendurar a secar.<\/li>\n<\/ul>","protected":false},"excerpt":{"rendered":"<p>Saco de lona elegante com um bolso externo, f\u00e1cil de colocar pequenas coisas. Fecho de correr superior para o proteger. O fundo \u00e9 com refor\u00e7o para o tornar espa\u00e7oso, popular na forma e requintado no acabamento.<\/p>","protected":false},"featured_media":7500,"comment_status":"open","ping_status":"closed","template":"","meta":{"_seopress_robots_primary_cat":"none","_seopress_titles_title":"","_seopress_titles_desc":"","_seopress_robots_index":""},"product_brand":[],"product_cat":[29,100,102],"product_tag":[],"class_list":{"0":"post-7496","1":"product","2":"type-product","3":"status-publish","4":"has-post-thumbnail","6":"product_cat-tote-bag","7":"product_cat-other-creative-bag","8":"product_cat-cotton-canvas-bag","10":"first","11":"instock","12":"taxable","13":"shipping-taxable","14":"product-type-simple"},"_links":{"self":[{"href":"https:\/\/avecobaggie.com\/pt\/wp-json\/wp\/v2\/product\/7496","targetHints":{"allow":["GET"]}}],"collection":[{"href":"https:\/\/avecobaggie.com\/pt\/wp-json\/wp\/v2\/product"}],"about":[{"href":"https:\/\/avecobaggie.com\/pt\/wp-json\/wp\/v2\/types\/product"}],"replies":[{"embeddable":true,"href":"https:\/\/avecobaggie.com\/pt\/wp-json\/wp\/v2\/comments?post=7496"}],"wp:featuredmedia":[{"embeddable":true,"href":"https:\/\/avecobaggie.com\/pt\/wp-json\/wp\/v2\/media\/7500"}],"wp:attachment":[{"href":"https:\/\/avecobaggie.com\/pt\/wp-json\/wp\/v2\/media?parent=7496"}],"wp:term":[{"taxonomy":"product_brand","embeddable":true,"href":"https:\/\/avecobaggie.com\/pt\/wp-json\/wp\/v2\/product_brand?post=7496"},{"taxonomy":"product_cat","embeddable":true,"href":"https:\/\/avecobaggie.com\/pt\/wp-json\/wp\/v2\/product_cat?post=7496"},{"taxonomy":"product_tag","embeddable":true,"href":"https:\/\/avecobaggie.com\/pt\/wp-json\/wp\/v2\/product_tag?post=7496"}],"curies":[{"name":"wp","href":"https:\/\/api.w.org\/{rel}","templated":true}]}}