{"id":7501,"date":"2022-11-07T11:00:53","date_gmt":"2022-11-07T03:00:53","guid":{"rendered":"https:\/\/avecobaggie.com\/?post_type=product&#038;p=7501"},"modified":"2022-11-07T11:20:37","modified_gmt":"2022-11-07T03:20:37","slug":"natural-canvas-bag-blank-cotton-carry-on-bag","status":"publish","type":"product","link":"https:\/\/avecobaggie.com\/pt\/produto\/natural-canvas-bag-blank-cotton-carry-on-bag\/","title":{"rendered":"Saco de lona natural saco de transporte de algod\u00e3o em branco"},"content":{"rendered":"<h4 class=\"p1\">\u00a0Carater\u00edsticas do produto<\/h4>\n<ul>\n<li><strong>Estilo do saco<\/strong>: Bolsas<\/li>\n<li><strong>Tipo de material<\/strong>: Lona , Algod\u00e3o<\/li>\n<li><strong>Cor do material<\/strong>: Cor personalizada<\/li>\n<li><strong>Tamanho do saco<\/strong>: 30*30cm,Tamanho personalizado<\/li>\n<li><strong>\u00c1rea de impress\u00e3o<\/strong>: sem impress\u00e3o ou com impress\u00e3o personalizada<\/li>\n<li><strong>Instru\u00e7\u00f5es de manuten\u00e7\u00e3o<\/strong>: Recomenda-se a lavagem \u00e0 m\u00e3o, a lavagem \u00e0 m\u00e1quina tamb\u00e9m \u00e9 aceit\u00e1vel, pendurar a secar.<\/li>\n<\/ul>","protected":false},"excerpt":{"rendered":"<p>Saco de lona elegante com um bolso externo, f\u00e1cil de colocar pequenas coisas. Fecho de correr superior para o manter seguro.<\/p>","protected":false},"featured_media":7506,"comment_status":"open","ping_status":"closed","template":"","meta":{"_seopress_robots_primary_cat":"none","_seopress_titles_title":"","_seopress_titles_desc":"","_seopress_robots_index":""},"product_brand":[],"product_cat":[29,100,102],"product_tag":[],"class_list":{"0":"post-7501","1":"product","2":"type-product","3":"status-publish","4":"has-post-thumbnail","6":"product_cat-tote-bag","7":"product_cat-other-creative-bag","8":"product_cat-cotton-canvas-bag","10":"first","11":"instock","12":"taxable","13":"shipping-taxable","14":"product-type-simple"},"_links":{"self":[{"href":"https:\/\/avecobaggie.com\/pt\/wp-json\/wp\/v2\/product\/7501","targetHints":{"allow":["GET"]}}],"collection":[{"href":"https:\/\/avecobaggie.com\/pt\/wp-json\/wp\/v2\/product"}],"about":[{"href":"https:\/\/avecobaggie.com\/pt\/wp-json\/wp\/v2\/types\/product"}],"replies":[{"embeddable":true,"href":"https:\/\/avecobaggie.com\/pt\/wp-json\/wp\/v2\/comments?post=7501"}],"wp:featuredmedia":[{"embeddable":true,"href":"https:\/\/avecobaggie.com\/pt\/wp-json\/wp\/v2\/media\/7506"}],"wp:attachment":[{"href":"https:\/\/avecobaggie.com\/pt\/wp-json\/wp\/v2\/media?parent=7501"}],"wp:term":[{"taxonomy":"product_brand","embeddable":true,"href":"https:\/\/avecobaggie.com\/pt\/wp-json\/wp\/v2\/product_brand?post=7501"},{"taxonomy":"product_cat","embeddable":true,"href":"https:\/\/avecobaggie.com\/pt\/wp-json\/wp\/v2\/product_cat?post=7501"},{"taxonomy":"product_tag","embeddable":true,"href":"https:\/\/avecobaggie.com\/pt\/wp-json\/wp\/v2\/product_tag?post=7501"}],"curies":[{"name":"wp","href":"https:\/\/api.w.org\/{rel}","templated":true}]}}