{"id":7512,"date":"2022-11-07T14:54:56","date_gmt":"2022-11-07T06:54:56","guid":{"rendered":"https:\/\/avecobaggie.com\/?post_type=product&#038;p=7512"},"modified":"2022-11-07T15:11:05","modified_gmt":"2022-11-07T07:11:05","slug":"coffee-mug-cover-drink-strap-canvas-bag","status":"publish","type":"product","link":"https:\/\/avecobaggie.com\/pt\/produto\/coffee-mug-cover-drink-strap-canvas-bag\/","title":{"rendered":"Bolsa de lona com al\u00e7a para bebida e capa para caneca de caf\u00e9"},"content":{"rendered":"<h4 class=\"p1\">\u00a0Carater\u00edsticas do produto<\/h4>\n<ul>\n<li><strong>Estilo do saco<\/strong>: Bolsas<\/li>\n<li><strong>Tipo de material<\/strong>: Tela<\/li>\n<li><strong>Cor do material<\/strong>: Cor personalizada<\/li>\n<li><strong>Tamanho do saco<\/strong>: Personalizar o tamanho<\/li>\n<li><strong>\u00c1rea de impress\u00e3o<\/strong>: sem impress\u00e3o ou com impress\u00e3o personalizada<\/li>\n<li><strong>Instru\u00e7\u00f5es de manuten\u00e7\u00e3o<\/strong>: Recomenda-se a lavagem \u00e0 m\u00e3o, a lavagem \u00e0 m\u00e1quina tamb\u00e9m \u00e9 aceit\u00e1vel, pendurar a secar.<\/li>\n<\/ul>","protected":false},"excerpt":{"rendered":"<p>Manga criativa para resist\u00eancia ao calor, al\u00e7as longas f\u00e1ceis de transportar.<\/p>","protected":false},"featured_media":7515,"comment_status":"open","ping_status":"closed","template":"","meta":{"_seopress_robots_primary_cat":"none","_seopress_titles_title":"","_seopress_titles_desc":"","_seopress_robots_index":""},"product_brand":[],"product_cat":[29,100,102,109],"product_tag":[],"class_list":{"0":"post-7512","1":"product","2":"type-product","3":"status-publish","4":"has-post-thumbnail","6":"product_cat-tote-bag","7":"product_cat-other-creative-bag","8":"product_cat-cotton-canvas-bag","9":"product_cat-everyday","11":"first","12":"instock","13":"taxable","14":"shipping-taxable","15":"product-type-simple"},"_links":{"self":[{"href":"https:\/\/avecobaggie.com\/pt\/wp-json\/wp\/v2\/product\/7512","targetHints":{"allow":["GET"]}}],"collection":[{"href":"https:\/\/avecobaggie.com\/pt\/wp-json\/wp\/v2\/product"}],"about":[{"href":"https:\/\/avecobaggie.com\/pt\/wp-json\/wp\/v2\/types\/product"}],"replies":[{"embeddable":true,"href":"https:\/\/avecobaggie.com\/pt\/wp-json\/wp\/v2\/comments?post=7512"}],"wp:featuredmedia":[{"embeddable":true,"href":"https:\/\/avecobaggie.com\/pt\/wp-json\/wp\/v2\/media\/7515"}],"wp:attachment":[{"href":"https:\/\/avecobaggie.com\/pt\/wp-json\/wp\/v2\/media?parent=7512"}],"wp:term":[{"taxonomy":"product_brand","embeddable":true,"href":"https:\/\/avecobaggie.com\/pt\/wp-json\/wp\/v2\/product_brand?post=7512"},{"taxonomy":"product_cat","embeddable":true,"href":"https:\/\/avecobaggie.com\/pt\/wp-json\/wp\/v2\/product_cat?post=7512"},{"taxonomy":"product_tag","embeddable":true,"href":"https:\/\/avecobaggie.com\/pt\/wp-json\/wp\/v2\/product_tag?post=7512"}],"curies":[{"name":"wp","href":"https:\/\/api.w.org\/{rel}","templated":true}]}}