{"id":7518,"date":"2022-11-07T17:35:51","date_gmt":"2022-11-07T09:35:51","guid":{"rendered":"https:\/\/avecobaggie.com\/?post_type=product&#038;p=7518"},"modified":"2022-11-16T11:47:25","modified_gmt":"2022-11-16T03:47:25","slug":"folding-portable-shopping-bag-reusable-bag-waterproof-storage-oxford-cloth-bag-can-be-printed-with-logo","status":"publish","type":"product","link":"https:\/\/avecobaggie.com\/pt\/produto\/folding-portable-shopping-bag-reusable-bag-waterproof-storage-oxford-cloth-bag-can-be-printed-with-logo\/","title":{"rendered":"Saco de compras port\u00e1til dobr\u00e1vel saco de compras reutiliz\u00e1vel saco de armazenamento \u00e0 prova de \u00e1gua saco de tecido Oxford pode ser impresso com LOGO"},"content":{"rendered":"<p>CARACTER\u00cdSTICAS DO PRODUTO<\/p>\n<ul>\n<li><strong>Estilo do saco<\/strong>: Saco de compras dobr\u00e1vel e port\u00e1til<\/li>\n<li><strong>Tipo de material<\/strong>: <a class=\"color_pc_blue_text\" data-keyword=\"oxford cloth\">tecido oxford<\/a><\/li>\n<li><strong>Cor do material<\/strong>: Amarelo, roxo, laranja, preto ou outras cores personalizadas<\/li>\n<li><strong>Tamanho do saco<\/strong>: 35X30CM (lista com tamanho padr\u00e3o, aceitamos saco de tamanho personalizado \uff09<\/li>\n<li><strong>\u00c1rea de impress\u00e3o<\/strong>: 1 cor | 2 cores | mais cores| Impress\u00e3o completa, impress\u00e3o de um lado ou dois lados<\/li>\n<li><strong>Instru\u00e7\u00f5es de manuten\u00e7\u00e3o<\/strong>: Lavagem apenas \u00e0 m\u00e3o.<\/li>\n<\/ul>","protected":false},"excerpt":{"rendered":"<p>O saco de n\u00e3o-tecido para o Dia das Bruxas com padr\u00e3o e elementos de desenhos animados far\u00e1 com que os sacos de oferta sejam bonitos mas n\u00e3o assustadores.<br \/>\nSe quiser criar o seu pr\u00f3prio saco de Halloween em tecido n\u00e3o tecido, envie o ficheiro do desenho e receber\u00e1 os presentes de Halloween ap\u00f3s 15 dias.<\/p>","protected":false},"featured_media":7519,"comment_status":"open","ping_status":"closed","template":"","meta":{"_seopress_robots_primary_cat":"none","_seopress_titles_title":"","_seopress_titles_desc":"","_seopress_robots_index":""},"product_brand":[],"product_cat":[29,105,111],"product_tag":[139],"class_list":{"0":"post-7518","1":"product","2":"type-product","3":"status-publish","4":"has-post-thumbnail","6":"product_cat-tote-bag","7":"product_cat-non-woven-bag","8":"product_cat-promotional-events","9":"product_tag-non-woven-bag","11":"first","12":"instock","13":"taxable","14":"shipping-taxable","15":"product-type-simple"},"_links":{"self":[{"href":"https:\/\/avecobaggie.com\/pt\/wp-json\/wp\/v2\/product\/7518","targetHints":{"allow":["GET"]}}],"collection":[{"href":"https:\/\/avecobaggie.com\/pt\/wp-json\/wp\/v2\/product"}],"about":[{"href":"https:\/\/avecobaggie.com\/pt\/wp-json\/wp\/v2\/types\/product"}],"replies":[{"embeddable":true,"href":"https:\/\/avecobaggie.com\/pt\/wp-json\/wp\/v2\/comments?post=7518"}],"wp:featuredmedia":[{"embeddable":true,"href":"https:\/\/avecobaggie.com\/pt\/wp-json\/wp\/v2\/media\/7519"}],"wp:attachment":[{"href":"https:\/\/avecobaggie.com\/pt\/wp-json\/wp\/v2\/media?parent=7518"}],"wp:term":[{"taxonomy":"product_brand","embeddable":true,"href":"https:\/\/avecobaggie.com\/pt\/wp-json\/wp\/v2\/product_brand?post=7518"},{"taxonomy":"product_cat","embeddable":true,"href":"https:\/\/avecobaggie.com\/pt\/wp-json\/wp\/v2\/product_cat?post=7518"},{"taxonomy":"product_tag","embeddable":true,"href":"https:\/\/avecobaggie.com\/pt\/wp-json\/wp\/v2\/product_tag?post=7518"}],"curies":[{"name":"wp","href":"https:\/\/api.w.org\/{rel}","templated":true}]}}