{"id":7561,"date":"2022-11-17T16:08:01","date_gmt":"2022-11-17T08:08:01","guid":{"rendered":"https:\/\/avecobaggie.com\/?post_type=product&#038;p=7561"},"modified":"2022-11-17T16:22:08","modified_gmt":"2022-11-17T08:22:08","slug":"custom-thick-canvas-tote-bag-with-leather-logo","status":"publish","type":"product","link":"https:\/\/avecobaggie.com\/pt\/produto\/custom-thick-canvas-tote-bag-with-leather-logo\/","title":{"rendered":"Saco de lona grossa personalizado com log\u00f3tipo em pele"},"content":{"rendered":"<p>A empresa Aveco pode personalizar e vender por grosso sacos de lona com um servi\u00e7o de solu\u00e7\u00e3o de balc\u00e3o \u00fanico. Tamb\u00e9m temos algumas formas b\u00e1sicas de sacos para um in\u00edcio f\u00e1cil, conforme listado no s\u00edtio Web de\u00a0\u00a0<a href=\"https:\/\/avecobaggie.com\/pt\/categoria-produto\/bags-in-stock\/\"> Sacos em stock <\/a>. a maior parte dos sacos armazenados est\u00e3o em branco, sem qualquer impress\u00e3o, pelo que \u00e9 mais f\u00e1cil para si criar um log\u00f3tipo ou etiqueta privada para os seus clientes, sem qualquer m\u00ednimo.<\/p>\n<p><span class=\"Apple-converted-space\">\u00a0 \u00a0 Se quiser personalizar estes sacos ecol\u00f3gicos, tamb\u00e9m \u00e9 f\u00e1cil, alguns dos sacos s\u00e3o mesmo com pre\u00e7os extremamente baixos. <\/span>MOQ para superf\u00edcies personalizadas. Especialmente o saco de algod\u00e3o ou lona \u00e9 extremamente baixo, com 100 pe\u00e7as ou at\u00e9 menos para apoiar os iniciantes, v\u00e1 para <a href=\"https:\/\/avecobaggie.com\/pt\/custom-solutions\/\"><strong>SOLU\u00c7\u00d5ES PERSONALIZADAS<\/strong><\/a> para saber mais sobre as etapas dos sacos personalizados.<\/p>\n<h4 class=\"p1\"><span style=\"color: #333333;\">Carater\u00edsticas do produto<\/span><\/h4>\n<ul>\n<li><strong>Estilo do saco<\/strong>: Bolsas<\/li>\n<li><strong>Tipo de material<\/strong>: Tela<\/li>\n<li><strong>Material Peso<\/strong>:  12oz \/ tamb\u00e9m podemos fazer outras espessuras de acordo com o seu pedido, <a href=\"https:\/\/avecobaggie.com\/pt\/custom-solutions\/\">Clique para ver a tabela de pesos dos tecidos , <\/a>fio grosso, incluindo ponto de cruz na pega para uma maior firmeza.<\/li>\n<li><strong>Cor do material<\/strong>: Bege natural<\/li>\n<li><strong>Tamanho do saco<\/strong>:35.5 * 36 * 10.5CM (lista com tamanho padr\u00e3o, aceitamos saco de tamanho personalizado \uff09<\/li>\n<li><strong>\u00c1rea de impress\u00e3o<\/strong>: 1 cor | 2 cores | mais cores| Impress\u00e3o completa, impress\u00e3o de um lado ou dois lados<\/li>\n<li><strong>Encerramento<\/strong>: Fecho de correr superior<\/li>\n<\/ul>\n<h4 class=\"a-spacing-mini\">Polivalente<\/h4>\n<p>A bolsa pode ser totalmente em branco, sem impress\u00f5es ou logotipos, se voc\u00ea quiser vender uma sacola de lona em branco para fins de bricolage, \u00e9 \u00f3tima para projetos de pintura e decora\u00e7\u00e3o em casa, escola, acampamento ou algumas atividades de caridade. Tamb\u00e9m pode juntar o saco com ferramentas de pintura como um pacote para vender.<\/p>\n<p>Outra forma de fazer bricolage \u00e9 vender por atacado um pacote de papel de vinil de transfer\u00eancia t\u00e9rmica para passar a ferro, para que possa ser bem transferido para o saco.<\/p>\n<p>Para al\u00e9m das finalidades de bricolage, tamb\u00e9m pode personalizar um log\u00f3tipo ou padr\u00e3o diretamente com o fabricante para expandir a notoriedade da sua marca. O saco \u00e9 excelente para o transporte di\u00e1rio, escola, trabalho, praia, piquenique, festa, gin\u00e1sio, biblioteca, presentes de anivers\u00e1rio, feiras, confer\u00eancias, presentes de Natal, casamento e v\u00e1rios eventos.<\/p>\n<h4 class=\"a-spacing-mini\">Grande capacidade<\/h4>\n<p>O saco tem capacidade para cerca de 20 litros e transporta mais de 50 libras. A pega larga e comprida \u00e9 uma \u00f3ptima forma de aliviar as dores musculares, e ser\u00e1 confort\u00e1vel segur\u00e1-la na m\u00e3o ou no ombro. As al\u00e7as podem ser personalizadas de acordo com os seus pedidos, o tamanho normal \u00e9 de 75 cm de comprimento.<\/p>\n<h4 class=\"a-spacing-mini\">Excelente produ\u00e7\u00e3o<\/h4>\n<p>Com mais de 10 anos de experi\u00eancia em costura para os trabalhadores, podemos controlar a toler\u00e2ncia de tamanho de +\/- 1 \u2033, a excelente equipe de gest\u00e3o ter\u00e1 um controle rigoroso e acompanhamento ao longo de todo o processo. cada bolsa ser\u00e1 rigorosamente inspecionada antes do envio, independentemente de ser pequena ou grande. estamos empenhados em trazer as melhores sacolas de lona valiosas para nossos clientes.<\/p>\n<h4 class=\"a-spacing-mini\">Aviso de lavagem<\/h4>\n<p>Recomenda-se a lavagem \u00e0 m\u00e3o em \u00e1gua fria ou \u00e0 m\u00e1quina, e o engomar a alta temperatura ap\u00f3s secagem natural.<\/p>\n<p><strong>Notas:Para o tecido de algod\u00e3o, haver\u00e1 um ligeiro encolhimento ap\u00f3s a lavagem<\/strong><\/p>\n<p>&nbsp;<\/p>","protected":false},"excerpt":{"rendered":"<p>Saco de lona elegante com um bolso externo, f\u00e1cil de colocar pequenas coisas. Fecho de correr superior para o proteger. O fundo \u00e9 com refor\u00e7o para o tornar espa\u00e7oso, popular na forma e requintado no acabamento.<\/p>","protected":false},"featured_media":7567,"comment_status":"open","ping_status":"closed","template":"","meta":{"_seopress_robots_primary_cat":"none","_seopress_titles_title":"Custom Canvas Tote Bag With Pockets - Fast Proof-Free Sample","_seopress_titles_desc":"Canvas Tote Bag with pockets outside and reinforced straps,Durable and eco friendly.10+ years experience make the neat sewing and reputed quality.","_seopress_robots_index":""},"product_brand":[],"product_cat":[29,102,108,110],"product_tag":[],"class_list":{"0":"post-7561","1":"product","2":"type-product","3":"status-publish","4":"has-post-thumbnail","6":"product_cat-tote-bag","7":"product_cat-cotton-canvas-bag","8":"product_cat-work-school","9":"product_cat-travel","11":"first","12":"instock","13":"taxable","14":"shipping-taxable","15":"product-type-simple"},"_links":{"self":[{"href":"https:\/\/avecobaggie.com\/pt\/wp-json\/wp\/v2\/product\/7561","targetHints":{"allow":["GET"]}}],"collection":[{"href":"https:\/\/avecobaggie.com\/pt\/wp-json\/wp\/v2\/product"}],"about":[{"href":"https:\/\/avecobaggie.com\/pt\/wp-json\/wp\/v2\/types\/product"}],"replies":[{"embeddable":true,"href":"https:\/\/avecobaggie.com\/pt\/wp-json\/wp\/v2\/comments?post=7561"}],"wp:featuredmedia":[{"embeddable":true,"href":"https:\/\/avecobaggie.com\/pt\/wp-json\/wp\/v2\/media\/7567"}],"wp:attachment":[{"href":"https:\/\/avecobaggie.com\/pt\/wp-json\/wp\/v2\/media?parent=7561"}],"wp:term":[{"taxonomy":"product_brand","embeddable":true,"href":"https:\/\/avecobaggie.com\/pt\/wp-json\/wp\/v2\/product_brand?post=7561"},{"taxonomy":"product_cat","embeddable":true,"href":"https:\/\/avecobaggie.com\/pt\/wp-json\/wp\/v2\/product_cat?post=7561"},{"taxonomy":"product_tag","embeddable":true,"href":"https:\/\/avecobaggie.com\/pt\/wp-json\/wp\/v2\/product_tag?post=7561"}],"curies":[{"name":"wp","href":"https:\/\/api.w.org\/{rel}","templated":true}]}}