{"id":8940,"date":"2025-03-14T11:01:12","date_gmt":"2025-03-14T03:01:12","guid":{"rendered":"https:\/\/avecobaggie.com\/?post_type=product&#038;p=8940"},"modified":"2025-03-17T16:55:48","modified_gmt":"2025-03-17T08:55:48","slug":"jute-tote-bag-with-bamboo-handle","status":"publish","type":"product","link":"https:\/\/avecobaggie.com\/pt\/produto\/jute-tote-bag-with-bamboo-handle\/","title":{"rendered":"Jute Tote Bag with Bamboo handle"},"content":{"rendered":"<h4 class=\"wp-block-heading has-text-align-center\">Product Features for Jute Tote Bag with Bamboo Handle<\/h4>\n\n\n\n<ul class=\"wp-block-list\">\n<li>\u3010High Quality\u3011:100% Natural Jute Fiber. The bamboo handle design is easy to carry with a round and smooth handle, and it is laminated with a clear coating of PE to make it water resistant.<\/li>\n\n\n\n<li>\u3010Eco-Friendly\u3011: Jute bags are a great eco-friendly reusable option that doesn&#8217;t create any waste.&nbsp;<\/li>\n\n\n\n<li>\u3010Huge Space\u3011:Size 35\u00d740\u00d712CM, large capacity, can withstand a certain amount.<\/li>\n\n\n\n<li>\u3010Multipurpose\u3011:Perfect for Wedding Favors, bridesmaids, hotels, baby showers, Christmas,\u00a0 birthday parties, grocery shopping bags, beach bags, etc.<\/li>\n<\/ul>\n\n\n\n<p class=\"has-text-align-center\"><strong>Solu\u00e7\u00f5es personalizadas<\/strong><\/p>\n\n\n\n<figure class=\"wp-block-image size-large\"><img fetchpriority=\"high\" width=\"1024\" height=\"816\" src=\"https:\/\/avecobaggie.com\/wp-content\/uploads\/2025\/03\/Handle-Style-1024x816.jpg\" alt=\"\" class=\"wp-image-8939\" srcset=\"https:\/\/avecobaggie.com\/wp-content\/uploads\/2025\/03\/Handle-Style-1024x816.jpg 1024w, https:\/\/avecobaggie.com\/wp-content\/uploads\/2025\/03\/Handle-Style-300x239.jpg 300w, https:\/\/avecobaggie.com\/wp-content\/uploads\/2025\/03\/Handle-Style-768x612.jpg 768w, https:\/\/avecobaggie.com\/wp-content\/uploads\/2025\/03\/Handle-Style-600x478.jpg 600w, https:\/\/avecobaggie.com\/wp-content\/uploads\/2025\/03\/Handle-Style.jpg 1444w\" sizes=\"(max-width: 1024px) 100vw, 1024px\" \/><\/figure>\n\n\n\n<figure class=\"wp-block-table\"><table><tbody><tr><td>Material<\/td><td>Juta, linho, juta falsa<\/td><\/tr><tr><td>Cor<\/td><td>Escolha a partir do nosso stock de tecidos dispon\u00edveis ou personalize atrav\u00e9s de tingimento para corresponder a cores Pantone espec\u00edficas<\/td><\/tr><tr><td>Espessura do tecido<\/td><td>200-450 gsm<\/td><\/tr><tr><td>Impress\u00e3o<\/td><td>Impress\u00e3o serigr\u00e1fica, impress\u00e3o por transfer\u00eancia t\u00e9rmica, impress\u00e3o digital, grava\u00e7\u00e3o em relevo<\/td><\/tr><tr><td>Tipo de pega<\/td><td>Juta, linho, algod\u00e3o, couro, cinta, bambu<\/td><\/tr><tr><td>Acess\u00f3rios<\/td><td>Bolso interior, bolso exterior, fecho de correr, bot\u00e3o de press\u00e3o, fecho magn\u00e9tico, velcro, cord\u00e3o de ajuste, refor\u00e7o inferior, refor\u00e7o lateral, argola em D, fivelas, ilh\u00f3s, divis\u00f3rias, etiqueta, r\u00f3tulo<\/td><\/tr><tr><td>Utiliza\u00e7\u00e3o<\/td><td>Compras, Presentes, Promo\u00e7\u00e3o, Embalagem, Sacos de praia, Transporte di\u00e1rio pessoal<\/td><\/tr><tr><td rowspan=\"4\">Produ\u00e7\u00e3o de amostras<\/td><td>Prazo de execu\u00e7\u00e3o: 3-7 dias.<\/td><\/tr><tr><td>Custo: 30USD-80USD Varia consoante os pormenores do produto.<\/td><\/tr><tr><td>Pol\u00edtica de reembolso: Totalmente reembols\u00e1vel com uma encomenda de 1000 unidades ou mais.<\/td><\/tr><tr><td>As amostras padr\u00e3o s\u00e3o gratuitas. Apenas ser\u00e1 respons\u00e1vel pelo pagamento dos custos de envio.<\/td><\/tr><tr><td>Embalagem<\/td><td>Saco PE + caixa de cart\u00e3o (personaliz\u00e1vel)<\/td><\/tr><tr><td>Produ\u00e7\u00e3o em massa<\/td><td>7-30 dias, dependendo da quantidade<\/td><\/tr><tr><td>Expedi\u00e7\u00e3o<\/td><td>Por expresso (DHL, UPS, FedEx, TNT, EMS), por via a\u00e9rea, por via mar\u00edtima<\/td><\/tr><\/tbody><\/table><\/figure>\n\n\n\n<p><\/p>","protected":false},"excerpt":{"rendered":"<p>Free Design | Low MOQ | Eco Friendly<\/p>","protected":false},"featured_media":8933,"comment_status":"open","ping_status":"closed","template":"","meta":{"_seopress_robots_primary_cat":"none","_seopress_titles_title":"%%post_title%% %%sep%% %%sitetitle%%","_seopress_titles_desc":"Various shapes, thickness and Sizes give you more choices on Custom Jute Tote bags.Sample proofing in 3 days,Fast turn around,0 Claim quality","_seopress_robots_index":""},"product_brand":[],"product_cat":[187,29],"product_tag":[],"class_list":{"0":"post-8940","1":"product","2":"type-product","3":"status-publish","4":"has-post-thumbnail","6":"product_cat-custom-jute-bag","7":"product_cat-tote-bag","9":"first","10":"instock","11":"taxable","12":"shipping-taxable","13":"product-type-simple"},"_links":{"self":[{"href":"https:\/\/avecobaggie.com\/pt\/wp-json\/wp\/v2\/product\/8940","targetHints":{"allow":["GET"]}}],"collection":[{"href":"https:\/\/avecobaggie.com\/pt\/wp-json\/wp\/v2\/product"}],"about":[{"href":"https:\/\/avecobaggie.com\/pt\/wp-json\/wp\/v2\/types\/product"}],"replies":[{"embeddable":true,"href":"https:\/\/avecobaggie.com\/pt\/wp-json\/wp\/v2\/comments?post=8940"}],"wp:featuredmedia":[{"embeddable":true,"href":"https:\/\/avecobaggie.com\/pt\/wp-json\/wp\/v2\/media\/8933"}],"wp:attachment":[{"href":"https:\/\/avecobaggie.com\/pt\/wp-json\/wp\/v2\/media?parent=8940"}],"wp:term":[{"taxonomy":"product_brand","embeddable":true,"href":"https:\/\/avecobaggie.com\/pt\/wp-json\/wp\/v2\/product_brand?post=8940"},{"taxonomy":"product_cat","embeddable":true,"href":"https:\/\/avecobaggie.com\/pt\/wp-json\/wp\/v2\/product_cat?post=8940"},{"taxonomy":"product_tag","embeddable":true,"href":"https:\/\/avecobaggie.com\/pt\/wp-json\/wp\/v2\/product_tag?post=8940"}],"curies":[{"name":"wp","href":"https:\/\/api.w.org\/{rel}","templated":true}]}}