{"id":8982,"date":"2025-03-17T17:30:21","date_gmt":"2025-03-17T09:30:21","guid":{"rendered":"https:\/\/avecobaggie.com\/?post_type=product&#038;p=8982"},"modified":"2025-03-18T14:37:51","modified_gmt":"2025-03-18T06:37:51","slug":"jute-totes-with-woven-handle","status":"publish","type":"product","link":"https:\/\/avecobaggie.com\/pt\/produto\/jute-totes-with-woven-handle\/","title":{"rendered":"Jute Totes with Woven handle"},"content":{"rendered":"<h2 class=\"wp-block-heading has-text-align-center\">Product Features for Jute totes with Woven handle<\/h2>\n\n\n\n<ul class=\"wp-block-list\">\n<li>Large Size: 42\u00d730\u00d710cm. This Jute Shopping Bag is large enough to hold food vegatables, fruits, etc.<\/li>\n\n\n\n<li>High Quality &#8211; The jute tote bag is made of 100% natural jute fiber with a clear coating of PE, it&#8217;s waterproof.<\/li>\n\n\n\n<li>Professional Design &#8211; thickened canvas trim + double-stitched handles with foam inside (15kg static\/8kg dynamic load)<\/li>\n\n\n\n<li>Multiple Occasions &#8211; The jute tote bag for women brings nature, unique and chic, perfect for beach, party, shopping, camping, and dating.<\/li>\n<\/ul>\n\n\n\n<p>Easy to Customize with logo,pattern , size,a nd shape.<\/p>\n\n\n\n<h3 class=\"wp-block-heading has-text-align-center\">Solu\u00e7\u00f5es personalizadas<\/h3>\n\n\n\n<figure class=\"wp-block-image size-large\"><img fetchpriority=\"high\" width=\"1024\" height=\"816\" src=\"https:\/\/avecobaggie.com\/wp-content\/uploads\/2025\/03\/Handle-Style-1024x816.jpg\" alt=\"\" class=\"wp-image-8939\" srcset=\"https:\/\/avecobaggie.com\/wp-content\/uploads\/2025\/03\/Handle-Style-1024x816.jpg 1024w, https:\/\/avecobaggie.com\/wp-content\/uploads\/2025\/03\/Handle-Style-300x239.jpg 300w, https:\/\/avecobaggie.com\/wp-content\/uploads\/2025\/03\/Handle-Style-768x612.jpg 768w, https:\/\/avecobaggie.com\/wp-content\/uploads\/2025\/03\/Handle-Style-600x478.jpg 600w, https:\/\/avecobaggie.com\/wp-content\/uploads\/2025\/03\/Handle-Style.jpg 1444w\" sizes=\"(max-width: 1024px) 100vw, 1024px\" \/><\/figure>\n\n\n\n<figure class=\"wp-block-table\"><table><tbody><tr><td>Material<\/td><td>Juta, linho, juta falsa<\/td><\/tr><tr><td>Cor<\/td><td>Escolha a partir do nosso stock de tecidos dispon\u00edveis ou personalize atrav\u00e9s de tingimento para corresponder a cores Pantone espec\u00edficas<\/td><\/tr><tr><td>Espessura do tecido<\/td><td>200-450 gsm<\/td><\/tr><tr><td>Impress\u00e3o<\/td><td>Impress\u00e3o serigr\u00e1fica, impress\u00e3o por transfer\u00eancia t\u00e9rmica, impress\u00e3o digital, grava\u00e7\u00e3o em relevo<\/td><\/tr><tr><td>Tipo de pega<\/td><td>Juta, linho, algod\u00e3o, couro, cinta, bambu<\/td><\/tr><tr><td>Acess\u00f3rios<\/td><td>Bolso interior, bolso exterior, fecho de correr, bot\u00e3o de press\u00e3o, fecho magn\u00e9tico, velcro, cord\u00e3o de ajuste, refor\u00e7o inferior, refor\u00e7o lateral, argola em D, fivelas, ilh\u00f3s, divis\u00f3rias, etiqueta, r\u00f3tulo<\/td><\/tr><tr><td>Utiliza\u00e7\u00e3o<\/td><td>Compras, Presentes, Promo\u00e7\u00e3o, Embalagem, Sacos de praia, Transporte di\u00e1rio pessoal<\/td><\/tr><tr><td rowspan=\"4\">Produ\u00e7\u00e3o de amostras<\/td><td>Prazo de execu\u00e7\u00e3o: 3-7 dias.<\/td><\/tr><tr><td>Custo: 30USD-80USD Varia consoante os pormenores do produto.<\/td><\/tr><tr><td>Pol\u00edtica de reembolso: Totalmente reembols\u00e1vel com uma encomenda de 1000 unidades ou mais.<\/td><\/tr><tr><td>As amostras padr\u00e3o s\u00e3o gratuitas. Apenas ser\u00e1 respons\u00e1vel pelo pagamento dos custos de envio.<\/td><\/tr><tr><td>Embalagem<\/td><td>Saco PE + caixa de cart\u00e3o (personaliz\u00e1vel)<\/td><\/tr><tr><td>Produ\u00e7\u00e3o em massa<\/td><td>7-30 dias, dependendo da quantidade<\/td><\/tr><tr><td>Expedi\u00e7\u00e3o<\/td><td>Por expresso (DHL, UPS, FedEx, TNT, EMS), por via a\u00e9rea, por via mar\u00edtima<\/td><\/tr><\/tbody><\/table><\/figure>","protected":false},"excerpt":{"rendered":"<p>Logo Print | Low MOQ | Eco Friendly | Water resist<\/p>","protected":false},"featured_media":8990,"comment_status":"open","ping_status":"closed","template":"","meta":{"_seopress_robots_primary_cat":"none","_seopress_titles_title":"%%post_title%% %%sep%% Get Customized Now","_seopress_titles_desc":"The jute tote bag is made of 100% natural jute fiber,Large Size: 42\u00d730\u00d710cm,Easy to Customize at low MOQ with logo,pattern , size,a nd shape.","_seopress_robots_index":""},"product_brand":[],"product_cat":[187,29],"product_tag":[],"class_list":{"0":"post-8982","1":"product","2":"type-product","3":"status-publish","4":"has-post-thumbnail","6":"product_cat-custom-jute-bag","7":"product_cat-tote-bag","9":"first","10":"instock","11":"taxable","12":"shipping-taxable","13":"product-type-simple"},"_links":{"self":[{"href":"https:\/\/avecobaggie.com\/pt\/wp-json\/wp\/v2\/product\/8982","targetHints":{"allow":["GET"]}}],"collection":[{"href":"https:\/\/avecobaggie.com\/pt\/wp-json\/wp\/v2\/product"}],"about":[{"href":"https:\/\/avecobaggie.com\/pt\/wp-json\/wp\/v2\/types\/product"}],"replies":[{"embeddable":true,"href":"https:\/\/avecobaggie.com\/pt\/wp-json\/wp\/v2\/comments?post=8982"}],"wp:featuredmedia":[{"embeddable":true,"href":"https:\/\/avecobaggie.com\/pt\/wp-json\/wp\/v2\/media\/8990"}],"wp:attachment":[{"href":"https:\/\/avecobaggie.com\/pt\/wp-json\/wp\/v2\/media?parent=8982"}],"wp:term":[{"taxonomy":"product_brand","embeddable":true,"href":"https:\/\/avecobaggie.com\/pt\/wp-json\/wp\/v2\/product_brand?post=8982"},{"taxonomy":"product_cat","embeddable":true,"href":"https:\/\/avecobaggie.com\/pt\/wp-json\/wp\/v2\/product_cat?post=8982"},{"taxonomy":"product_tag","embeddable":true,"href":"https:\/\/avecobaggie.com\/pt\/wp-json\/wp\/v2\/product_tag?post=8982"}],"curies":[{"name":"wp","href":"https:\/\/api.w.org\/{rel}","templated":true}]}}