{"id":8994,"date":"2025-03-18T13:49:00","date_gmt":"2025-03-18T05:49:00","guid":{"rendered":"https:\/\/avecobaggie.com\/?post_type=product&#038;p=8994"},"modified":"2025-03-19T09:54:17","modified_gmt":"2025-03-19T01:54:17","slug":"synthetic-hemp-tote-with-silk-ribbon-bow","status":"publish","type":"product","link":"https:\/\/avecobaggie.com\/pt\/produto\/synthetic-hemp-tote-with-silk-ribbon-bow\/","title":{"rendered":"Bolsa de c\u00e2nhamo sint\u00e9tico com la\u00e7o de fita de seda"},"content":{"rendered":"<h4 class=\"wp-block-heading has-text-align-center\">Carater\u00edsticas do produto para a bolsa de c\u00e2nhamo sint\u00e9tico com la\u00e7o de fita de seda <\/h4>\n\n\n\n<ol class=\"wp-block-list\">\n<li><strong>Material de alta qualidade:<\/strong> Fabricado em <strong>fibra sint\u00e9tica de juta<\/strong>, este saco oferece<strong> um aspeto natural e amigo do ambiente<\/strong> com um toque de durabilidade moderna. A cor amarela da juta exala um encanto r\u00fastico, perfeito para a personaliza\u00e7\u00e3o da marca.<\/li>\n\n\n\n<li><strong>Design apelativo: <\/strong>Adornado com <strong>uma estampa de girassol de uma s\u00f3 cor<\/strong>, este saco combina <strong>simplicidade com eleg\u00e2ncia<\/strong>. O design vibrante \u00e9 ideal para marcas que procuram <strong>fazer uma declara\u00e7\u00e3o <\/strong>com os seus artigos promocionais.<\/li>\n\n\n\n<li><strong>Funcional e pr\u00e1tico: <\/strong>Concebida com <strong>uma base e lados, <\/strong>este saco oferece <strong>espa\u00e7o amplo <\/strong>para os objectos essenciais do dia a dia. O interior inclui<strong> um revestimento<\/strong> e um <strong>bolso com fecho de correr<\/strong>, garantindo uma arruma\u00e7\u00e3o segura e organizada dos seus pertences.<\/li>\n\n\n\n<li><strong>Refor\u00e7ado para maior durabilidade:<\/strong> O <strong>pegas de n\u00facleo tecido<\/strong> s\u00e3o refor\u00e7ados com costura dupla, capazes de suportar <strong>at\u00e9 15 kg<\/strong>. Isto torna o saco n\u00e3o s\u00f3 elegante, mas tamb\u00e9m muito funcional para v\u00e1rias utiliza\u00e7\u00f5es.<\/li>\n\n\n\n<li><strong>Toque final elegante:<\/strong> As pegas s\u00e3o <strong>adornado com um la\u00e7o de seda<\/strong>, dando um toque de sofistica\u00e7\u00e3o ao seu <strong>promocional da marca <\/strong>ou produto de retalho.<\/li>\n<\/ol>\n\n\n\n<p>Op\u00e7\u00f5es de personaliza\u00e7\u00e3o dispon\u00edveis:<\/p>\n\n\n\n<p>Embora este <strong>Saco em c\u00e2nhamo sint\u00e9tico e juta<\/strong> com uma impress\u00e3o de girassol \u00e9 um produto que se destaca, compreendemos que cada marca tem necessidades \u00fanicas. Oferecemos <strong>op\u00e7\u00f5es de design personalizado <\/strong>para diferentes estilos, materiais e padr\u00f5es de sacos. Quer precise de <strong>sacos de algod\u00e3o, de lona, de papel n\u00e3o tecido ou lav\u00e1veis, sacos rPET<\/strong>Podemos criar a solu\u00e7\u00e3o perfeita para corresponder \u00e0 identidade e aos requisitos da sua marca. Contacte-nos hoje para explorar a nossa gama completa de <strong>sacos ecol\u00f3gicos personaliz\u00e1veis e adaptados \u00e0s suas necessidades<\/strong> necessidades comerciais.<\/p>\n\n\n\n<p class=\"has-text-align-center\"><strong>Solu\u00e7\u00f5es personalizadas<\/strong><\/p>\n\n\n\n<figure class=\"wp-block-image size-large\"><img fetchpriority=\"high\" width=\"1024\" height=\"816\" src=\"https:\/\/avecobaggie.com\/wp-content\/uploads\/2025\/03\/Handle-Style-1024x816.jpg\" alt=\"\" class=\"wp-image-8939\" srcset=\"https:\/\/avecobaggie.com\/wp-content\/uploads\/2025\/03\/Handle-Style-1024x816.jpg 1024w, https:\/\/avecobaggie.com\/wp-content\/uploads\/2025\/03\/Handle-Style-300x239.jpg 300w, https:\/\/avecobaggie.com\/wp-content\/uploads\/2025\/03\/Handle-Style-768x612.jpg 768w, https:\/\/avecobaggie.com\/wp-content\/uploads\/2025\/03\/Handle-Style-600x478.jpg 600w, https:\/\/avecobaggie.com\/wp-content\/uploads\/2025\/03\/Handle-Style.jpg 1444w\" sizes=\"(max-width: 1024px) 100vw, 1024px\" \/><\/figure>\n\n\n\n<figure class=\"wp-block-table\"><table><tbody><tr><td>Material<\/td><td>Juta, linho, c\u00e2nhamo sint\u00e9tico e juta<\/td><\/tr><tr><td>Cor<\/td><td>Escolha a partir do nosso stock de tecidos dispon\u00edveis ou personalize atrav\u00e9s de tingimento para corresponder a cores Pantone espec\u00edficas<\/td><\/tr><tr><td>Espessura do tecido<\/td><td>200-450 gsm<\/td><\/tr><tr><td>Impress\u00e3o<\/td><td>Impress\u00e3o serigr\u00e1fica, impress\u00e3o por transfer\u00eancia t\u00e9rmica, impress\u00e3o digital, grava\u00e7\u00e3o em relevo<\/td><\/tr><tr><td>Tipo de pega<\/td><td>Juta, linho, algod\u00e3o, couro, cinta, bambu<\/td><\/tr><tr><td>Acess\u00f3rios<\/td><td>Bolso interior, bolso exterior, fecho de correr, bot\u00e3o de press\u00e3o, fecho magn\u00e9tico, velcro, cord\u00e3o de ajuste, refor\u00e7o inferior, refor\u00e7o lateral, argola em D, fivelas, ilh\u00f3s, divis\u00f3rias, etiqueta, r\u00f3tulo<\/td><\/tr><tr><td>Utiliza\u00e7\u00e3o<\/td><td>Compras, Presentes, Promo\u00e7\u00e3o, Embalagem, Sacos de praia, Transporte di\u00e1rio pessoal<\/td><\/tr><tr><td rowspan=\"4\">Produ\u00e7\u00e3o de amostras<\/td><td>Prazo de execu\u00e7\u00e3o: 3-7 dias.<\/td><\/tr><tr><td>Custo: 30USD-80USD Varia consoante os pormenores do produto.<\/td><\/tr><tr><td>Pol\u00edtica de reembolso: Totalmente reembols\u00e1vel com uma encomenda de 1000 unidades ou mais.<\/td><\/tr><tr><td>As amostras padr\u00e3o s\u00e3o gratuitas. Apenas ser\u00e1 respons\u00e1vel pelo pagamento dos custos de envio.<\/td><\/tr><tr><td>Embalagem<\/td><td>Saco PE + caixa de cart\u00e3o (personaliz\u00e1vel)<\/td><\/tr><tr><td>Produ\u00e7\u00e3o em massa<\/td><td>7-30 dias, dependendo da quantidade<\/td><\/tr><tr><td>Expedi\u00e7\u00e3o<\/td><td>Por expresso (DHL, UPS, FedEx, TNT, EMS), por via a\u00e9rea, por via mar\u00edtima<\/td><\/tr><\/tbody><\/table><\/figure>\n\n\n\n<p><\/p>","protected":false},"excerpt":{"rendered":"<p>Design de moda | La\u00e7o de seda | Bolso com fecho de correr | Pegas refor\u00e7adas\u00a0<\/p>","protected":false},"featured_media":8996,"comment_status":"open","ping_status":"closed","template":"","meta":{"_seopress_robots_primary_cat":"none","_seopress_titles_title":"%%post_title%% %%sep%% %%sitetitle%%","_seopress_titles_desc":"Various shapes, thickness and Sizes give you more choices on Custom Jute Tote bags.Sample proofing in 3 days,Fast turn around,0 Claim quality","_seopress_robots_index":""},"product_brand":[],"product_cat":[187,29],"product_tag":[],"class_list":{"0":"post-8994","1":"product","2":"type-product","3":"status-publish","4":"has-post-thumbnail","6":"product_cat-custom-jute-bag","7":"product_cat-tote-bag","9":"first","10":"instock","11":"taxable","12":"shipping-taxable","13":"product-type-simple"},"_links":{"self":[{"href":"https:\/\/avecobaggie.com\/pt\/wp-json\/wp\/v2\/product\/8994","targetHints":{"allow":["GET"]}}],"collection":[{"href":"https:\/\/avecobaggie.com\/pt\/wp-json\/wp\/v2\/product"}],"about":[{"href":"https:\/\/avecobaggie.com\/pt\/wp-json\/wp\/v2\/types\/product"}],"replies":[{"embeddable":true,"href":"https:\/\/avecobaggie.com\/pt\/wp-json\/wp\/v2\/comments?post=8994"}],"wp:featuredmedia":[{"embeddable":true,"href":"https:\/\/avecobaggie.com\/pt\/wp-json\/wp\/v2\/media\/8996"}],"wp:attachment":[{"href":"https:\/\/avecobaggie.com\/pt\/wp-json\/wp\/v2\/media?parent=8994"}],"wp:term":[{"taxonomy":"product_brand","embeddable":true,"href":"https:\/\/avecobaggie.com\/pt\/wp-json\/wp\/v2\/product_brand?post=8994"},{"taxonomy":"product_cat","embeddable":true,"href":"https:\/\/avecobaggie.com\/pt\/wp-json\/wp\/v2\/product_cat?post=8994"},{"taxonomy":"product_tag","embeddable":true,"href":"https:\/\/avecobaggie.com\/pt\/wp-json\/wp\/v2\/product_tag?post=8994"}],"curies":[{"name":"wp","href":"https:\/\/api.w.org\/{rel}","templated":true}]}}