{"id":9026,"date":"2025-03-18T16:08:23","date_gmt":"2025-03-18T08:08:23","guid":{"rendered":"https:\/\/avecobaggie.com\/?post_type=product&#038;p=9026"},"modified":"2025-03-19T11:48:32","modified_gmt":"2025-03-19T03:48:32","slug":"blue-jute-patchwork-tote-with-a-elastic-closure","status":"publish","type":"product","link":"https:\/\/avecobaggie.com\/pt\/produto\/blue-jute-patchwork-tote-with-a-elastic-closure\/","title":{"rendered":"Bolsa de retalhos de juta azul com fecho el\u00e1stico"},"content":{"rendered":"<h2 class=\"wp-block-heading has-text-align-center\">Carater\u00edsticas do produto para a Tote de retalhos de juta azul<\/h2>\n\n\n\n<p><strong>1. Design marcante em patchwork:<\/strong><br>Combina\u00e7\u00f5es <strong>tecidos de juta azuis e naturais<\/strong> para um <strong>visual \u00fanico e eco-chique<\/strong>. O <strong>frente e verso<\/strong> s\u00e3o <strong>juta natural<\/strong>, enquanto o <strong>lados e base<\/strong> s\u00e3o <strong>juta azul<\/strong>.<\/p>\n\n\n\n<p><strong>2. Pegas azuis duradouras:<\/strong><br>Carater\u00edsticas <strong>pegas entrela\u00e7adas de tecido azul<\/strong> para <strong>conforto e for\u00e7a<\/strong>ideal para cargas pesadas.<\/p>\n\n\n\n<p><strong>3. Forro imperme\u00e1vel:<\/strong><br>Inclui um <strong>Revestimento de pel\u00edcula PE<\/strong> para <strong>prote\u00e7\u00e3o contra a humidade<\/strong>A bolsa \u00e9 perfeita para compras, artigos essenciais de praia ou utiliza\u00e7\u00e3o no exterior.<\/p>\n\n\n\n<p><strong>4. Fecho de mola el\u00e1stico:<\/strong><br>Equipado com um <strong>bot\u00e3o de press\u00e3o el\u00e1stico azul<\/strong> para <strong>fecho seguro e elegante<\/strong>.<\/p>\n\n\n\n<p><strong>5. Espa\u00e7oso e pr\u00e1tico:<\/strong><br>Medidas <strong>35x32x15cm<\/strong>, oferecendo <strong>espa\u00e7o amplo<\/strong> para compras, viagens ou utiliza\u00e7\u00e3o quotidiana.<\/p>\n\n\n\n<p><strong>6. Amigo do ambiente e da marca:<\/strong><br>Fabricado em <strong>juta natural e azul<\/strong>, \u00e9 <strong>biodegrad\u00e1vel, reutiliz\u00e1vel e personaliz\u00e1vel<\/strong> para a marca.<\/p>\n\n\n\n<p><strong>7. Casos de utiliza\u00e7\u00e3o vers\u00e1teis:<\/strong><br>Este saco \u00e9 perfeito para<\/p>\n\n\n\n<ul class=\"wp-block-list\">\n<li><strong>Branding de retalho:<\/strong>\u00a0A\u00a0<strong>solu\u00e7\u00e3o de embalagem \u00fanica e ecol\u00f3gica<\/strong>\u00a0para\u00a0<strong>boutiques, lojas de presentes ou marcas de moda sustent\u00e1vel<\/strong>.<\/li>\n\n\n\n<li><strong>Eventos promocionais:<\/strong>\u00a0Ideal para\u00a0<strong>brindes, feiras<\/strong>, ou\u00a0<strong>eventos empresariais<\/strong>\u00a0onde se pretende causar uma impress\u00e3o duradoura.<\/li>\n\n\n\n<li><strong>Essenciais do dia a dia:<\/strong>\u00a0\u00d3timo para\u00a0<strong>compras, viagens \u00e0 praia ou trabalho<\/strong>, oferecendo um\u00a0<strong>saco reutiliz\u00e1vel elegante e pr\u00e1tico<\/strong>.<\/li>\n<\/ul>\n\n\n\n<hr class=\"wp-block-separator has-alpha-channel-opacity\"\/>\n\n\n\n<p><\/p>\n\n\n\n<h4 class=\"wp-block-heading has-text-align-center\"><strong>Op\u00e7\u00f5es de personaliza\u00e7\u00e3o:<\/strong><\/h4>\n\n\n\n<p>Embora este <strong>Bolsa de retalhos azul e de juta<\/strong> \u00e9 uma escolha de destaque, oferecemos <strong>desenhos personalizados<\/strong> em <strong>tamanhos, cores e marcas<\/strong> para responder \u00e0s suas necessidades.<\/p>\n\n\n\n<p><strong>Contacte-nos hoje<\/strong> para criar <strong>sacos de tote ecol\u00f3gicos e de marca<\/strong> que elevam a sua marca.<\/p>\n\n\n\n<p><\/p>\n\n\n\n<figure class=\"wp-block-image size-large\"><img fetchpriority=\"high\" width=\"1024\" height=\"816\" src=\"https:\/\/avecobaggie.com\/wp-content\/uploads\/2025\/03\/Handle-Style-1024x816.jpg\" alt=\"\" class=\"wp-image-8939\" srcset=\"https:\/\/avecobaggie.com\/wp-content\/uploads\/2025\/03\/Handle-Style-1024x816.jpg 1024w, https:\/\/avecobaggie.com\/wp-content\/uploads\/2025\/03\/Handle-Style-300x239.jpg 300w, https:\/\/avecobaggie.com\/wp-content\/uploads\/2025\/03\/Handle-Style-768x612.jpg 768w, https:\/\/avecobaggie.com\/wp-content\/uploads\/2025\/03\/Handle-Style-600x478.jpg 600w, https:\/\/avecobaggie.com\/wp-content\/uploads\/2025\/03\/Handle-Style.jpg 1444w\" sizes=\"(max-width: 1024px) 100vw, 1024px\" \/><\/figure>\n\n\n\n<figure class=\"wp-block-table\"><table><tbody><tr><td>Material<\/td><td>Juta, linho, juta falsa<\/td><\/tr><tr><td>Cor<\/td><td>Escolha a partir do nosso stock de tecidos dispon\u00edveis ou personalize atrav\u00e9s de tingimento para corresponder a cores Pantone espec\u00edficas<\/td><\/tr><tr><td>Espessura do tecido<\/td><td>200-450 gsm<\/td><\/tr><tr><td>Impress\u00e3o<\/td><td>Impress\u00e3o serigr\u00e1fica, impress\u00e3o por transfer\u00eancia t\u00e9rmica, impress\u00e3o digital, grava\u00e7\u00e3o em relevo<\/td><\/tr><tr><td>Tipo de pega<\/td><td>Juta, linho, algod\u00e3o, couro, cinta, bambu<\/td><\/tr><tr><td>Acess\u00f3rios<\/td><td>Bolso interior, bolso exterior, fecho de correr, bot\u00e3o de press\u00e3o, fecho magn\u00e9tico, velcro, cord\u00e3o de ajuste, refor\u00e7o inferior, refor\u00e7o lateral, argola em D, fivelas, ilh\u00f3s, divis\u00f3rias, etiqueta, r\u00f3tulo<\/td><\/tr><tr><td>Utiliza\u00e7\u00e3o<\/td><td>Compras, Presentes, Promo\u00e7\u00e3o, Embalagem, Sacos de praia, Transporte di\u00e1rio pessoal<\/td><\/tr><tr><td rowspan=\"4\">Produ\u00e7\u00e3o de amostras<\/td><td>Prazo de execu\u00e7\u00e3o: 3-7 dias.<\/td><\/tr><tr><td>Custo: 30USD-80USD Varia consoante os pormenores do produto.<\/td><\/tr><tr><td>Pol\u00edtica de reembolso: Totalmente reembols\u00e1vel com uma encomenda de 1000 unidades ou mais.<\/td><\/tr><tr><td>As amostras padr\u00e3o s\u00e3o gratuitas. Apenas ser\u00e1 respons\u00e1vel pelo pagamento dos custos de envio.<\/td><\/tr><tr><td>Embalagem<\/td><td>Saco PE + caixa de cart\u00e3o (personaliz\u00e1vel)<\/td><\/tr><tr><td>Produ\u00e7\u00e3o em massa<\/td><td>7-30 dias, dependendo da quantidade<\/td><\/tr><tr><td>Expedi\u00e7\u00e3o<\/td><td>Por expresso (DHL, UPS, FedEx, TNT, EMS), por via a\u00e9rea, por via mar\u00edtima<\/td><\/tr><\/tbody><\/table><\/figure>","protected":false},"excerpt":{"rendered":"<p>Eco-Chic | Estilo patchwork | Forro imperme\u00e1vel | Fecho el\u00e1stico | Marc\u00e1vel<\/p>","protected":false},"featured_media":9027,"comment_status":"open","ping_status":"closed","template":"","meta":{"_seopress_robots_primary_cat":"none","_seopress_titles_title":"%%post_title%% %%sep%% Get Customized Now","_seopress_titles_desc":"Eco-chic, waterproof, and stylish. Features interwoven blue handles, elastic closure, and custom branding options. Custom your Jute bag Now!","_seopress_robots_index":""},"product_brand":[],"product_cat":[187,29],"product_tag":[126],"class_list":{"0":"post-9026","1":"product","2":"type-product","3":"status-publish","4":"has-post-thumbnail","6":"product_cat-custom-jute-bag","7":"product_cat-tote-bag","8":"product_tag-grocery-bag","10":"first","11":"instock","12":"taxable","13":"shipping-taxable","14":"product-type-simple"},"_links":{"self":[{"href":"https:\/\/avecobaggie.com\/pt\/wp-json\/wp\/v2\/product\/9026","targetHints":{"allow":["GET"]}}],"collection":[{"href":"https:\/\/avecobaggie.com\/pt\/wp-json\/wp\/v2\/product"}],"about":[{"href":"https:\/\/avecobaggie.com\/pt\/wp-json\/wp\/v2\/types\/product"}],"replies":[{"embeddable":true,"href":"https:\/\/avecobaggie.com\/pt\/wp-json\/wp\/v2\/comments?post=9026"}],"wp:featuredmedia":[{"embeddable":true,"href":"https:\/\/avecobaggie.com\/pt\/wp-json\/wp\/v2\/media\/9027"}],"wp:attachment":[{"href":"https:\/\/avecobaggie.com\/pt\/wp-json\/wp\/v2\/media?parent=9026"}],"wp:term":[{"taxonomy":"product_brand","embeddable":true,"href":"https:\/\/avecobaggie.com\/pt\/wp-json\/wp\/v2\/product_brand?post=9026"},{"taxonomy":"product_cat","embeddable":true,"href":"https:\/\/avecobaggie.com\/pt\/wp-json\/wp\/v2\/product_cat?post=9026"},{"taxonomy":"product_tag","embeddable":true,"href":"https:\/\/avecobaggie.com\/pt\/wp-json\/wp\/v2\/product_tag?post=9026"}],"curies":[{"name":"wp","href":"https:\/\/api.w.org\/{rel}","templated":true}]}}