{"id":9145,"date":"2025-03-21T14:12:38","date_gmt":"2025-03-21T06:12:38","guid":{"rendered":"https:\/\/avecobaggie.com\/?post_type=product&#038;p=9145"},"modified":"2025-03-21T16:43:24","modified_gmt":"2025-03-21T08:43:24","slug":"love-print-jute-pot-cover","status":"publish","type":"product","link":"https:\/\/avecobaggie.com\/pt\/produto\/love-print-jute-pot-cover\/","title":{"rendered":"Capa para vaso em juta com estampagem amorosa"},"content":{"rendered":"<h2 class=\"wp-block-heading has-text-align-center\">Carater\u00edsticas do produto para Tampa de juta com fundo redondo Love Print<\/h2>\n\n\n\n<p><strong>1. Design elegante com estampado de juta e amor:<\/strong><br>Este <strong>cobertura de juta para panelas<\/strong> \u00e9 um <strong>solu\u00e7\u00e3o encantadora e amiga do ambiente<\/strong> para melhorar o aspeto dos vasos de pl\u00e1stico para plantas. O <strong>material de juta natural<\/strong> \u00e9 complementado por um <strong>impress\u00e3o frontal de \"Love\" (Amor)<\/strong> e um <strong>la\u00e7o de fio<\/strong>, criando um <strong>est\u00e9tica comovente<\/strong> perfeito para oferecer ou decorar a casa.<\/p>\n\n\n\n<p><strong>2. Ideal para tachos pequenos:<\/strong><br>Com dimens\u00f5es de <strong>8 cm de di\u00e2metro e 10,5 cm de altura<\/strong>, esta capa \u00e9 <strong>ideal para pequenos vasos de pl\u00e1stico<\/strong>, tornando-o um <strong>acess\u00f3rio vers\u00e1til<\/strong> para:<\/p>\n\n\n\n<ul class=\"wp-block-list\">\n<li><strong>Plantas de interior:<\/strong>\u00a0Adiciona um\u00a0<strong>toque r\u00fastico e elegante<\/strong>\u00a0para suculentas, ervas arom\u00e1ticas ou pequenas flores.<\/li>\n\n\n\n<li><strong>Decora\u00e7\u00e3o do escrit\u00f3rio:<\/strong>\u00a0Melhora a\u00a0<strong>est\u00e9tica das plantas de secret\u00e1ria<\/strong>\u00a0nos espa\u00e7os de trabalho.<\/li>\n\n\n\n<li><strong>Centros de mesa para eventos:<\/strong>\u00a0A\u00a0<strong>op\u00e7\u00e3o sustent\u00e1vel e elegante<\/strong>\u00a0para decora\u00e7\u00e3o de casamentos ou festas.<\/li>\n<\/ul>\n\n\n\n<p><strong>3. Personaliz\u00e1vel para a sua marca:<\/strong><br>O <strong>superf\u00edcie de juta<\/strong> \u00e9 <strong>pronto para impress\u00e3o<\/strong>, permitindo <strong>personaliza\u00e7\u00e3o<\/strong> tais como:<\/p>\n\n\n\n<ul class=\"wp-block-list\">\n<li><strong>Log\u00f3tipos de marcas:<\/strong>\u00a0Adicione o seu\u00a0<strong>log\u00f3tipo ou slogan<\/strong>\u00a0para fins promocionais.<\/li>\n\n\n\n<li><strong>Temas do evento:<\/strong>\u00a0Incorporar\u00a0<strong>nomes, datas ou motivos de eventos<\/strong>\u00a0para casamentos ou eventos empresariais.<\/li>\n\n\n\n<li><strong>Desenhos culturais:<\/strong>\u00a0Carater\u00edstica\u00a0<strong>padr\u00f5es ou s\u00edmbolos<\/strong>\u00a0para apelar a mercados espec\u00edficos.<\/li>\n<\/ul>\n\n\n\n<p><strong>4. Amigo do ambiente e sustent\u00e1vel:<\/strong><br>Fabricado em <strong>juta natural<\/strong>esta tampa da panela \u00e9 <strong>biodegrad\u00e1vel, duradouro e amigo do ambiente<\/strong>, em conformidade com a procura crescente de <strong>produtos sustent\u00e1veis<\/strong>.<\/p>\n\n\n\n<p><strong>5. Apelo aos retalhistas e floristas:<\/strong><br>Esta cobertura de juta para panelas \u00e9 uma <strong>solu\u00e7\u00e3o vers\u00e1til<\/strong> para:<\/p>\n\n\n\n<ul class=\"wp-block-list\">\n<li><strong>Lojas de recorda\u00e7\u00f5es:<\/strong>\u00a0A\u00a0<strong>op\u00e7\u00e3o de embalagem pronta a vender<\/strong>\u00a0para pequenas plantas ou arranjos florais.<\/li>\n\n\n\n<li><strong>Floristas:<\/strong>\u00a0Melhora a\u00a0<strong>apresenta\u00e7\u00e3o de plantas em vaso<\/strong>\u00a0para os clientes.<\/li>\n\n\n\n<li><strong>Retalhistas de decora\u00e7\u00e3o para casa:<\/strong>\u00a0A\u00a0<strong>complemento sustent\u00e1vel e elegante<\/strong>\u00a0para as linhas de produtos para casa ou jardim.<\/li>\n\n\n\n<li><strong>Organizadores de eventos:<\/strong>\u00a0A\u00a0<strong>toque charmoso e amigo do ambiente<\/strong>\u00a0para casamentos, festas ou eventos empresariais.<\/li>\n<\/ul>\n\n\n\n<p><strong>6. Perfeito para oferecer:<\/strong><br>Esta capa \u00e9 uma <strong>escolha ideal<\/strong> para:<\/p>\n\n\n\n<ul class=\"wp-block-list\">\n<li><strong>Lembran\u00e7as de casamento:<\/strong>\u00a0A\u00a0<strong>prenda atenciosa e reutiliz\u00e1vel<\/strong>\u00a0para convidados.<\/li>\n\n\n\n<li><strong>Presentes de Natal:<\/strong>\u00a0A\u00a0<strong>acess\u00f3rio sazonal<\/strong>\u00a0para o Natal, Dia dos Namorados ou Dia da M\u00e3e.<\/li>\n\n\n\n<li><strong>Presentes para empresas:<\/strong>\u00a0A\u00a0<strong>brinde de marca e sustent\u00e1vel<\/strong>\u00a0para clientes ou empregados.<\/li>\n<\/ul>\n\n\n\n<p><\/p>\n\n\n\n<hr class=\"wp-block-separator has-alpha-channel-opacity\"\/>\n\n\n\n<h4 class=\"wp-block-heading has-text-align-center\"><strong>Op\u00e7\u00f5es de personaliza\u00e7\u00e3o:<\/strong><\/h4>\n\n\n\n<p>Embora este <strong>Capa para vaso em juta com estampagem amorosa<\/strong> \u00e9 um <strong>solu\u00e7\u00e3o pronta a utilizar<\/strong>Somos especializados em <strong>desenhos personalizados<\/strong> adaptados \u00e0s suas necessidades. Quer se trate de <strong>alterar as estampas, ajustar os tamanhos ou acrescentar adornos \u00fanicos<\/strong>, podemos criar produtos que <strong>representar perfeitamente a sua vis\u00e3o<\/strong>.<\/p>\n\n\n\n<p><strong>Contacte-nos hoje<\/strong> para saber como o podemos ajudar a conceber <strong>tampas para panelas ecol\u00f3gicas e com estilo<\/strong> que melhoram os seus produtos e encantam os seus clientes.<\/p>\n\n\n\n<figure class=\"wp-block-table\"><table><tbody><tr><td>Material<\/td><td>Juta, linho, juta sint\u00e9tica<\/td><\/tr><tr><td>Cor<\/td><td>Escolha a partir do nosso stock de tecidos dispon\u00edveis ou personalize atrav\u00e9s de tingimento para corresponder a cores Pantone espec\u00edficas<\/td><\/tr><tr><td>Espessura do tecido<\/td><td>200-450 gsm<\/td><\/tr><tr><td>Impress\u00e3o<\/td><td>Impress\u00e3o serigr\u00e1fica, impress\u00e3o por transfer\u00eancia t\u00e9rmica, impress\u00e3o digital, grava\u00e7\u00e3o em relevo<\/td><\/tr><tr><td>Tipo de pega<\/td><td>Juta, linho, algod\u00e3o, couro, cinta, bambu<\/td><\/tr><tr><td>Acess\u00f3rios<\/td><td>Bolso interior, bolso exterior, fecho de correr, bot\u00e3o de press\u00e3o, fecho magn\u00e9tico, velcro, cord\u00e3o de ajuste, refor\u00e7o inferior, refor\u00e7o lateral, argola em D, fivelas, ilh\u00f3s, divis\u00f3rias, etiqueta, r\u00f3tulo<\/td><\/tr><tr><td>Utiliza\u00e7\u00e3o<\/td><td>Compras, Presentes, Promo\u00e7\u00e3o, Embalagem, Sacos de praia, Transporte di\u00e1rio pessoal<\/td><\/tr><tr><td rowspan=\"4\">Produ\u00e7\u00e3o de amostras<\/td><td>Prazo de execu\u00e7\u00e3o: 3-7 dias.<\/td><\/tr><tr><td>Custo: 30USD-80USD Varia consoante os pormenores do produto.<\/td><\/tr><tr><td>Pol\u00edtica de reembolso: Totalmente reembols\u00e1vel com uma encomenda de 1000 unidades ou mais.<\/td><\/tr><tr><td>As amostras padr\u00e3o s\u00e3o gratuitas. Apenas ser\u00e1 respons\u00e1vel pelo pagamento dos custos de envio.<\/td><\/tr><tr><td>Embalagem<\/td><td>Saco PE + caixa de cart\u00e3o (personaliz\u00e1vel)<\/td><\/tr><tr><td>Produ\u00e7\u00e3o em massa<\/td><td>7-30 dias, dependendo da quantidade<\/td><\/tr><tr><td>Expedi\u00e7\u00e3o<\/td><td>Por expresso (DHL, UPS, FedEx, TNT, EMS), por via a\u00e9rea, por via mar\u00edtima<\/td><\/tr><\/tbody><\/table><\/figure>\n\n\n\n<p><\/p>","protected":false},"excerpt":{"rendered":"<p>Juta &amp; Amor Decora\u00e7\u00e3o | Ecol\u00f3gico | Embalagem para presente<\/p>","protected":false},"featured_media":9146,"comment_status":"open","ping_status":"closed","template":"","meta":{"_seopress_robots_primary_cat":"none","_seopress_titles_title":"%%post_title%% %%sep%% Get Customized Now","_seopress_titles_desc":"Love Print Jute Pot Cover\u2014customizable, eco-friendly, and chic. Perfect for gifts, home decor, or events.","_seopress_robots_index":""},"product_brand":[185],"product_cat":[187],"product_tag":[119],"class_list":{"0":"post-9145","1":"product","2":"type-product","3":"status-publish","4":"has-post-thumbnail","6":"product_brand-avecobaggie","7":"product_cat-custom-jute-bag","8":"product_tag-jute-bag","10":"first","11":"instock","12":"taxable","13":"shipping-taxable","14":"product-type-simple"},"_links":{"self":[{"href":"https:\/\/avecobaggie.com\/pt\/wp-json\/wp\/v2\/product\/9145","targetHints":{"allow":["GET"]}}],"collection":[{"href":"https:\/\/avecobaggie.com\/pt\/wp-json\/wp\/v2\/product"}],"about":[{"href":"https:\/\/avecobaggie.com\/pt\/wp-json\/wp\/v2\/types\/product"}],"replies":[{"embeddable":true,"href":"https:\/\/avecobaggie.com\/pt\/wp-json\/wp\/v2\/comments?post=9145"}],"wp:featuredmedia":[{"embeddable":true,"href":"https:\/\/avecobaggie.com\/pt\/wp-json\/wp\/v2\/media\/9146"}],"wp:attachment":[{"href":"https:\/\/avecobaggie.com\/pt\/wp-json\/wp\/v2\/media?parent=9145"}],"wp:term":[{"taxonomy":"product_brand","embeddable":true,"href":"https:\/\/avecobaggie.com\/pt\/wp-json\/wp\/v2\/product_brand?post=9145"},{"taxonomy":"product_cat","embeddable":true,"href":"https:\/\/avecobaggie.com\/pt\/wp-json\/wp\/v2\/product_cat?post=9145"},{"taxonomy":"product_tag","embeddable":true,"href":"https:\/\/avecobaggie.com\/pt\/wp-json\/wp\/v2\/product_tag?post=9145"}],"curies":[{"name":"wp","href":"https:\/\/api.w.org\/{rel}","templated":true}]}}