{"id":9219,"date":"2025-03-24T17:39:29","date_gmt":"2025-03-24T09:39:29","guid":{"rendered":"https:\/\/avecobaggie.com\/?post_type=product&#038;p=9219"},"modified":"2025-03-26T11:37:19","modified_gmt":"2025-03-26T03:37:19","slug":"insulated-tyvek-lunch-bag-with-thermal-lining","status":"publish","type":"product","link":"https:\/\/avecobaggie.com\/pt\/produto\/insulated-tyvek-lunch-bag-with-thermal-lining\/","title":{"rendered":"Saco de almo\u00e7o Tyvek isolado com revestimento t\u00e9rmico"},"content":{"rendered":"<h2 class=\"wp-block-heading has-text-align-center\">Carater\u00edsticas do produto para a lancheira Tyvek\u00ae isolada com forro t\u00e9rmico e log\u00f3tipo personalizado<\/h2>\n\n\n\n<ol start=\"1\" class=\"wp-block-list\">\n<li><strong>Desempenho t\u00e9rmico superior<\/strong>\n<ul class=\"wp-block-list\">\n<li><strong>Forro isolante em algod\u00e3o p\u00e9rola<\/strong>\u00a0com folha de alum\u00ednio mant\u00e9m as temperaturas durante\u00a0<strong>Mais de 4 horas<\/strong>\u00a0(0\u00b0C a 60\u00b0C), ideal para\u00a0<strong>almo\u00e7os de escrit\u00f3rio ou marca de entrega de comida<\/strong>.<\/li>\n\n\n\n<li><strong>Exterior Dupont\u2122 Tyvek\u00ae \u00e0 prova de \u00e1gua<\/strong>&nbsp;- leve e resistente a rasg\u00f5es para uma reutiliza\u00e7\u00e3o di\u00e1ria.<\/li>\n<\/ul>\n<\/li>\n\n\n\n<li><strong>Design funcional e compacto<\/strong>\n<ul class=\"wp-block-list\">\n<li><strong>Tamanho 25x17x18cm<\/strong>&nbsp;- adapta-se&nbsp;<strong>2-3 recipientes para refei\u00e7\u00f5es normais<\/strong>&nbsp;ou pratos de tamanho familiar.<\/li>\n\n\n\n<li><strong>Pegas castanhas refor\u00e7adas<\/strong>&nbsp;- testado para&nbsp;<strong>Capacidade de carga de 8 kg<\/strong>&nbsp;com punho antiderrapante.<\/li>\n<\/ul>\n<\/li>\n\n\n\n<li><strong>Pormenores est\u00e9ticos sofisticados<\/strong>\n<ul class=\"wp-block-list\">\n<li><strong>Fecho de correr castanho YKK<\/strong>&nbsp;com&nbsp;<strong>puxadores em lat\u00e3o antigo<\/strong>&nbsp;- acrescenta uma eleg\u00e2ncia r\u00fastica para uma marca de qualidade superior.<\/li>\n\n\n\n<li><strong>Acabamento kraft neutro<\/strong>&nbsp;- alinha-se com uma est\u00e9tica minimalista, org\u00e2nica ou de luxo.<\/li>\n<\/ul>\n<\/li>\n\n\n\n<li><strong>Marca de grande impacto<\/strong>\n<ul class=\"wp-block-list\">\n<li><strong>Impress\u00e3o serigr\u00e1fica do log\u00f3tipo a uma s\u00f3 cor<\/strong>&nbsp;- A tinta resistente aos raios UV garante&nbsp;<strong>visibilidade \u00e0 prova de desbotamento<\/strong>.<\/li>\n\n\n\n<li><strong>MOQ 500pcs<\/strong>&nbsp;com&nbsp;<strong>Produ\u00e7\u00e3o de 20 dias<\/strong>&nbsp;- escal\u00e1vel para ofertas de empresas ou campanhas sazonais.<\/li>\n<\/ul>\n<\/li>\n<\/ol>\n\n\n\n<p><\/p>\n\n\n\n<hr class=\"wp-block-separator has-alpha-channel-opacity\"\/>\n\n\n\n<h4 class=\"wp-block-heading has-text-align-center\"><strong><a href=\"https:\/\/avecobaggie.com\/pt\/custom-tyvek-bag-manufacturer\/\" data-type=\"page\" data-id=\"8777\"><\/a><strong><a href=\"https:\/\/avecobaggie.com\/pt\/custom-tyvek-bag-manufacturer\/\" data-type=\"page\" data-id=\"8777\"><strong><strong><strong><\/strong><\/strong><\/strong><\/a><strong><strong><strong><a href=\"https:\/\/avecobaggie.com\/pt\/custom-tyvek-bag-manufacturer\/\" data-type=\"page\" data-id=\"8777\"><strong><strong>Solu\u00e7\u00f5es personalizadas<\/strong><\/strong><\/a><\/strong><\/strong><\/strong><\/strong><\/strong><\/h4>\n\n\n\n<ul class=\"wp-block-list\">\n<li><strong>Reten\u00e7\u00e3o t\u00e9rmica alargada<\/strong>&nbsp;(6+ horas com revestimentos actualizados).<\/li>\n\n\n\n<li><strong>Log\u00f3tipos com correspond\u00eancia de pantone<\/strong>&nbsp;ou&nbsp;<strong>marca impressa em folha de alum\u00ednio<\/strong>.<\/li>\n\n\n\n<li><strong>Tamanhos personalizados<\/strong>&nbsp;para caixas de bento ou porta-bebidas.<br><strong>Pedir amostras gr\u00e1tis<\/strong>&nbsp;- qualidade de ensaio e desempenho t\u00e9rmico!<\/li>\n<\/ul>\n\n\n\n<figure class=\"wp-block-image size-large\"><img fetchpriority=\"high\" width=\"1024\" height=\"752\" src=\"https:\/\/avecobaggie.com\/wp-content\/uploads\/2025\/03\/Handling-process-selection-3-1024x752.jpg\" alt=\"Acess\u00f3rios para sacos de tyvek\" class=\"wp-image-9131\" srcset=\"https:\/\/avecobaggie.com\/wp-content\/uploads\/2025\/03\/Handling-process-selection-3-1024x752.jpg 1024w, https:\/\/avecobaggie.com\/wp-content\/uploads\/2025\/03\/Handling-process-selection-3-300x220.jpg 300w, https:\/\/avecobaggie.com\/wp-content\/uploads\/2025\/03\/Handling-process-selection-3-768x564.jpg 768w, https:\/\/avecobaggie.com\/wp-content\/uploads\/2025\/03\/Handling-process-selection-3-600x441.jpg 600w, https:\/\/avecobaggie.com\/wp-content\/uploads\/2025\/03\/Handling-process-selection-3.jpg 1140w\" sizes=\"(max-width: 1024px) 100vw, 1024px\" \/><\/figure>\n\n\n\n<figure class=\"wp-block-image size-large\"><img width=\"929\" height=\"1024\" src=\"https:\/\/avecobaggie.com\/wp-content\/uploads\/2025\/03\/Handling-process-selection-4-929x1024.jpg\" alt=\"Op\u00e7\u00e3o de al\u00e7a para fazer saco de tyvek\" class=\"wp-image-9132\" srcset=\"https:\/\/avecobaggie.com\/wp-content\/uploads\/2025\/03\/Handling-process-selection-4-929x1024.jpg 929w, https:\/\/avecobaggie.com\/wp-content\/uploads\/2025\/03\/Handling-process-selection-4-272x300.jpg 272w, https:\/\/avecobaggie.com\/wp-content\/uploads\/2025\/03\/Handling-process-selection-4-768x846.jpg 768w, https:\/\/avecobaggie.com\/wp-content\/uploads\/2025\/03\/Handling-process-selection-4-600x661.jpg 600w, https:\/\/avecobaggie.com\/wp-content\/uploads\/2025\/03\/Handling-process-selection-4.jpg 1140w\" sizes=\"(max-width: 929px) 100vw, 929px\" \/><\/figure>\n\n\n\n<figure class=\"wp-block-table\"><table><tbody><tr><td>Material<\/td><td>Papel DuPont Tyvek<\/td><\/tr><tr><td>Cor<\/td><td>Escolha a partir do nosso stock de tecidos dispon\u00edveis ou personalize atrav\u00e9s de tingimento para corresponder a cores Pantone espec\u00edficas<\/td><\/tr><tr><td>Espessura do tecido<\/td><td>35-105 gsm<\/td><\/tr><tr><td>Tamanho<\/td><td>Personaliz\u00e1vel<\/td><\/tr><tr><td>Impress\u00e3o<\/td><td>Impress\u00e3o digital, Serigrafia, Impress\u00e3o por transfer\u00eancia t\u00e9rmica, Flexografia<\/td><\/tr><tr><td>Tipo de pega<\/td><td>Tyvek, Couro, Algod\u00e3o, Nylon<\/td><\/tr><tr><td>Acess\u00f3rios<\/td><td>Bolso interior, bolso exterior, fecho de correr, bot\u00e3o de press\u00e3o, fecho magn\u00e9tico, velcro, cord\u00e3o de ajuste, refor\u00e7o inferior, refor\u00e7o lateral, argola em D, fivelas, ilh\u00f3s, divis\u00f3rias, etiqueta, r\u00f3tulo<\/td><\/tr><tr><td>Carater\u00edsticas<\/td><td>Leve mas dur\u00e1vel, resistente \u00e0 \u00e1gua, resistente aos rasg\u00f5es, respir\u00e1vel, ecol\u00f3gico e recicl\u00e1vel, textura e aspeto \u00fanicos, facilmente personaliz\u00e1vel<\/td><\/tr><tr><td>Utiliza\u00e7\u00e3o<\/td><td>Eventos promocionais, Compras, Viagens, Confer\u00eancias, Exposi\u00e7\u00f5es, Passeios na praia, Piqueniques, Utiliza\u00e7\u00e3o di\u00e1ria<\/td><\/tr><tr><td>Qualidade<\/td><td>Garantia de materiais de primeira qualidade e de qualidade superior<\/td><\/tr><tr><td>OEM\/ODM<\/td><td>Aceit\u00e1vel<\/td><\/tr><tr><td rowspan=\"4\">Produ\u00e7\u00e3o de amostras<\/td><td>Prazo de execu\u00e7\u00e3o: 3-7 dias.<\/td><\/tr><tr><td>Custo: 30USD-80USD Varia consoante os pormenores do produto.<\/td><\/tr><tr><td>Pol\u00edtica de reembolso: Totalmente reembols\u00e1vel com uma encomenda de 1000pcs ou mais.<\/td><\/tr><tr><td>As amostras padr\u00e3o s\u00e3o gratuitas. Apenas ser\u00e1 respons\u00e1vel pelo pagamento dos custos de envio.<\/td><\/tr><tr><td>Embalagem<\/td><td>Saco PE + caixa de cart\u00e3o (personaliz\u00e1vel)<\/td><\/tr><tr><td>Produ\u00e7\u00e3o em massa<\/td><td>7-30 dias, dependendo da quantidade<\/td><\/tr><tr><td>Expedi\u00e7\u00e3o<\/td><td>Por expresso (DHL, UPS, FedEx, TNT, EMS), por via a\u00e9rea, por via mar\u00edtima<\/td><\/tr><\/tbody><\/table><\/figure>","protected":false},"excerpt":{"rendered":"<p>Kraft Tyvek | Reten\u00e7\u00e3o de calor de 4 horas | Pegas castanhas<\/p>","protected":false},"featured_media":9220,"comment_status":"open","ping_status":"closed","template":"","meta":{"_seopress_robots_primary_cat":"none","_seopress_titles_title":"%%post_title%% %%sep%% Get Customized Now","_seopress_titles_desc":"Insulated Tyvek lunch tote \u2013 25x17x18cm, 4-hour heat retention, custom logo, bulk orders.","_seopress_robots_index":""},"product_brand":[185],"product_cat":[189,30,108],"product_tag":[136],"class_list":{"0":"post-9219","1":"product","2":"type-product","3":"status-publish","4":"has-post-thumbnail","6":"product_brand-avecobaggie","7":"product_cat-custom-tyvek-bag","8":"product_cat-cooler-bag","9":"product_cat-work-school","10":"product_tag-dupont-bag","12":"first","13":"instock","14":"taxable","15":"shipping-taxable","16":"product-type-simple"},"_links":{"self":[{"href":"https:\/\/avecobaggie.com\/pt\/wp-json\/wp\/v2\/product\/9219","targetHints":{"allow":["GET"]}}],"collection":[{"href":"https:\/\/avecobaggie.com\/pt\/wp-json\/wp\/v2\/product"}],"about":[{"href":"https:\/\/avecobaggie.com\/pt\/wp-json\/wp\/v2\/types\/product"}],"replies":[{"embeddable":true,"href":"https:\/\/avecobaggie.com\/pt\/wp-json\/wp\/v2\/comments?post=9219"}],"wp:featuredmedia":[{"embeddable":true,"href":"https:\/\/avecobaggie.com\/pt\/wp-json\/wp\/v2\/media\/9220"}],"wp:attachment":[{"href":"https:\/\/avecobaggie.com\/pt\/wp-json\/wp\/v2\/media?parent=9219"}],"wp:term":[{"taxonomy":"product_brand","embeddable":true,"href":"https:\/\/avecobaggie.com\/pt\/wp-json\/wp\/v2\/product_brand?post=9219"},{"taxonomy":"product_cat","embeddable":true,"href":"https:\/\/avecobaggie.com\/pt\/wp-json\/wp\/v2\/product_cat?post=9219"},{"taxonomy":"product_tag","embeddable":true,"href":"https:\/\/avecobaggie.com\/pt\/wp-json\/wp\/v2\/product_tag?post=9219"}],"curies":[{"name":"wp","href":"https:\/\/api.w.org\/{rel}","templated":true}]}}