{"id":9293,"date":"2025-03-26T15:17:54","date_gmt":"2025-03-26T07:17:54","guid":{"rendered":"https:\/\/avecobaggie.com\/?post_type=product&#038;p=9293"},"modified":"2025-04-03T17:03:10","modified_gmt":"2025-04-03T09:03:10","slug":"customize-silver-tyvek-canvas-tote","status":"publish","type":"product","link":"https:\/\/avecobaggie.com\/pt\/produto\/customize-silver-tyvek-canvas-tote\/","title":{"rendered":"Customize Silver Tyvek &amp; Canvas Tote"},"content":{"rendered":"<h2 class=\"wp-block-heading has-text-align-center\">Carater\u00edsticas do produto <\/h2>\n\n\n\n<ol start=\"1\" class=\"wp-block-list\">\n<li><strong>Hybrid Durability &amp; Style<\/strong>\n<ul class=\"wp-block-list\">\n<li><strong>Silver Dupont\u2122 Tyvek\u00ae exterior<\/strong>&nbsp;-&nbsp;<strong>waterproof, scratch-resistant<\/strong>, with a futuristic metallic finish.<\/li>\n\n\n\n<li><strong>Black canvas inner lining<\/strong>&nbsp;\u2013 tear-proof reinforcement for&nbsp;<strong>5+ years of commercial use<\/strong>.<\/li>\n<\/ul>\n<\/li>\n\n\n\n<li><strong>Functional &amp; Secure Design<\/strong>\n<ul class=\"wp-block-list\">\n<li><strong>Black canvas handles<\/strong>&nbsp;\u2013 ergonomic stitching tested for&nbsp;<strong>12kg load capacity<\/strong>.<\/li>\n\n\n\n<li><strong>Metal snap closure<\/strong>&nbsp;\u2013 secures contents during travel or crowded events.<\/li>\n<\/ul>\n<\/li>\n\n\n\n<li><strong>Custom Branding Impact<\/strong>\n<ul class=\"wp-block-list\">\n<li><strong>Full-wrap custom artwork printing<\/strong>&nbsp;\u2013 ideal for&nbsp;<strong>festival merch, tech events, or luxury retail branding<\/strong>.<\/li>\n\n\n\n<li><strong>UV-resistant inks<\/strong>&nbsp;\u2013 maintain vibrant colors even after 500+ uses.<\/li>\n<\/ul>\n<\/li>\n\n\n\n<li><strong>Commercial-Grade Utility<\/strong>\n<ul class=\"wp-block-list\">\n<li><strong>38x35x8cm spacious interior<\/strong>&nbsp;\u2013 fits laptops, A3 documents, or bulk promotional items.<\/li>\n\n\n\n<li><strong>Flat-pack design<\/strong>\u00a0\u2013 reduces shipping costs <\/li>\n<\/ul>\n<\/li>\n<\/ol>\n\n\n\n<hr class=\"wp-block-separator has-alpha-channel-opacity\"\/>\n\n\n\n<h4 class=\"wp-block-heading has-text-align-center\"><strong><a href=\"https:\/\/avecobaggie.com\/pt\/custom-tyvek-bag-manufacturer\/\" data-type=\"page\" data-id=\"8777\"><\/a><strong><a href=\"https:\/\/avecobaggie.com\/pt\/custom-tyvek-bag-manufacturer\/\" data-type=\"page\" data-id=\"8777\"><\/a><strong><strong><strong><a href=\"https:\/\/avecobaggie.com\/pt\/custom-tyvek-bag-manufacturer\/\" data-type=\"page\" data-id=\"8777\"><strong><strong><strong><strong><strong><strong><strong><\/strong><\/strong><\/strong><\/strong><\/strong><\/strong><\/strong><\/a><strong><strong><strong><a href=\"https:\/\/avecobaggie.com\/pt\/custom-tyvek-bag-manufacturer\/\" data-type=\"page\" data-id=\"8777\"><strong><strong><strong>Flexibilidade de personaliza\u00e7\u00e3o<\/strong><\/strong><\/strong><\/a><\/strong><\/strong><\/strong><\/strong><\/strong><\/strong><\/strong><\/strong><\/h4>\n\n\n\n<ul class=\"wp-block-list\">\n<li><strong>Pantone-matched Tyvek\u00ae colors<\/strong>&nbsp;(e.g., gold, rose gold).<\/li>\n\n\n\n<li><strong>Leather handle upgrades<\/strong>&nbsp;ou&nbsp;<strong>magnetic snap closures<\/strong>.<\/li>\n\n\n\n<li><strong>Waterproof zippers<\/strong>&nbsp;ou&nbsp;<strong>RFID-blocking layers<\/strong>.<br><strong>Request a quote<\/strong>&nbsp;\u2013 transform this tote into your brand\u2019s signature carrier!<\/li>\n<\/ul>\n\n\n\n<figure class=\"wp-block-image size-large is-resized\"><img fetchpriority=\"high\" width=\"1024\" height=\"752\" src=\"https:\/\/avecobaggie.com\/wp-content\/uploads\/2025\/03\/Handling-process-selection-3-1024x752.jpg\" alt=\"Acess\u00f3rios para sacos de tyvek\" class=\"wp-image-9131\" style=\"object-fit:cover;width:1140px;height:837px\" srcset=\"https:\/\/avecobaggie.com\/wp-content\/uploads\/2025\/03\/Handling-process-selection-3-1024x752.jpg 1024w, https:\/\/avecobaggie.com\/wp-content\/uploads\/2025\/03\/Handling-process-selection-3-300x220.jpg 300w, https:\/\/avecobaggie.com\/wp-content\/uploads\/2025\/03\/Handling-process-selection-3-768x564.jpg 768w, https:\/\/avecobaggie.com\/wp-content\/uploads\/2025\/03\/Handling-process-selection-3-600x441.jpg 600w, https:\/\/avecobaggie.com\/wp-content\/uploads\/2025\/03\/Handling-process-selection-3.jpg 1140w\" sizes=\"(max-width: 1024px) 100vw, 1024px\" \/><\/figure>\n\n\n\n<figure class=\"wp-block-image size-large is-resized\"><img width=\"929\" height=\"1024\" src=\"https:\/\/avecobaggie.com\/wp-content\/uploads\/2025\/03\/Handling-process-selection-4-929x1024.jpg\" alt=\"Op\u00e7\u00e3o de al\u00e7a para fazer saco de tyvek\" class=\"wp-image-9132\" style=\"object-fit:cover;width:1140px;height:1256px\" srcset=\"https:\/\/avecobaggie.com\/wp-content\/uploads\/2025\/03\/Handling-process-selection-4-929x1024.jpg 929w, https:\/\/avecobaggie.com\/wp-content\/uploads\/2025\/03\/Handling-process-selection-4-272x300.jpg 272w, https:\/\/avecobaggie.com\/wp-content\/uploads\/2025\/03\/Handling-process-selection-4-768x846.jpg 768w, https:\/\/avecobaggie.com\/wp-content\/uploads\/2025\/03\/Handling-process-selection-4-600x661.jpg 600w, https:\/\/avecobaggie.com\/wp-content\/uploads\/2025\/03\/Handling-process-selection-4.jpg 1140w\" sizes=\"(max-width: 929px) 100vw, 929px\" \/><\/figure>\n\n\n\n<figure class=\"wp-block-table\"><table><tbody><tr><td>Material<\/td><td>Papel DuPont Tyvek<\/td><\/tr><tr><td>Cor<\/td><td>Escolha a partir do nosso stock de tecidos dispon\u00edveis ou personalize atrav\u00e9s de tingimento para corresponder a cores Pantone espec\u00edficas<\/td><\/tr><tr><td>Espessura do tecido<\/td><td>35-105 gsm<\/td><\/tr><tr><td>Tamanho<\/td><td>Personaliz\u00e1vel<\/td><\/tr><tr><td>Impress\u00e3o<\/td><td>Impress\u00e3o digital, Serigrafia, Impress\u00e3o por transfer\u00eancia t\u00e9rmica, Flexografia<\/td><\/tr><tr><td>Tipo de pega<\/td><td>Tyvek, Couro, Algod\u00e3o, Nylon<\/td><\/tr><tr><td>Acess\u00f3rios<\/td><td>Bolso interior, bolso exterior, fecho de correr, bot\u00e3o de press\u00e3o, fecho magn\u00e9tico, velcro, cord\u00e3o de ajuste, refor\u00e7o inferior, refor\u00e7o lateral, argola em D, fivelas, ilh\u00f3s, divis\u00f3rias, etiqueta, r\u00f3tulo<\/td><\/tr><tr><td>Carater\u00edsticas<\/td><td>Leve mas dur\u00e1vel, resistente \u00e0 \u00e1gua, resistente aos rasg\u00f5es, respir\u00e1vel, ecol\u00f3gico e recicl\u00e1vel, textura e aspeto \u00fanicos, facilmente personaliz\u00e1vel<\/td><\/tr><tr><td>Utiliza\u00e7\u00e3o<\/td><td>Eventos promocionais, Compras, Viagens, Confer\u00eancias, Exposi\u00e7\u00f5es, Passeios na praia, Piqueniques, Utiliza\u00e7\u00e3o di\u00e1ria<\/td><\/tr><tr><td>Qualidade<\/td><td>Garantia de materiais de primeira qualidade e de qualidade superior<\/td><\/tr><tr><td>OEM\/ODM<\/td><td>Aceit\u00e1vel<\/td><\/tr><tr><td rowspan=\"4\">Produ\u00e7\u00e3o de amostras<\/td><td>Prazo de execu\u00e7\u00e3o: 3-7 dias.<\/td><\/tr><tr><td>Custo: 30USD-80USD Varia consoante os pormenores do produto.<\/td><\/tr><tr><td>Pol\u00edtica de reembolso: Totalmente reembols\u00e1vel com uma encomenda de 1000pcs ou mais.<\/td><\/tr><tr><td>As amostras padr\u00e3o s\u00e3o gratuitas. Apenas ser\u00e1 respons\u00e1vel pelo pagamento dos custos de envio.<\/td><\/tr><tr><td>Embalagem<\/td><td>Saco PE + caixa de cart\u00e3o (personaliz\u00e1vel)<\/td><\/tr><tr><td>Produ\u00e7\u00e3o em massa<\/td><td>7-30 dias, dependendo da quantidade<\/td><\/tr><tr><td>Expedi\u00e7\u00e3o<\/td><td>Por expresso (DHL, UPS, FedEx, TNT, EMS), por via a\u00e9rea, por via mar\u00edtima<\/td><\/tr><\/tbody><\/table><\/figure>","protected":false},"excerpt":{"rendered":"<p>Silver Tyvek | Black Canvas Inner | Metal Snap | Heavy-Duty<\/p>","protected":false},"featured_media":9294,"comment_status":"open","ping_status":"closed","template":"","meta":{"_seopress_robots_primary_cat":"none","_seopress_titles_title":"Customize Silver Tyvek & Canvas Tote Get Customized Now","_seopress_titles_desc":"Silver Tyvek\u00ae tote \u2013 38x35x8cm, waterproof, scratch-resistant, with a futuristic metallic finish,fits laptops, A3 documents, or other items,Custom Now!","_seopress_robots_index":""},"product_brand":[185],"product_cat":[189,29],"product_tag":[136],"class_list":{"0":"post-9293","1":"product","2":"type-product","3":"status-publish","4":"has-post-thumbnail","6":"product_brand-avecobaggie","7":"product_cat-custom-tyvek-bag","8":"product_cat-tote-bag","9":"product_tag-dupont-bag","11":"first","12":"instock","13":"taxable","14":"shipping-taxable","15":"product-type-simple"},"_links":{"self":[{"href":"https:\/\/avecobaggie.com\/pt\/wp-json\/wp\/v2\/product\/9293","targetHints":{"allow":["GET"]}}],"collection":[{"href":"https:\/\/avecobaggie.com\/pt\/wp-json\/wp\/v2\/product"}],"about":[{"href":"https:\/\/avecobaggie.com\/pt\/wp-json\/wp\/v2\/types\/product"}],"replies":[{"embeddable":true,"href":"https:\/\/avecobaggie.com\/pt\/wp-json\/wp\/v2\/comments?post=9293"}],"wp:featuredmedia":[{"embeddable":true,"href":"https:\/\/avecobaggie.com\/pt\/wp-json\/wp\/v2\/media\/9294"}],"wp:attachment":[{"href":"https:\/\/avecobaggie.com\/pt\/wp-json\/wp\/v2\/media?parent=9293"}],"wp:term":[{"taxonomy":"product_brand","embeddable":true,"href":"https:\/\/avecobaggie.com\/pt\/wp-json\/wp\/v2\/product_brand?post=9293"},{"taxonomy":"product_cat","embeddable":true,"href":"https:\/\/avecobaggie.com\/pt\/wp-json\/wp\/v2\/product_cat?post=9293"},{"taxonomy":"product_tag","embeddable":true,"href":"https:\/\/avecobaggie.com\/pt\/wp-json\/wp\/v2\/product_tag?post=9293"}],"curies":[{"name":"wp","href":"https:\/\/api.w.org\/{rel}","templated":true}]}}