{"id":9372,"date":"2025-03-28T17:34:19","date_gmt":"2025-03-28T09:34:19","guid":{"rendered":"https:\/\/avecobaggie.com\/?post_type=product&#038;p=9372"},"modified":"2025-04-03T17:41:33","modified_gmt":"2025-04-03T09:41:33","slug":"private-lable-tyvek-casual-tote-bag-with-leather-strap","status":"publish","type":"product","link":"https:\/\/avecobaggie.com\/pt\/produto\/private-lable-tyvek-casual-tote-bag-with-leather-strap\/","title":{"rendered":"Private Lable Tyvek Casual Tote Bag with Leather strap"},"content":{"rendered":"<h2 class=\"wp-block-heading has-text-align-center\">Carater\u00edsticas do produto <\/h2>\n\n\n\n<ol start=\"1\" class=\"wp-block-list\">\n<li><strong>Industrial Double-Layer Durability<\/strong>\n<ul class=\"wp-block-list\">\n<li><strong>Dual-layer Dupont\u2122 Tyvek\u00ae<\/strong>&nbsp;-&nbsp;<strong>waterproof, tear-resistant<\/strong>, and 3x stronger than single-layer designs for&nbsp;<strong>retail, events, or heavy commuting<\/strong>.<\/li>\n\n\n\n<li><strong>Riveted leather handle<\/strong>&nbsp;\u2013 stress-tested for&nbsp;<strong>Capacidade de carga de 8 kg<\/strong>&nbsp;with a sleek, minimalist aesthetic.<\/li>\n<\/ul>\n<\/li>\n\n\n\n<li><strong>Functional Rolled-Top Design<\/strong>\n<ul class=\"wp-block-list\">\n<li><strong>Rolled collar opening<\/strong>&nbsp;\u2013 expands capacity for bulkier items like books, groceries, or apparel.<\/li>\n\n\n\n<li><strong>Reinforced stitching<\/strong>&nbsp;at stress points \u2013 prevents fraying even with daily overstuffing.<\/li>\n<\/ul>\n<\/li>\n\n\n\n<li><strong>High-Visibility Branding<\/strong>\n<ul class=\"wp-block-list\">\n<li><strong>Full-front custom print<\/strong>&nbsp;\u2013 UV-resistant inks ensure&nbsp;<strong>fade-proof logos or patterns<\/strong>&nbsp;for streetwear or corporate branding.<\/li>\n\n\n\n<li><strong>Optional embossing<\/strong>&nbsp;on the leather handle for tactile luxury.<\/li>\n<\/ul>\n<\/li>\n\n\n\n<li><strong>Valor centrado no B2B<\/strong>\n<ul class=\"wp-block-list\">\n<li><strong>MOQ 500pcs<\/strong>&nbsp;\u2013 lowest in the industry for niche brands or pop-up campaigns.<\/li>\n\n\n\n<li><strong>10-day production<\/strong>&nbsp;+&nbsp;<strong>Expedi\u00e7\u00e3o global DDP<\/strong>&nbsp;\u2013 seamless logistics to 30+ countries.<\/li>\n\n\n\n<li><strong>Flat-packable<\/strong>&nbsp;\u2013 cuts freight costs by 35% vs. rigid packaging.<\/li>\n<\/ul>\n<\/li>\n<\/ol>\n\n\n\n<p><\/p>\n\n\n\n<hr class=\"wp-block-separator has-alpha-channel-opacity\"\/>\n\n\n\n<h4 class=\"wp-block-heading has-text-align-center\"><strong><a href=\"https:\/\/avecobaggie.com\/pt\/custom-tyvek-bag-manufacturer\/\" data-type=\"page\" data-id=\"8777\"><\/a><strong><a href=\"https:\/\/avecobaggie.com\/pt\/custom-tyvek-bag-manufacturer\/\" data-type=\"page\" data-id=\"8777\"><\/a><strong><strong><strong><a href=\"https:\/\/avecobaggie.com\/pt\/custom-tyvek-bag-manufacturer\/\" data-type=\"page\" data-id=\"8777\"><strong><strong><strong><strong><strong><strong><strong><\/strong><\/strong><\/strong><\/strong><\/strong><\/strong><\/strong><\/a><strong><strong><strong><a href=\"https:\/\/avecobaggie.com\/pt\/custom-tyvek-bag-manufacturer\/\" data-type=\"page\" data-id=\"8777\"><strong><strong><strong>Flexibilidade de personaliza\u00e7\u00e3o<\/strong><\/strong><\/strong><\/a><\/strong><\/strong><\/strong><\/strong><\/strong><\/strong><\/strong><\/strong><\/h4>\n\n\n\n<ul class=\"wp-block-list\">\n<li><strong>Pantone-matched Tyvek colors<\/strong>\u00a0(e.g., charcoal, olive).<\/li>\n\n\n\n<li><strong>Waterproof zipper upgrades<\/strong>&nbsp;ou&nbsp;<strong>inner organizational pockets<\/strong>.<\/li>\n\n\n\n<li><strong>Leather handle variations<\/strong>\u00a0(braided, adjustable, or engraved).<br><strong>Solicitar amostras personalizadas<\/strong>\u00a0\u2013 test ruggedness and brand impact firsthand!<\/li>\n<\/ul>\n\n\n\n<figure class=\"wp-block-image size-large is-resized\"><img fetchpriority=\"high\" width=\"1024\" height=\"752\" src=\"https:\/\/avecobaggie.com\/wp-content\/uploads\/2025\/03\/Handling-process-selection-3-1024x752.jpg\" alt=\"Acess\u00f3rios para sacos de tyvek\" class=\"wp-image-9131\" style=\"object-fit:cover;width:1140px;height:837px\" srcset=\"https:\/\/avecobaggie.com\/wp-content\/uploads\/2025\/03\/Handling-process-selection-3-1024x752.jpg 1024w, https:\/\/avecobaggie.com\/wp-content\/uploads\/2025\/03\/Handling-process-selection-3-300x220.jpg 300w, https:\/\/avecobaggie.com\/wp-content\/uploads\/2025\/03\/Handling-process-selection-3-768x564.jpg 768w, https:\/\/avecobaggie.com\/wp-content\/uploads\/2025\/03\/Handling-process-selection-3-600x441.jpg 600w, https:\/\/avecobaggie.com\/wp-content\/uploads\/2025\/03\/Handling-process-selection-3.jpg 1140w\" sizes=\"(max-width: 1024px) 100vw, 1024px\" \/><\/figure>\n\n\n\n<figure class=\"wp-block-image size-large is-resized\"><img width=\"929\" height=\"1024\" src=\"https:\/\/avecobaggie.com\/wp-content\/uploads\/2025\/03\/Handling-process-selection-4-929x1024.jpg\" alt=\"Op\u00e7\u00e3o de al\u00e7a para fazer saco de tyvek\" class=\"wp-image-9132\" style=\"object-fit:cover;width:1140px;height:1256px\" srcset=\"https:\/\/avecobaggie.com\/wp-content\/uploads\/2025\/03\/Handling-process-selection-4-929x1024.jpg 929w, https:\/\/avecobaggie.com\/wp-content\/uploads\/2025\/03\/Handling-process-selection-4-272x300.jpg 272w, https:\/\/avecobaggie.com\/wp-content\/uploads\/2025\/03\/Handling-process-selection-4-768x846.jpg 768w, https:\/\/avecobaggie.com\/wp-content\/uploads\/2025\/03\/Handling-process-selection-4-600x661.jpg 600w, https:\/\/avecobaggie.com\/wp-content\/uploads\/2025\/03\/Handling-process-selection-4.jpg 1140w\" sizes=\"(max-width: 929px) 100vw, 929px\" \/><\/figure>\n\n\n\n<figure class=\"wp-block-table\"><table><tbody><tr><td>Material<\/td><td>Papel DuPont Tyvek<\/td><\/tr><tr><td>Cor<\/td><td>Escolha a partir do nosso stock de tecidos dispon\u00edveis ou personalize atrav\u00e9s de tingimento para corresponder a cores Pantone espec\u00edficas<\/td><\/tr><tr><td>Espessura do tecido<\/td><td>35-105 gsm<\/td><\/tr><tr><td>Tamanho<\/td><td>Personaliz\u00e1vel<\/td><\/tr><tr><td>Impress\u00e3o<\/td><td>Impress\u00e3o digital, Serigrafia, Impress\u00e3o por transfer\u00eancia t\u00e9rmica, Flexografia<\/td><\/tr><tr><td>Tipo de pega<\/td><td>Tyvek, Couro, Algod\u00e3o, Nylon<\/td><\/tr><tr><td>Acess\u00f3rios<\/td><td>Bolso interior, bolso exterior, fecho de correr, bot\u00e3o de press\u00e3o, fecho magn\u00e9tico, velcro, cord\u00e3o de ajuste, refor\u00e7o inferior, refor\u00e7o lateral, argola em D, fivelas, ilh\u00f3s, divis\u00f3rias, etiqueta, r\u00f3tulo<\/td><\/tr><tr><td>Carater\u00edsticas<\/td><td>Leve mas dur\u00e1vel, resistente \u00e0 \u00e1gua, resistente aos rasg\u00f5es, respir\u00e1vel, ecol\u00f3gico e recicl\u00e1vel, textura e aspeto \u00fanicos, facilmente personaliz\u00e1vel<\/td><\/tr><tr><td>Utiliza\u00e7\u00e3o<\/td><td>Eventos promocionais, Compras, Viagens, Confer\u00eancias, Exposi\u00e7\u00f5es, Passeios na praia, Piqueniques, Utiliza\u00e7\u00e3o di\u00e1ria<\/td><\/tr><tr><td>Qualidade<\/td><td>Garantia de materiais de primeira qualidade e de qualidade superior<\/td><\/tr><tr><td>OEM\/ODM<\/td><td>Aceit\u00e1vel<\/td><\/tr><tr><td rowspan=\"4\">Produ\u00e7\u00e3o de amostras<\/td><td>Prazo de execu\u00e7\u00e3o: 3-7 dias.<\/td><\/tr><tr><td>Custo: 30USD-80USD Varia consoante os pormenores do produto.<\/td><\/tr><tr><td>Pol\u00edtica de reembolso: Totalmente reembols\u00e1vel com uma encomenda de 1000pcs ou mais.<\/td><\/tr><tr><td>As amostras padr\u00e3o s\u00e3o gratuitas. Apenas ser\u00e1 respons\u00e1vel pelo pagamento dos custos de envio.<\/td><\/tr><tr><td>Embalagem<\/td><td>Saco PE + caixa de cart\u00e3o (personaliz\u00e1vel)<\/td><\/tr><tr><td>Produ\u00e7\u00e3o em massa<\/td><td>7-30 dias, dependendo da quantidade<\/td><\/tr><tr><td>Expedi\u00e7\u00e3o<\/td><td>Por expresso (DHL, UPS, FedEx, TNT, EMS), por via a\u00e9rea, por via mar\u00edtima<\/td><\/tr><\/tbody><\/table><\/figure>","protected":false},"excerpt":{"rendered":"<p>Double-Layer Tyvek | Rolled Top | Custom Print\u00a0<\/p>","protected":false},"featured_media":9373,"comment_status":"open","ping_status":"closed","template":"","meta":{"_seopress_robots_primary_cat":"none","_seopress_titles_title":"Private Lable Tyvek Casual Tote Bag with Leather strap","_seopress_titles_desc":"Tyvek tote bag \u2013 26x34x9cm, riveted leather handle, double-layer, bulk orders.","_seopress_robots_index":""},"product_brand":[185],"product_cat":[189,29],"product_tag":[136],"class_list":{"0":"post-9372","1":"product","2":"type-product","3":"status-publish","4":"has-post-thumbnail","6":"product_brand-avecobaggie","7":"product_cat-custom-tyvek-bag","8":"product_cat-tote-bag","9":"product_tag-dupont-bag","11":"first","12":"instock","13":"taxable","14":"shipping-taxable","15":"product-type-simple"},"_links":{"self":[{"href":"https:\/\/avecobaggie.com\/pt\/wp-json\/wp\/v2\/product\/9372","targetHints":{"allow":["GET"]}}],"collection":[{"href":"https:\/\/avecobaggie.com\/pt\/wp-json\/wp\/v2\/product"}],"about":[{"href":"https:\/\/avecobaggie.com\/pt\/wp-json\/wp\/v2\/types\/product"}],"replies":[{"embeddable":true,"href":"https:\/\/avecobaggie.com\/pt\/wp-json\/wp\/v2\/comments?post=9372"}],"wp:featuredmedia":[{"embeddable":true,"href":"https:\/\/avecobaggie.com\/pt\/wp-json\/wp\/v2\/media\/9373"}],"wp:attachment":[{"href":"https:\/\/avecobaggie.com\/pt\/wp-json\/wp\/v2\/media?parent=9372"}],"wp:term":[{"taxonomy":"product_brand","embeddable":true,"href":"https:\/\/avecobaggie.com\/pt\/wp-json\/wp\/v2\/product_brand?post=9372"},{"taxonomy":"product_cat","embeddable":true,"href":"https:\/\/avecobaggie.com\/pt\/wp-json\/wp\/v2\/product_cat?post=9372"},{"taxonomy":"product_tag","embeddable":true,"href":"https:\/\/avecobaggie.com\/pt\/wp-json\/wp\/v2\/product_tag?post=9372"}],"curies":[{"name":"wp","href":"https:\/\/api.w.org\/{rel}","templated":true}]}}