{"id":9501,"date":"2025-04-03T16:14:27","date_gmt":"2025-04-03T08:14:27","guid":{"rendered":"https:\/\/avecobaggie.com\/?post_type=product&#038;p=9501"},"modified":"2025-04-03T16:30:49","modified_gmt":"2025-04-03T08:30:49","slug":"customize-washable-kraft-toiletry-bag-with-metal-zipper","status":"publish","type":"product","link":"https:\/\/avecobaggie.com\/pt\/produto\/customize-washable-kraft-toiletry-bag-with-metal-zipper\/","title":{"rendered":"Saco de toilette kraft lav\u00e1vel personalizado com fecho de metal"},"content":{"rendered":"<h2 class=\"wp-block-heading has-text-align-center\">Carater\u00edsticas do produto <\/h2>\n\n\n\n<p><strong>Material ecol\u00f3gico de qualidade superior<\/strong><br><strong>Papel kraft lav\u00e1vel<\/strong>\u00a0- Desenvolve uma textura vintage ao longo do tempo, 100% biodegrad\u00e1vel.<br><strong>Cimento cinzento e Kraft natural<\/strong>\u00a0- Os tons neutros combinam com a est\u00e9tica minimalista da marca.<\/p>\n\n\n\n<p><strong>Companheiro de viagem funcional<\/strong><br><strong>Fecho de correr met\u00e1lico resistente<\/strong>\u00a0- Deslizamento suave com revestimento anti-ferrugem para uma utiliza\u00e7\u00e3o a longo prazo.<br><strong>Forro interior em nylon + bolso com divis\u00f3ria<\/strong>\u00a0- O tecido resistente \u00e0 \u00e1gua protege os produtos de higiene pessoal\/cosm\u00e9ticos.<\/p>\n\n\n\n<p><strong>Apelo do design escandinavo<\/strong><br><strong>Artigos essenciais de viagem<\/strong>: Tamanho compat\u00edvel com a norma TSA para l\u00edquidos na bagagem de m\u00e3o ou kits de cuidados da pele.<br><strong>Presentes para empresas<\/strong>: Imprimir log\u00f3tipos em papel kraft para kits de boas-vindas a empregados de luxo.<br><strong>Parcerias hoteleiras<\/strong>: Encomendas a granel de bolsas de luxo para amenidades (MOQ 500pcs).<\/p>\n\n\n\n<p><strong>valor central:<\/strong><br><strong>MOQ 500pcs por desenho<\/strong>\u00a0- Testar a procura do mercado com pequenos lotes.<br><strong>Produ\u00e7\u00e3o de 20 dias<\/strong>\u00a0+\u00a0<strong>Expedi\u00e7\u00e3o global DDP<\/strong>\u00a0- Desembara\u00e7o aduaneiro inclu\u00eddo.<br><strong>Prova de desenho gratuita<\/strong>\u00a0- Visualize o seu saco com a marca antes da produ\u00e7\u00e3o.<\/p>\n\n\n\n<hr class=\"wp-block-separator has-alpha-channel-opacity\"\/>\n\n\n\n<h4 class=\"wp-block-heading has-text-align-center\"><strong><a href=\"https:\/\/avecobaggie.com\/pt\/custom-tyvek-bag-manufacturer\/\" data-type=\"page\" data-id=\"8777\"><\/a><strong><a href=\"https:\/\/avecobaggie.com\/pt\/custom-tyvek-bag-manufacturer\/\" data-type=\"page\" data-id=\"8777\"><\/a><strong><strong><strong><a href=\"https:\/\/avecobaggie.com\/pt\/custom-tyvek-bag-manufacturer\/\" data-type=\"page\" data-id=\"8777\"><\/a><strong><strong><strong><a href=\"https:\/\/avecobaggie.com\/pt\/custom-washable-paper-bag-manufactuer\/\" data-type=\"page\" data-id=\"8845\"><strong><strong><strong>Flexibilidade de personaliza\u00e7\u00e3o<\/strong><\/strong><\/strong><\/a><\/strong><\/strong><\/strong><\/strong><\/strong><\/strong><\/strong><\/strong><\/h4>\n\n\n\n<ul class=\"wp-block-list\">\n<li>Adicionar tiras el\u00e1sticas no interior para escovas\/ferramentas<\/li>\n\n\n\n<li>Mudar para puxadores de fecho de correr em pele vegana<\/li>\n<\/ul>\n\n\n\n<p><\/p>\n\n\n\n<figure class=\"wp-block-image size-large is-resized\"><img fetchpriority=\"high\" width=\"1024\" height=\"752\" src=\"https:\/\/avecobaggie.com\/wp-content\/uploads\/2025\/03\/Handling-process-selection-3-1024x752.jpg\" alt=\"Acess\u00f3rios para sacos de tyvek\" class=\"wp-image-9131\" style=\"object-fit:cover;width:1140px;height:837px\" srcset=\"https:\/\/avecobaggie.com\/wp-content\/uploads\/2025\/03\/Handling-process-selection-3-1024x752.jpg 1024w, https:\/\/avecobaggie.com\/wp-content\/uploads\/2025\/03\/Handling-process-selection-3-300x220.jpg 300w, https:\/\/avecobaggie.com\/wp-content\/uploads\/2025\/03\/Handling-process-selection-3-768x564.jpg 768w, https:\/\/avecobaggie.com\/wp-content\/uploads\/2025\/03\/Handling-process-selection-3-600x441.jpg 600w, https:\/\/avecobaggie.com\/wp-content\/uploads\/2025\/03\/Handling-process-selection-3.jpg 1140w\" sizes=\"(max-width: 1024px) 100vw, 1024px\" \/><\/figure>\n\n\n\n<figure class=\"wp-block-image size-large is-resized\"><img width=\"929\" height=\"1024\" src=\"https:\/\/avecobaggie.com\/wp-content\/uploads\/2025\/03\/Handling-process-selection-4-929x1024.jpg\" alt=\"Op\u00e7\u00e3o de al\u00e7a para fazer saco de tyvek\" class=\"wp-image-9132\" style=\"object-fit:cover;width:1140px;height:1256px\" srcset=\"https:\/\/avecobaggie.com\/wp-content\/uploads\/2025\/03\/Handling-process-selection-4-929x1024.jpg 929w, https:\/\/avecobaggie.com\/wp-content\/uploads\/2025\/03\/Handling-process-selection-4-272x300.jpg 272w, https:\/\/avecobaggie.com\/wp-content\/uploads\/2025\/03\/Handling-process-selection-4-768x846.jpg 768w, https:\/\/avecobaggie.com\/wp-content\/uploads\/2025\/03\/Handling-process-selection-4-600x661.jpg 600w, https:\/\/avecobaggie.com\/wp-content\/uploads\/2025\/03\/Handling-process-selection-4.jpg 1140w\" sizes=\"(max-width: 929px) 100vw, 929px\" \/><\/figure>\n\n\n\n<figure class=\"wp-block-table\"><table><tbody><tr><td>Descri\u00e7\u00e3o:<\/td><td><strong>Carater\u00edstica<\/strong><\/td><\/tr><tr><td><strong>Benef\u00edcios ambientais<\/strong><\/td><td>1.&nbsp;<strong>Reutiliz\u00e1vel<\/strong>: Pode ser lavado e reutilizado v\u00e1rias vezes, reduzindo os res\u00edduos de utiliza\u00e7\u00e3o \u00fanica.<br>2.&nbsp;<strong>Material biodegrad\u00e1vel<\/strong>: Principalmente \u00e0 base de papel, decomp\u00f5e-se mais rapidamente do que os pl\u00e1sticos.<br>3.&nbsp;<strong>Reduz a polui\u00e7\u00e3o por pl\u00e1sticos<\/strong>: Substitui os sacos de pl\u00e1stico tradicionais, minimizando a polui\u00e7\u00e3o por micropl\u00e1sticos.<\/td><\/tr><tr><td><strong>Carater\u00edsticas funcionais<\/strong><\/td><td>1.&nbsp;<strong>\u00c0 prova de \u00e1gua\/resistente \u00e0 \u00e1gua<\/strong>: As superf\u00edcies tratadas resistem aos danos durante a lavagem.<br>2.&nbsp;<strong>Leve e dur\u00e1vel<\/strong>: Mais forte do que os sacos de papel normais e com maior capacidade de carga.<br>3.&nbsp;<strong>F\u00e1cil de limpar<\/strong>: Pode ser lavado \u00e0 m\u00e3o ou \u00e0 m\u00e1quina (consoante o modelo) e seca rapidamente.<\/td><\/tr><tr><td><strong>Benef\u00edcios econ\u00f3micos<\/strong><\/td><td>1.&nbsp;<strong>Menor custo a longo prazo<\/strong>: Econ\u00f3mico por utiliza\u00e7\u00e3o em compara\u00e7\u00e3o com as op\u00e7\u00f5es descart\u00e1veis.<br>2.&nbsp;<strong>Redu\u00e7\u00e3o das recompras<\/strong>: A reutiliza\u00e7\u00e3o reduz as despesas recorrentes das empresas\/consumidores.<\/td><\/tr><tr><td><strong>Aplica\u00e7\u00f5es pr\u00e1ticas<\/strong><\/td><td>1.&nbsp;<strong>Vers\u00e1til<\/strong>: Ideal para compras, arruma\u00e7\u00e3o, viagens e muito mais.<br>2.&nbsp;<strong>Port\u00e1til<\/strong>: Compacto quando dobrado, f\u00e1cil de transportar.<br>3.&nbsp;<strong>Altamente personaliz\u00e1vel<\/strong>: Imprim\u00edvel com desenhos ou log\u00f3tipos para a marca.<\/td><\/tr><tr><td><strong>Recurso do consumidor<\/strong><\/td><td>1.&nbsp;<strong>Design elegante<\/strong>: Combina a textura do papel com uma est\u00e9tica moderna, alinhando-se com as tend\u00eancias ecol\u00f3gicas.<br>2.&nbsp;<strong>Seguro para a sa\u00fade<\/strong>: Revestimentos sem qu\u00edmicos (em alguns produtos), mais seguros para o contacto com os alimentos.<\/td><\/tr><tr><td><strong>Conformidade com as pol\u00edticas<\/strong><\/td><td>1.&nbsp;<strong>Cumpre os regulamentos de proibi\u00e7\u00e3o de pl\u00e1sticos<\/strong>: Em conformidade com as proibi\u00e7\u00f5es mundiais de pl\u00e1sticos de utiliza\u00e7\u00e3o \u00fanica.<br>2.&nbsp;<strong>Certifica\u00e7\u00f5es ecol\u00f3gicas<\/strong>: Pode ser eleg\u00edvel para r\u00f3tulos de sustentabilidade, aumentando a pontua\u00e7\u00e3o ESG.<\/td><\/tr><\/tbody><\/table><\/figure>","protected":false},"excerpt":{"rendered":"<p>Cimento cinzento\/Kraft | Forro de nylon | Dur\u00e1vel e ecol\u00f3gico\u00a0<\/p>","protected":false},"featured_media":9502,"comment_status":"open","ping_status":"closed","template":"","meta":{"_seopress_robots_primary_cat":"none","_seopress_titles_title":"Customize Washable Kraft Toiletry Bag With Metal Zipper","_seopress_titles_desc":"Water-resistant kraft toiletry bags in two sizes (19.5x11x6cm & 13.5x9x6cm). Metal zipper closure, nylon-lined compartments. Perfect for travel","_seopress_robots_index":""},"product_brand":[185],"product_cat":[190,110],"product_tag":[37,191],"class_list":{"0":"post-9501","1":"product","2":"type-product","3":"status-publish","4":"has-post-thumbnail","6":"product_brand-avecobaggie","7":"product_cat-washable-craft-paper-bag","8":"product_cat-travel","9":"product_tag-tote-bag","10":"product_tag-washable-craft-paper-bag","12":"first","13":"instock","14":"taxable","15":"shipping-taxable","16":"product-type-simple"},"_links":{"self":[{"href":"https:\/\/avecobaggie.com\/pt\/wp-json\/wp\/v2\/product\/9501","targetHints":{"allow":["GET"]}}],"collection":[{"href":"https:\/\/avecobaggie.com\/pt\/wp-json\/wp\/v2\/product"}],"about":[{"href":"https:\/\/avecobaggie.com\/pt\/wp-json\/wp\/v2\/types\/product"}],"replies":[{"embeddable":true,"href":"https:\/\/avecobaggie.com\/pt\/wp-json\/wp\/v2\/comments?post=9501"}],"wp:featuredmedia":[{"embeddable":true,"href":"https:\/\/avecobaggie.com\/pt\/wp-json\/wp\/v2\/media\/9502"}],"wp:attachment":[{"href":"https:\/\/avecobaggie.com\/pt\/wp-json\/wp\/v2\/media?parent=9501"}],"wp:term":[{"taxonomy":"product_brand","embeddable":true,"href":"https:\/\/avecobaggie.com\/pt\/wp-json\/wp\/v2\/product_brand?post=9501"},{"taxonomy":"product_cat","embeddable":true,"href":"https:\/\/avecobaggie.com\/pt\/wp-json\/wp\/v2\/product_cat?post=9501"},{"taxonomy":"product_tag","embeddable":true,"href":"https:\/\/avecobaggie.com\/pt\/wp-json\/wp\/v2\/product_tag?post=9501"}],"curies":[{"name":"wp","href":"https:\/\/api.w.org\/{rel}","templated":true}]}}