{"id":9625,"date":"2025-04-11T10:30:15","date_gmt":"2025-04-11T02:30:15","guid":{"rendered":"https:\/\/avecobaggie.com\/?post_type=product&#038;p=9625"},"modified":"2025-04-23T20:53:55","modified_gmt":"2025-04-23T12:53:55","slug":"die-cut-plain-non-woven-shopping-bags-wholesale","status":"publish","type":"product","link":"https:\/\/avecobaggie.com\/pt\/produto\/die-cut-plain-non-woven-shopping-bags-wholesale\/","title":{"rendered":"Sacos de compras n\u00e3o tecidos lisos cortados por atacado"},"content":{"rendered":"<h2 class=\"wp-block-heading has-text-align-center\">Carater\u00edsticas do produto<\/h2>\n\n\n\n<p><strong>For\u00e7a promocional Featherlight<\/strong><br> \u00a0<strong>Design de fundo aberto<\/strong>\u00a0- 50% mais leve do que as caixas normais, reduz os custos de envio para encomendas a granel.<br> \u00a0<strong><strong>Design elegante da pega cortada<\/strong><\/strong>\u00a0- Com um corte limpo e moderno, esta\u00a0<strong>pega incorporada<\/strong>\u00a0assegura uma ader\u00eancia firme e confort\u00e1vel, mantendo um aspeto minimalista. Sem materiais extra, sem custos acrescidos - apenas um design inteligente.<\/p>\n\n\n\n<p><strong>Constru\u00e7\u00e3o com isolamento t\u00e9rmico\u00a0\u00a0<\/strong><br>Fabricados com soldadura por ultra-sons, estes sacos oferecem\u00a0<strong>arestas lisas e sem costuras<\/strong>\u00a0que n\u00e3o se desgastam nem rasgam sob carga, dando \u00e0 sua embalagem um acabamento de alta qualidade e preservando a resist\u00eancia estrutural.<\/p>\n\n\n\n<p><strong>Leve e dur\u00e1vel\u00a0\u00a0<\/strong><br>Fabricado em\u00a0<strong>polipropileno n\u00e3o tecido de alta qualidade<\/strong>, os sacos s\u00e3o\u00a0<strong>suficientemente resistente para transportar os objectos essenciais do dia a dia<\/strong>\u00a0e mercearias ainda\u00a0<strong>suficientemente leve para ser facilmente transportado e armazenado<\/strong>, o que os torna perfeitos para a distribui\u00e7\u00e3o em massa.<\/p>\n\n\n\n<p><strong>Totalmente personaliz\u00e1vel\u00a0\u00a0<\/strong><br>Fornecemos\u00a0<strong>op\u00e7\u00f5es de impress\u00e3o em toda a superf\u00edcie<\/strong>\u00a0para o ajudar a apresentar o log\u00f3tipo da sua marca, as mensagens ou o trabalho art\u00edstico da campanha em cores vibrantes e resistentes ao desvanecimento. Escolha entre uma vasta gama de\u00a0<strong>tamanhos, cores e acabamentos<\/strong>.<\/p>\n\n\n\n<p><strong>Amigo do ambiente e rent\u00e1vel<\/strong><br>Reutiliz\u00e1veis e 100% recicl\u00e1veis, estes sacos cumprem as normas ambientais modernas, mantendo-se dentro do or\u00e7amento. Ideal para\u00a0<strong>promo\u00e7\u00f5es eco-conscientes<\/strong>eventos comerciais e estrat\u00e9gias de retalho sustent\u00e1veis<\/p>\n\n\n\n<p><strong>Flexibilidade de tamanho e especifica\u00e7\u00f5es<\/strong><br> &nbsp;<strong>5 Dimens\u00f5es planas<\/strong>:<br>25x30cm (folhetos) \u2192 30x40cm (revistas) \u2192 40x50cm (cartazes)<br> &nbsp;<strong>Op\u00e7\u00f5es de espessura<\/strong>: 60-100gsm (por defeito 80gsm)<br> &nbsp;<strong>Tipos de fecho<\/strong>: Tampa aberta | Bot\u00e3o de press\u00e3o | Janela recortada<\/p>\n\n\n\n<p><strong>Cen\u00e1rios de grande impacto<\/strong><br> \u00a0<strong>Equipas de rua<\/strong>2000pcs - Distribuir mais de 5000 panfletos por dia.<\/p>\n\n\n\n<hr class=\"wp-block-separator has-alpha-channel-opacity\"\/>\n\n\n\n<h4 class=\"wp-block-heading has-text-align-center\"><strong><strong><strong><strong><strong><strong><strong><strong><a href=\"https:\/\/avecobaggie.com\/pt\/custom-washable-paper-bag-manufactuer\/\" data-type=\"page\" data-id=\"8845\"><strong><strong><strong>Personaliza\u00e7\u00e3o <\/strong><\/strong><\/strong><\/a><strong><strong><strong><a href=\"https:\/\/avecobaggie.com\/pt\/customize-non-woven-bag-manufacturer\/\" data-type=\"page\" data-id=\"8967\">Flexibilidade<\/a><\/strong><\/strong><\/strong><\/strong><\/strong><\/strong><\/strong><\/strong><\/strong><\/strong><\/strong><\/h4>\n\n\n\n<p>-\u00a0<strong>Tinta que brilha no escuro<\/strong>\u00a0para promo\u00e7\u00f5es em discotecas<br>-\u00a0<strong>Cup\u00f5es perfurados para rasgar<\/strong>\u00a0nos lados do saco<br><\/p>\n\n\n\n<figure class=\"wp-block-image size-full is-resized\"><img fetchpriority=\"high\" width=\"1530\" height=\"725\" src=\"https:\/\/avecobaggie.com\/wp-content\/uploads\/2025\/04\/Accessories-for-Non-woven-bag.jpg\" alt=\"Acess\u00f3rios para saco n\u00e3o tecido\" class=\"wp-image-9551\" style=\"width:1180px\" srcset=\"https:\/\/avecobaggie.com\/wp-content\/uploads\/2025\/04\/Accessories-for-Non-woven-bag.jpg 1530w, https:\/\/avecobaggie.com\/wp-content\/uploads\/2025\/04\/Accessories-for-Non-woven-bag-300x142.jpg 300w, https:\/\/avecobaggie.com\/wp-content\/uploads\/2025\/04\/Accessories-for-Non-woven-bag-1024x485.jpg 1024w, https:\/\/avecobaggie.com\/wp-content\/uploads\/2025\/04\/Accessories-for-Non-woven-bag-768x364.jpg 768w, https:\/\/avecobaggie.com\/wp-content\/uploads\/2025\/04\/Accessories-for-Non-woven-bag-600x284.jpg 600w\" sizes=\"(max-width: 1530px) 100vw, 1530px\" \/><\/figure>\n\n\n\n<figure class=\"wp-block-image size-full is-resized\"><img width=\"790\" height=\"871\" src=\"https:\/\/avecobaggie.com\/wp-content\/uploads\/2025\/04\/Accessories-for-Non-woven-bag-2.jpg\" alt=\"Acess\u00f3rios para saco n\u00e3o tecido\" class=\"wp-image-9552\" style=\"width:1180px\" srcset=\"https:\/\/avecobaggie.com\/wp-content\/uploads\/2025\/04\/Accessories-for-Non-woven-bag-2.jpg 790w, https:\/\/avecobaggie.com\/wp-content\/uploads\/2025\/04\/Accessories-for-Non-woven-bag-2-272x300.jpg 272w, https:\/\/avecobaggie.com\/wp-content\/uploads\/2025\/04\/Accessories-for-Non-woven-bag-2-768x847.jpg 768w, https:\/\/avecobaggie.com\/wp-content\/uploads\/2025\/04\/Accessories-for-Non-woven-bag-2-600x662.jpg 600w\" sizes=\"(max-width: 790px) 100vw, 790px\" \/><\/figure>\n\n\n\n<p><\/p>","protected":false},"excerpt":{"rendered":"<p>Leve | Pega recortada | Resistente a rasg\u00f5es | Selado a quente | Reutiliz\u00e1vel\u00a0<\/p>","protected":false},"featured_media":9627,"comment_status":"open","ping_status":"closed","template":"","meta":{"_seopress_robots_primary_cat":"none","_seopress_titles_title":"Custom Laser-Cut Tote Bags | 5 Sizes | Bulk Advertising","_seopress_titles_desc":"Cost-effective laser-cut non-woven totes (25-50cm). Heat-sealed edges, 360\u00b0 printable surface. MOQ 2000 for trade shows\/street promotions.","_seopress_robots_index":""},"product_brand":[185],"product_cat":[105],"product_tag":[139],"class_list":{"0":"post-9625","1":"product","2":"type-product","3":"status-publish","4":"has-post-thumbnail","6":"product_brand-avecobaggie","7":"product_cat-non-woven-bag","8":"product_tag-non-woven-bag","10":"first","11":"instock","12":"taxable","13":"shipping-taxable","14":"product-type-simple"},"_links":{"self":[{"href":"https:\/\/avecobaggie.com\/pt\/wp-json\/wp\/v2\/product\/9625","targetHints":{"allow":["GET"]}}],"collection":[{"href":"https:\/\/avecobaggie.com\/pt\/wp-json\/wp\/v2\/product"}],"about":[{"href":"https:\/\/avecobaggie.com\/pt\/wp-json\/wp\/v2\/types\/product"}],"replies":[{"embeddable":true,"href":"https:\/\/avecobaggie.com\/pt\/wp-json\/wp\/v2\/comments?post=9625"}],"wp:featuredmedia":[{"embeddable":true,"href":"https:\/\/avecobaggie.com\/pt\/wp-json\/wp\/v2\/media\/9627"}],"wp:attachment":[{"href":"https:\/\/avecobaggie.com\/pt\/wp-json\/wp\/v2\/media?parent=9625"}],"wp:term":[{"taxonomy":"product_brand","embeddable":true,"href":"https:\/\/avecobaggie.com\/pt\/wp-json\/wp\/v2\/product_brand?post=9625"},{"taxonomy":"product_cat","embeddable":true,"href":"https:\/\/avecobaggie.com\/pt\/wp-json\/wp\/v2\/product_cat?post=9625"},{"taxonomy":"product_tag","embeddable":true,"href":"https:\/\/avecobaggie.com\/pt\/wp-json\/wp\/v2\/product_tag?post=9625"}],"curies":[{"name":"wp","href":"https:\/\/api.w.org\/{rel}","templated":true}]}}