{"id":9658,"date":"2025-04-14T13:50:49","date_gmt":"2025-04-14T05:50:49","guid":{"rendered":"https:\/\/avecobaggie.com\/?post_type=product&#038;p=9658"},"modified":"2025-04-23T21:44:46","modified_gmt":"2025-04-23T13:44:46","slug":"custom-printed-reusable-t-shirt-thank-you-bag","status":"publish","type":"product","link":"https:\/\/avecobaggie.com\/pt\/produto\/custom-printed-reusable-t-shirt-thank-you-bag\/","title":{"rendered":"Saco de agradecimento para t-shirt reutiliz\u00e1vel com impress\u00e3o personalizada"},"content":{"rendered":"<h2 class=\"wp-block-heading has-text-align-center\">Carater\u00edsticas do produto<\/h2>\n\n\n\n<p><strong>Constru\u00e7\u00e3o de n\u00edvel comercial<\/strong><br> &nbsp;<strong>Prensagem t\u00e9rmica industrial<\/strong>&nbsp;- Os bordos sem costuras suportam um peso din\u00e2mico superior a 10 kg.<br> &nbsp;<strong>Refor\u00e7os refor\u00e7ados<\/strong>&nbsp;- A profundidade de 12-18 cm evita que o saco descaia com objectos pesados.<\/p>\n\n\n\n<p><strong>Tela de marca vibrante<\/strong><br> &nbsp;<strong>9 cores de assinatura<\/strong>&nbsp;- Do verde esmeralda ao laranja el\u00e9trico (compat\u00edvel com Pantone).<br> &nbsp;<strong>Impress\u00e3o em pel\u00edcula completa<\/strong>&nbsp;- Gr\u00e1ficos CMYK em ambos os lados + al\u00e7as de m\u00e3o.<\/p>\n\n\n\n<p><strong>Matriz de dimens\u00f5es de precis\u00e3o<\/strong><br> &nbsp;<strong>Compacto (25x45x12cm)<\/strong>&nbsp;- Corridas de supermercado\/folhetos promocionais.<br> &nbsp;<strong>Grande (35x60x16cm)<\/strong>&nbsp;- Toalhas de praia\/pequenos electrodom\u00e9sticos.<br> &nbsp;<strong>Jumbo (40x65x18cm)<\/strong>&nbsp;- Transporte de artigos a granel em armaz\u00e9m.<\/p>\n\n\n\n<p><strong>Valor centrado no B2B<\/strong><br> \u00a0<strong>MOQ 2000pcs<\/strong>\u00a0- Misturar tamanhos\/cores (por exemplo, 500 unidades x 4 desenhos).<br> \u00a0<strong>Produ\u00e7\u00e3o de 25 dias<\/strong>\u00a0- Programa\u00e7\u00e3o priorit\u00e1ria dos prazos das feiras.<\/p>\n\n\n\n<p><strong> Amostras personalizadas<\/strong>\u00a0- Testar tecidos de 80\/100\/120 grs.<\/p>\n\n\n\n<hr class=\"wp-block-separator has-alpha-channel-opacity\"\/>\n\n\n\n<h4 class=\"wp-block-heading has-text-align-center\"><strong><strong><strong><strong><strong><strong><strong><strong><a href=\"https:\/\/avecobaggie.com\/pt\/custom-washable-paper-bag-manufactuer\/\" data-type=\"page\" data-id=\"8845\"><strong><strong><strong>Personaliza\u00e7\u00e3o <\/strong><\/strong><\/strong><\/a><strong><strong><strong><a href=\"https:\/\/avecobaggie.com\/pt\/customize-non-woven-bag-manufacturer\/\" data-type=\"page\" data-id=\"8967\">Flexibilidade<\/a><\/strong><\/strong><\/strong><\/strong><\/strong><\/strong><\/strong><\/strong><\/strong><\/strong><\/strong><\/h4>\n\n\n\n<p><\/p>\n\n\n\n<figure class=\"wp-block-image size-full is-resized\"><img fetchpriority=\"high\" width=\"1530\" height=\"725\" src=\"https:\/\/avecobaggie.com\/wp-content\/uploads\/2025\/04\/Accessories-for-Non-woven-bag.jpg\" alt=\"Acess\u00f3rios para saco n\u00e3o tecido\" class=\"wp-image-9551\" style=\"width:1180px\" srcset=\"https:\/\/avecobaggie.com\/wp-content\/uploads\/2025\/04\/Accessories-for-Non-woven-bag.jpg 1530w, https:\/\/avecobaggie.com\/wp-content\/uploads\/2025\/04\/Accessories-for-Non-woven-bag-300x142.jpg 300w, https:\/\/avecobaggie.com\/wp-content\/uploads\/2025\/04\/Accessories-for-Non-woven-bag-1024x485.jpg 1024w, https:\/\/avecobaggie.com\/wp-content\/uploads\/2025\/04\/Accessories-for-Non-woven-bag-768x364.jpg 768w, https:\/\/avecobaggie.com\/wp-content\/uploads\/2025\/04\/Accessories-for-Non-woven-bag-600x284.jpg 600w\" sizes=\"(max-width: 1530px) 100vw, 1530px\" \/><\/figure>\n\n\n\n<figure class=\"wp-block-image size-full is-resized\"><img width=\"790\" height=\"871\" src=\"https:\/\/avecobaggie.com\/wp-content\/uploads\/2025\/04\/Accessories-for-Non-woven-bag-2.jpg\" alt=\"Acess\u00f3rios para saco n\u00e3o tecido\" class=\"wp-image-9552\" style=\"width:1180px\" srcset=\"https:\/\/avecobaggie.com\/wp-content\/uploads\/2025\/04\/Accessories-for-Non-woven-bag-2.jpg 790w, https:\/\/avecobaggie.com\/wp-content\/uploads\/2025\/04\/Accessories-for-Non-woven-bag-2-272x300.jpg 272w, https:\/\/avecobaggie.com\/wp-content\/uploads\/2025\/04\/Accessories-for-Non-woven-bag-2-768x847.jpg 768w, https:\/\/avecobaggie.com\/wp-content\/uploads\/2025\/04\/Accessories-for-Non-woven-bag-2-600x662.jpg 600w\" sizes=\"(max-width: 790px) 100vw, 790px\" \/><\/figure>\n\n\n\n<p><\/p>","protected":false},"excerpt":{"rendered":"<p>Cores multi-vibrantes | Peso leve | Reutiliz\u00e1vel<\/p>","protected":false},"featured_media":9659,"comment_status":"open","ping_status":"closed","template":"","meta":{"_seopress_robots_primary_cat":"none","_seopress_titles_title":"Custom Printed Reusable T shirt Thank you Bag | Bulk Orders","_seopress_titles_desc":"Durable heat-sealed T shirt thank you bag in 4 sizes (25-65cm) & 9 colors. Custom prints, thickness & handles. MOQ 2000 for shopping\/ads\/gifts.","_seopress_robots_index":""},"product_brand":[185],"product_cat":[105],"product_tag":[139],"class_list":{"0":"post-9658","1":"product","2":"type-product","3":"status-publish","4":"has-post-thumbnail","6":"product_brand-avecobaggie","7":"product_cat-non-woven-bag","8":"product_tag-non-woven-bag","10":"first","11":"instock","12":"taxable","13":"shipping-taxable","14":"product-type-simple"},"_links":{"self":[{"href":"https:\/\/avecobaggie.com\/pt\/wp-json\/wp\/v2\/product\/9658","targetHints":{"allow":["GET"]}}],"collection":[{"href":"https:\/\/avecobaggie.com\/pt\/wp-json\/wp\/v2\/product"}],"about":[{"href":"https:\/\/avecobaggie.com\/pt\/wp-json\/wp\/v2\/types\/product"}],"replies":[{"embeddable":true,"href":"https:\/\/avecobaggie.com\/pt\/wp-json\/wp\/v2\/comments?post=9658"}],"wp:featuredmedia":[{"embeddable":true,"href":"https:\/\/avecobaggie.com\/pt\/wp-json\/wp\/v2\/media\/9659"}],"wp:attachment":[{"href":"https:\/\/avecobaggie.com\/pt\/wp-json\/wp\/v2\/media?parent=9658"}],"wp:term":[{"taxonomy":"product_brand","embeddable":true,"href":"https:\/\/avecobaggie.com\/pt\/wp-json\/wp\/v2\/product_brand?post=9658"},{"taxonomy":"product_cat","embeddable":true,"href":"https:\/\/avecobaggie.com\/pt\/wp-json\/wp\/v2\/product_cat?post=9658"},{"taxonomy":"product_tag","embeddable":true,"href":"https:\/\/avecobaggie.com\/pt\/wp-json\/wp\/v2\/product_tag?post=9658"}],"curies":[{"name":"wp","href":"https:\/\/api.w.org\/{rel}","templated":true}]}}