{"id":998,"date":"2021-02-09T16:54:12","date_gmt":"2021-02-09T08:54:12","guid":{"rendered":"https:\/\/avecobaggie.com\/?post_type=product&#038;p=998"},"modified":"2021-03-30T11:21:34","modified_gmt":"2021-03-30T03:21:34","slug":"cheap-drawstring-backpack-bag","status":"publish","type":"product","link":"https:\/\/avecobaggie.com\/pt\/produto\/cheap-drawstring-backpack-bag\/","title":{"rendered":"Saco de mochila com cord\u00e3o barato"},"content":{"rendered":"<p>A Aveco fornece principalmente sacos ecol\u00f3gicos personalizados com um servi\u00e7o de solu\u00e7\u00e3o de balc\u00e3o \u00fanico. Os nossos sacos s\u00e3o dur\u00e1veis, de alta qualidade e acess\u00edveis para satisfazer diferentes objectivos. Todos os materiais que utilizamos s\u00e3o amigos do ambiente, incluindo algod\u00e3o, lona, linho, juta, feltro, etc. Se pretende fabricar sacos com a sua marca privada ou para eventos promocionais, podemos satisfazer as suas necessidades a granel com um MOQ bastante baixo e entrega r\u00e1pida.<\/p>\n<p>CARACTER\u00cdSTICAS DO PRODUTO<\/p>\n<ul>\n<li><strong>Estilo do saco<\/strong>: Drawstring backpack Bag<\/li>\n<li><strong>Tipo de material<\/strong>: Demin<\/li>\n<li><strong>Material Peso<\/strong>: 220gram<\/li>\n<li><strong>Cor do material<\/strong>: dark blue<\/li>\n<li><strong>Tamanho do saco<\/strong>: 42X35cm\uff08 list with popular size, we accept customized size bag \uff09<\/li>\n<li><strong>\u00c1rea de impress\u00e3o<\/strong>: 1 cor | 2 cores | mais cores| Impress\u00e3o completa, impress\u00e3o de um lado ou dois lados<\/li>\n<li><strong>Encerramento<\/strong>: Cord\u00e3o<\/li>\n<li><strong>Instru\u00e7\u00f5es de manuten\u00e7\u00e3o<\/strong>: Recomenda-se a lavagem \u00e0 m\u00e3o, a lavagem \u00e0 m\u00e1quina tamb\u00e9m \u00e9 aceit\u00e1vel, pendurar a secar.<\/li>\n<\/ul>\n<p><span class=\"a-list-item\">\u00a0 \u00a0 \u00a0 \u00a0Multi-purpose Bag: Can be used for gym, sport, swimming, cycling, yoga, dance, travel, carry-on, luggage, camping, hiking, team work, training and more! A fabulous gift idea for everyone.<\/span><\/p>","protected":false},"excerpt":{"rendered":"<p>Eco friendly denim drawstring backpack is light weight, easy to carry outside and good for sports events such as marathon, with sponsor logo ,which can expand your brand\u3002<\/p>","protected":false},"featured_media":1014,"comment_status":"closed","ping_status":"closed","template":"","meta":{"_seopress_robots_primary_cat":"none","_seopress_titles_title":"","_seopress_titles_desc":"","_seopress_robots_index":""},"product_brand":[],"product_cat":[98,103,112,110],"product_tag":[129,128],"class_list":{"0":"post-998","1":"product","2":"type-product","3":"status-publish","4":"has-post-thumbnail","6":"product_cat-backpack-bag","7":"product_cat-other-fabric-bag","8":"product_cat-sports","9":"product_cat-travel","10":"product_tag-demin-bag","11":"product_tag-gym-sack","13":"first","14":"instock","15":"taxable","16":"shipping-taxable","17":"product-type-simple"},"_links":{"self":[{"href":"https:\/\/avecobaggie.com\/pt\/wp-json\/wp\/v2\/product\/998","targetHints":{"allow":["GET"]}}],"collection":[{"href":"https:\/\/avecobaggie.com\/pt\/wp-json\/wp\/v2\/product"}],"about":[{"href":"https:\/\/avecobaggie.com\/pt\/wp-json\/wp\/v2\/types\/product"}],"replies":[{"embeddable":true,"href":"https:\/\/avecobaggie.com\/pt\/wp-json\/wp\/v2\/comments?post=998"}],"wp:featuredmedia":[{"embeddable":true,"href":"https:\/\/avecobaggie.com\/pt\/wp-json\/wp\/v2\/media\/1014"}],"wp:attachment":[{"href":"https:\/\/avecobaggie.com\/pt\/wp-json\/wp\/v2\/media?parent=998"}],"wp:term":[{"taxonomy":"product_brand","embeddable":true,"href":"https:\/\/avecobaggie.com\/pt\/wp-json\/wp\/v2\/product_brand?post=998"},{"taxonomy":"product_cat","embeddable":true,"href":"https:\/\/avecobaggie.com\/pt\/wp-json\/wp\/v2\/product_cat?post=998"},{"taxonomy":"product_tag","embeddable":true,"href":"https:\/\/avecobaggie.com\/pt\/wp-json\/wp\/v2\/product_tag?post=998"}],"curies":[{"name":"wp","href":"https:\/\/api.w.org\/{rel}","templated":true}]}}